{"id":9065,"date":"2016-08-02T14:30:05","date_gmt":"2016-08-02T12:30:05","guid":{"rendered":"https:\/\/www.le-vpn.com\/fr\/?page_id=9065"},"modified":"2020-07-16T18:35:43","modified_gmt":"2020-07-16T16:35:43","slug":"vpn-via-l2tp-ipsec-windows-phone","status":"publish","type":"page","link":"https:\/\/www.le-vpn.com\/fr\/vpn-via-l2tp-ipsec-windows-phone\/","title":{"rendered":"Le VPN via L2TP \/ IPsec sur Windows Phone"},"content":{"rendered":"<div class=\"wpb-content-wrapper\"><p>[vc_row][vc_column][vc_column_text]1) Allez dans<strong> &#8220;Param\u00e8tres&#8221;<\/strong><\/p>\n<p><img decoding=\"async\" class=\"size-full wp-image-10093 alignnone\" src=\"https:\/\/www.le-vpn.com\/wp-content\/uploads\/2016\/07\/settings.png\" alt=\"settings\" \/><br \/>\n2)\u00a0S\u00e9lectionnez <strong>&#8220;VPN&#8221;<\/strong><\/p>\n<p><img decoding=\"async\" class=\"size-full wp-image-10094 alignnone\" src=\"https:\/\/www.le-vpn.com\/wp-content\/uploads\/2016\/07\/VPN.png\" alt=\"VPN\" \/><br \/>\n3) Cliquez sur <strong>&#8220;+&#8221;<\/strong> pour ajouter une connexion VPN<br \/>\n<img decoding=\"async\" class=\"size-full wp-image-10095 alignnone\" src=\"https:\/\/www.le-vpn.com\/wp-content\/uploads\/2016\/07\/add-vpn.png\" alt=\"add-vpn\" \/><\/p>\n<p>4)\u00a0Remplissez les champs correspondant comme suit :<\/p>\n<p><strong>Nom du profil : Le VPN France (vous pouvez donner le nom de votre choix \u00e0 cette connexion)<\/strong><\/p>\n<p><strong>Adresse ou nom du serveur IP : fr.le-vpn.com<\/strong> (vous pouvez utiliser un serveur de cette liste: <a href=\"https:\/\/www.le-vpn.com\/clients\/knowledgebase.php?action=displayarticle&amp;id=240&amp;language=french\">https:\/\/www.le-vpn.com\/clients\/knowledgebase.php?action=displayarticle&amp;id=240&amp;language=french<\/a> )<\/p>\n<p><strong>Type : L2TP avec IPSec<\/strong><\/p>\n<p><strong>Connectez-vous en utilisant : &#8220;nom d&#8217;utilisateur + mot de passe + cl\u00e9 pr\u00e9-partag\u00e9e&#8221;<\/strong><\/p>\n<p><strong>Nom d&#8217;utilisateur : votre nom d&#8217;utilisateur Le VPN<\/strong><\/p>\n<p><strong>Mot de passe : votre mot de passe Le VPN<\/strong><\/p>\n<p><strong>Cl\u00e9 pr\u00e9-partag\u00e9e : &#8220;levpnsecret&#8221;<\/strong><\/p>\n<p><img decoding=\"async\" class=\"size-full wp-image-10096 alignnone\" src=\"https:\/\/www.le-vpn.com\/wp-content\/uploads\/2016\/07\/add-profile.png\" alt=\"add-profile\" \/><br \/>\nCliquez sur <strong>&#8220;Enregistrer&#8221;<\/strong><\/p>\n<p>5) Cliquez sur <strong>&#8220;Le VPN France&#8221;<\/strong> pour vous connecter \u00e0 Le VPN<\/p>\n<p>6) Une fois le statut chang\u00e9 en <strong>&#8220;en marche&#8221;<\/strong>, votre connexion est \u00e9tablie<\/p>\n<p><img decoding=\"async\" class=\"size-full wp-image-10097 alignnone\" src=\"https:\/\/www.le-vpn.com\/wp-content\/uploads\/2016\/07\/vpn-on.png\" alt=\"vpn-on\" \/><\/p>\n<p>7) Allez dans la page<a href=\"https:\/\/www.le-vpn.com\/fr\/tester-votre-adresse-ip\/\"> &#8220;Testez votre IP&#8221;<\/a> pour trouver votre nouvelle adresse IP.<\/p>\n<p>Si votre adresse IP a chang\u00e9 \u2013 alors vous avez activ\u00e9 Le VPN avec succ\u00e8s.[\/vc_column_text][\/vc_column][\/vc_row][vc_row][vc_column]<div class=\"templatera_shortcode\"><div class=\"vc_row wpb_row vc_row-fluid vc_custom_1501855332484 mpc-row\"><div class=\"wpb_column vc_column_container vc_col-sm-12 mpc-column\" data-column-id=\"mpc_column-96a097c9ce1827\"><div class=\"vc_column-inner\"><div class=\"wpb_wrapper\"><div data-id=\"mpc_callout-526a097c9ce1702\" class=\"mpc-callout mpc-init mpc-callout--style_1 \"><div class=\"mpc-callout__icon-wrap mpc-icon--image\"><div class=\"mpc-callout__icon\"><i class=\"mpc-transition \"><img decoding=\"async\" class=\"\" src=\"https:\/\/www.le-vpn.com\/fr\/wp-content\/uploads\/2024\/09\/shield-96x96.png\" width=\"96\" height=\"96\" alt=\"shield\" title=\"shield\" loading=\"lazy\"><\/i><\/div><\/div><div class=\"mpc-callout__content\"><h3 class=\"mpc-callout__heading mpc-typography--preset_2\">Vous n'avez pas encore de compte? Abonnez-vous aujourd&rsquo;hui!<\/h3><\/div><div class=\"mpc-callout__button\"><a href=\"https:\/\/www.le-vpn.com\/clients\/cart.php?a=add&amp;pid=10&amp;billingcycle=annually&amp;language=French&amp;currency=1&amp;skipconfig=1&amp;cc=1\" title=\"\" data-id=\"mpc_button-336a097c9ce175a\" class=\"mpc-button mpc-init mpc-transition mpc-typography--preset_2 \"><div class=\"mpc-button__content mpc-effect-type--none mpc-effect-side--none\"><span class=\"mpc-button__title mpc-transition\">S'abonner<\/span><\/div><div class=\"mpc-button__background mpc-transition mpc-effect-type--expand mpc-effect-side--diagonal_left\"><\/div><\/a><\/div><\/div><\/div><\/div><\/div><\/div><\/div>[\/vc_column][\/vc_row][vc_row][vc_column]<div class=\"templatera_shortcode\"><div class=\"vc_row wpb_row vc_row-fluid vc_custom_1622800184597 mpc-row\"><div class=\"wpb_column vc_column_container vc_col-sm-12 mpc-column\" data-column-id=\"mpc_column-596a097c9cf35c3\"><div class=\"vc_column-inner\"><div class=\"wpb_wrapper\"><h2 style=\"text-align: center;font-family:Oswald;font-weight:300;font-style:normal\" class=\"vc_custom_heading vc_do_custom_heading vc_custom_1501854745859\">Installation sur d'autres appareils<\/h2><div data-id=\"mpc_divider-546a097c9ce270c\" class=\"mpc-divider-wrap\"><div class=\"mpc-divider mpc-init mpc-align--center mpc-disable--left \"><div class=\"mpc-divider__line mpc-side--left\"><span><\/span><\/div><div class=\"mpc-divider__line mpc-side--right\"><span><\/span><\/div><\/div><\/div><div class=\"vc_row wpb_row vc_inner vc_row-fluid vc_custom_1501854691099 mpc-row\"><div class=\"wpb_column vc_column_container vc_col-sm-3 mpc-column\" data-column-id=\"mpc_column-816a097c9ce4ae0\"><div class=\"vc_column-inner vc_custom_1622800041064\"><div class=\"wpb_wrapper\"><div data-id=\"mpc_callout-916a097c9ce49f1\" class=\"mpc-callout mpc-init mpc-callout--style_3 \"><div class=\"mpc-callout__icon-wrap mpc-icon--image\"><div class=\"mpc-callout__icon\"><i class=\"mpc-transition \"><img decoding=\"async\" width=\"42\" height=\"39\" src=\"https:\/\/www.le-vpn.com\/fr\/wp-content\/uploads\/2013\/08\/win-logo.png\" class=\"attachment-thumbnail\" alt=\"Le VPN sur Windows\" title=\"Le VPN sur Windows\"><\/i><\/div><\/div><div class=\"mpc-callout__content\"><\/div><div class=\"mpc-callout__button\"><a href=\"https:\/\/www.le-vpn.com\/fr\/le-vpn-sur-windows\/\" title=\"\" data-id=\"mpc_button-966a097c9ce4a3c\" class=\"mpc-button mpc-init mpc-transition mpc-typography--preset_2 \"><div class=\"mpc-button__content mpc-effect-type--none mpc-effect-side--none\"><span class=\"mpc-button__title mpc-transition\">Windows<\/span><\/div><div class=\"mpc-button__background mpc-transition mpc-effect-type--slide mpc-effect-side--bottom\"><\/div><\/a><\/div><\/div><\/div><\/div><\/div><div class=\"wpb_column vc_column_container vc_col-sm-3 mpc-column\" data-column-id=\"mpc_column-866a097c9ce672f\"><div class=\"vc_column-inner vc_custom_1622800045253\"><div class=\"wpb_wrapper\"><div data-id=\"mpc_callout-856a097c9ce6654\" class=\"mpc-callout mpc-init mpc-callout--style_3 \"><div class=\"mpc-callout__icon-wrap mpc-icon--image\"><div class=\"mpc-callout__icon\"><i class=\"mpc-transition \"><img decoding=\"async\" width=\"44\" height=\"44\" src=\"https:\/\/www.le-vpn.com\/fr\/wp-content\/uploads\/2013\/08\/macOS-logo.png\" class=\"attachment-thumbnail\" alt=\"Le VPN sur macOS\" title=\"Le VPN sur macOS\"><\/i><\/div><\/div><div class=\"mpc-callout__content\"><\/div><div class=\"mpc-callout__button\"><a href=\"https:\/\/www.le-vpn.com\/fr\/le-vpn-sur-mac-os-x\/\" title=\"\" data-id=\"mpc_button-666a097c9ce6694\" class=\"mpc-button mpc-init mpc-transition mpc-typography--preset_2 \"><div class=\"mpc-button__content mpc-effect-type--none mpc-effect-side--none\"><span class=\"mpc-button__title mpc-transition\">macOS<\/span><\/div><div class=\"mpc-button__background mpc-transition mpc-effect-type--slide mpc-effect-side--bottom\"><\/div><\/a><\/div><\/div><\/div><\/div><\/div><div class=\"wpb_column vc_column_container vc_col-sm-3 mpc-column\" data-column-id=\"mpc_column-126a097c9ce8973\"><div class=\"vc_column-inner vc_custom_1622800049451\"><div class=\"wpb_wrapper\"><div data-id=\"mpc_callout-106a097c9ce8814\" class=\"mpc-callout mpc-init mpc-callout--style_3 \"><div class=\"mpc-callout__icon-wrap mpc-icon--image\"><div class=\"mpc-callout__icon\"><i class=\"mpc-transition \"><img decoding=\"async\" width=\"34\" height=\"44\" src=\"https:\/\/www.le-vpn.com\/fr\/wp-content\/uploads\/2013\/08\/pad1-1.png\" class=\"attachment-thumbnail\" alt=\"Le VPN sur iOS\" title=\"Le VPN sur iOS\"><\/i><\/div><\/div><div class=\"mpc-callout__content\"><\/div><div class=\"mpc-callout__button\"><a href=\"https:\/\/www.le-vpn.com\/fr\/installation-l2tp-sur-iphone-ipad-ipod\/\" title=\"\" data-id=\"mpc_button-196a097c9ce887d\" class=\"mpc-button mpc-init mpc-transition mpc-typography--preset_2 \"><div class=\"mpc-button__content mpc-effect-type--none mpc-effect-side--none\"><span class=\"mpc-button__title mpc-transition\">iPhone, iPad &amp; iPod<\/span><\/div><div class=\"mpc-button__background mpc-transition mpc-effect-type--slide mpc-effect-side--bottom\"><\/div><\/a><\/div><\/div><\/div><\/div><\/div><div class=\"wpb_column vc_column_container vc_col-sm-3 mpc-column\" data-column-id=\"mpc_column-346a097c9cead6a\"><div class=\"vc_column-inner\"><div class=\"wpb_wrapper\"><div data-id=\"mpc_callout-746a097c9ceac3f\" class=\"mpc-callout mpc-init mpc-callout--style_3 \"><div class=\"mpc-callout__icon-wrap mpc-icon--image\"><div class=\"mpc-callout__icon\"><i class=\"mpc-transition \"><img decoding=\"async\" width=\"44\" height=\"44\" src=\"https:\/\/www.le-vpn.com\/fr\/wp-content\/uploads\/2013\/08\/an1-1.png\" class=\"attachment-thumbnail\" alt=\"Le VPN sur Android\" title=\"Le VPN sur Android\"><\/i><\/div><\/div><div class=\"mpc-callout__content\"><\/div><div class=\"mpc-callout__button\"><a href=\"https:\/\/www.le-vpn.com\/fr\/installation-l2tp-sur-android\/\" title=\"\" data-id=\"mpc_button-826a097c9ceac9a\" class=\"mpc-button mpc-init mpc-transition mpc-typography--preset_2 \"><div class=\"mpc-button__content mpc-effect-type--none mpc-effect-side--none\"><span class=\"mpc-button__title mpc-transition\">Android<\/span><\/div><div class=\"mpc-button__background mpc-transition mpc-effect-type--slide mpc-effect-side--bottom\"><\/div><\/a><\/div><\/div><\/div><\/div><\/div><\/div><div class=\"vc_row wpb_row vc_inner vc_row-fluid mpc-row\"><div class=\"wpb_column vc_column_container vc_col-sm-3 mpc-column\" data-column-id=\"mpc_column-16a097c9ced120\"><div class=\"vc_column-inner vc_custom_1622800063379\"><div class=\"wpb_wrapper\"><div data-id=\"mpc_callout-736a097c9ced04e\" class=\"mpc-callout mpc-init mpc-callout--style_3 \"><div class=\"mpc-callout__icon-wrap mpc-icon--image\"><div class=\"mpc-callout__icon\"><i class=\"mpc-transition \"><img decoding=\"async\" width=\"34\" height=\"44\" src=\"https:\/\/www.le-vpn.com\/fr\/wp-content\/uploads\/2013\/08\/windows-phone-logo.png\" class=\"attachment-thumbnail\" alt=\"Le VPN sur Windows Phone\" title=\"Le VPN sur Windows Phone\"><\/i><\/div><\/div><div class=\"mpc-callout__content\"><\/div><div class=\"mpc-callout__button\"><a href=\"https:\/\/www.le-vpn.com\/fr\/vpn-via-l2tp-ipsec-windows-phone\/\" title=\"\" data-id=\"mpc_button-826a097c9ced08f\" class=\"mpc-button mpc-init mpc-transition mpc-typography--preset_2 \"><div class=\"mpc-button__content mpc-effect-type--none mpc-effect-side--none\"><span class=\"mpc-button__title mpc-transition\">Windows Phone<\/span><\/div><div class=\"mpc-button__background mpc-transition mpc-effect-type--slide mpc-effect-side--bottom\"><\/div><\/a><\/div><\/div><\/div><\/div><\/div><div class=\"wpb_column vc_column_container vc_col-sm-3 mpc-column\" data-column-id=\"mpc_column-756a097c9ceefb0\"><div class=\"vc_column-inner vc_custom_1622800067755\"><div class=\"wpb_wrapper\"><div data-id=\"mpc_callout-596a097c9ceeecc\" class=\"mpc-callout mpc-init mpc-callout--style_3 \"><div class=\"mpc-callout__icon-wrap mpc-icon--image\"><div class=\"mpc-callout__icon\"><i class=\"mpc-transition \"><img decoding=\"async\" width=\"42\" height=\"39\" src=\"https:\/\/www.le-vpn.com\/fr\/wp-content\/uploads\/2013\/08\/chromebook-logo.png\" class=\"attachment-thumbnail\" alt=\"Le VPN sur Chromebook\" title=\"Le VPN sur Chromebook\"><\/i><\/div><\/div><div class=\"mpc-callout__content\"><\/div><div class=\"mpc-callout__button\"><a href=\"https:\/\/www.le-vpn.com\/fr\/vpn-via-l2tp-ipsec-chromebook\/\" title=\"\" data-id=\"mpc_button-716a097c9ceef1b\" class=\"mpc-button mpc-init mpc-transition mpc-typography--preset_2 \"><div class=\"mpc-button__content mpc-effect-type--none mpc-effect-side--none\"><span class=\"mpc-button__title mpc-transition\">Chromebook<\/span><\/div><div class=\"mpc-button__background mpc-transition mpc-effect-type--slide mpc-effect-side--bottom\"><\/div><\/a><\/div><\/div><\/div><\/div><\/div><div class=\"wpb_column vc_column_container vc_col-sm-3 mpc-column\" data-column-id=\"mpc_column-466a097c9cf1061\"><div class=\"vc_column-inner vc_custom_1622800071943\"><div class=\"wpb_wrapper\"><div data-id=\"mpc_callout-766a097c9cf0f71\" class=\"mpc-callout mpc-init mpc-callout--style_3 \"><div class=\"mpc-callout__icon-wrap mpc-icon--image\"><div class=\"mpc-callout__icon\"><i class=\"mpc-transition \"><img decoding=\"async\" width=\"60\" height=\"39\" src=\"https:\/\/www.le-vpn.com\/fr\/wp-content\/uploads\/2013\/08\/DD-WRT-logo-1.png\" class=\"attachment-thumbnail\" alt=\"Le VPN sur routeurs DD-WRT\" title=\"Le VPN sur routeurs DD-WRT\"><\/i><\/div><\/div><div class=\"mpc-callout__content\"><\/div><div class=\"mpc-callout__button\"><a href=\"https:\/\/www.le-vpn.com\/fr\/installation-openvpn-routeur-dd-wrt\/\" title=\"\" data-id=\"mpc_button-216a097c9cf0fc7\" class=\"mpc-button mpc-init mpc-transition mpc-typography--preset_2 \"><div class=\"mpc-button__content mpc-effect-type--none mpc-effect-side--none\"><span class=\"mpc-button__title mpc-transition\">Routeurs DD-WRT<\/span><\/div><div class=\"mpc-button__background mpc-transition mpc-effect-type--slide mpc-effect-side--bottom\"><\/div><\/a><\/div><\/div><\/div><\/div><\/div><div class=\"wpb_column vc_column_container vc_col-sm-3 mpc-column\" data-column-id=\"mpc_column-736a097c9cf30ea\"><div class=\"vc_column-inner\"><div class=\"wpb_wrapper\"><div data-id=\"mpc_callout-696a097c9cf300c\" class=\"mpc-callout mpc-init mpc-callout--style_3 \"><div class=\"mpc-callout__icon-wrap mpc-icon--image\"><div class=\"mpc-callout__icon\"><i class=\"mpc-transition \"><img decoding=\"async\" width=\"37\" height=\"44\" src=\"https:\/\/www.le-vpn.com\/fr\/wp-content\/uploads\/2013\/08\/lin1-1.png\" class=\"attachment-thumbnail\" alt=\"Le VPN sur Linux\" title=\"Le VPN sur Linux\"><\/i><\/div><\/div><div class=\"mpc-callout__content\"><\/div><div class=\"mpc-callout__button\"><a href=\"https:\/\/www.le-vpn.com\/fr\/installation-ubuntu-openvpn\/\" title=\"\" data-id=\"mpc_button-226a097c9cf304e\" class=\"mpc-button mpc-init mpc-transition mpc-typography--preset_2 \"><div class=\"mpc-button__content mpc-effect-type--none mpc-effect-side--none\"><span class=\"mpc-button__title mpc-transition\">Linux<\/span><\/div><div class=\"mpc-button__background mpc-transition mpc-effect-type--slide mpc-effect-side--bottom\"><\/div><\/a><\/div><\/div><\/div><\/div><\/div><\/div><\/div><\/div><\/div><\/div><\/div>[\/vc_column][\/vc_row]<\/p>\n[vc_row][vc_column]<div class=\"templatera_shortcode\"><div class=\"vc_row wpb_row vc_row-fluid mpc-row\"><div class=\"wpb_column vc_column_container vc_col-sm-12 mpc-column\" data-column-id=\"mpc_column-866a097c9d01e5a\"><div class=\"vc_column-inner\"><div class=\"wpb_wrapper\"><div data-id=\"mpc_callout-296a097c9d00add\" class=\"mpc-callout mpc-init mpc-callout--style_1 \"><div class=\"mpc-callout__icon-wrap mpc-icon--image\"><div class=\"mpc-callout__icon\"><i class=\"mpc-transition \"><img decoding=\"async\" class=\"\" src=\"https:\/\/www.le-vpn.com\/fr\/wp-content\/uploads\/2025\/09\/exclusive-deal.png\" width=\"100\" height=\"100\" alt=\"exclusive-deal\" title=\"exclusive-deal\" loading=\"lazy\"><\/i><\/div><\/div><div class=\"mpc-callout__content\"><h3 class=\"mpc-callout__heading mpc-typography--preset_1\">OFFRE EXCLUSIVE<\/h3><div data-id=\"mpc_divider-776a097c9d00b52\" class=\"mpc-divider-wrap\"><div class=\"mpc-divider mpc-init mpc-align--center mpc-disable--left \"><div class=\"mpc-divider__line mpc-side--left\"><span><\/span><\/div><div class=\"mpc-divider__line mpc-side--right\"><span><\/span><\/div><\/div><\/div><div class=\"mpc-callout__description\"><p>LES 3 PREMI&Egrave;RES ANN&Eacute;ES &Agrave; 2,22 &euro;\/MOIS<\/p>\n<\/div><\/div><div class=\"mpc-callout__button\"><a href=\"https:\/\/www.le-vpn.com\/fr\/acheter-le-vpn\/\" title=\"\" data-id=\"mpc_button-796a097c9d00b22\" class=\"mpc-button mpc-init mpc-transition mpc-typography--preset_2 \"><div class=\"mpc-button__content mpc-effect-type--none mpc-effect-side--none\"><span class=\"mpc-button__title mpc-transition\">PROFITEZ EN<\/span><\/div><div class=\"mpc-button__background mpc-transition mpc-effect-type--fade mpc-effect-side--in\"><\/div><\/a><\/div><\/div><div class=\"vc_row wpb_row vc_inner vc_row-fluid vc_custom_1725366294400 mpc-row\"><div class=\"wpb_column vc_column_container vc_col-sm-3 mpc-column\" data-column-id=\"mpc_column-776a097c9d01097\"><div class=\"vc_column-inner\"><div class=\"wpb_wrapper\">\n\t<div class=\"wpb_raw_code wpb_raw_html wpb_content_element vc_custom_1619036137534\">\n\t\t<div class=\"wpb_wrapper\">\n\t\t\t<p style=\"font-size:14px;color:#444;margin-left:20px;\"><svg width=\"16\" style=\"vertical-align: -10%;margin-right:10px;\" xmlns=\"http:\/\/www.w3.org\/2000\/svg\" viewbox=\"0 0 81.68 81.67\"><defs><style>.cls-1{fill:#7ec58e;}.cls-2{fill:#fff;}<\/style><\/defs><path class=\"cls-1\" d=\"M40.84,0A40.84,40.84,0,1,0,81.68,40.84,40.83,40.83,0,0,0,40.84,0Z\"><\/path><g id=\"done\"><g id=\"check-circle-outline\"><polygon class=\"cls-2\" points=\"18.69 39.75 13.55 44.89 30.07 61.41 66.79 24.69 61.65 19.55 30.07 51.13 18.69 39.75\"><\/polygon><\/g><\/g><\/svg>PAS DE JOURNAL<\/p>\n\t\t<\/div>\n\t<\/div>\n\n\t<div class=\"wpb_raw_code wpb_raw_html wpb_content_element vc_custom_1699541136156\">\n\t\t<div class=\"wpb_wrapper\">\n\t\t\t<p style=\"font-size:14px;color:#444;margin-left:20px;\"><svg width=\"16\" style=\"vertical-align: -10%;margin-right:10px;\" xmlns=\"http:\/\/www.w3.org\/2000\/svg\" viewbox=\"0 0 81.68 81.67\"><defs><style>.cls-1{fill:#7ec58e;}.cls-2{fill:#fff;}<\/style><\/defs><path class=\"cls-1\" d=\"M40.84,0A40.84,40.84,0,1,0,81.68,40.84,40.83,40.83,0,0,0,40.84,0Z\"><\/path><g id=\"done\"><g id=\"check-circle-outline\"><polygon class=\"cls-2\" points=\"18.69 39.75 13.55 44.89 30.07 61.41 66.79 24.69 61.65 19.55 30.07 51.13 18.69 39.75\"><\/polygon><\/g><\/g><\/svg>100+ LOCALISATIONS<\/p>\n\t\t<\/div>\n\t<\/div>\n<\/div><\/div><\/div><div class=\"wpb_column vc_column_container vc_col-sm-3 mpc-column\" data-column-id=\"mpc_column-386a097c9d01378\"><div class=\"vc_column-inner\"><div class=\"wpb_wrapper\">\n\t<div class=\"wpb_raw_code wpb_raw_html wpb_content_element vc_custom_1619036153466\">\n\t\t<div class=\"wpb_wrapper\">\n\t\t\t<p style=\"font-size:14px;color:#444;text-transform: uppercase;margin-left:20px;\"><svg width=\"16\" style=\"vertical-align: -10%;margin-right:10px;\" xmlns=\"http:\/\/www.w3.org\/2000\/svg\" viewbox=\"0 0 81.68 81.67\"><defs><style>.cls-1{fill:#7ec58e;}.cls-2{fill:#fff;}<\/style><\/defs><path class=\"cls-1\" d=\"M40.84,0A40.84,40.84,0,1,0,81.68,40.84,40.83,40.83,0,0,0,40.84,0Z\"><\/path><g id=\"done\"><g id=\"check-circle-outline\"><polygon class=\"cls-2\" points=\"18.69 39.75 13.55 44.89 30.07 61.41 66.79 24.69 61.65 19.55 30.07 51.13 18.69 39.75\"><\/polygon><\/g><\/g><\/svg>P2P autoris&eacute;<\/p>\n\t\t<\/div>\n\t<\/div>\n\n\t<div class=\"wpb_raw_code wpb_raw_html wpb_content_element vc_custom_1619036161279\">\n\t\t<div class=\"wpb_wrapper\">\n\t\t\t<p style=\"font-size:14px;color:#444;text-transform: uppercase;margin-left:20px;\"><svg width=\"16\" style=\"vertical-align: -10%;margin-right:10px;\" xmlns=\"http:\/\/www.w3.org\/2000\/svg\" viewbox=\"0 0 81.68 81.67\"><defs><style>.cls-1{fill:#7ec58e;}.cls-2{fill:#fff;}<\/style><\/defs><path class=\"cls-1\" d=\"M40.84,0A40.84,40.84,0,1,0,81.68,40.84,40.83,40.83,0,0,0,40.84,0Z\"><\/path><g id=\"done\"><g id=\"check-circle-outline\"><polygon class=\"cls-2\" points=\"18.69 39.75 13.55 44.89 30.07 61.41 66.79 24.69 61.65 19.55 30.07 51.13 18.69 39.75\"><\/polygon><\/g><\/g><\/svg>Facile &agrave; utiliser<\/p>\n\t\t<\/div>\n\t<\/div>\n<\/div><\/div><\/div><div class=\"wpb_column vc_column_container vc_col-sm-3 mpc-column\" data-column-id=\"mpc_column-846a097c9d0162a\"><div class=\"vc_column-inner\"><div class=\"wpb_wrapper\">\n\t<div class=\"wpb_raw_code wpb_raw_html wpb_content_element vc_custom_1622661737627\">\n\t\t<div class=\"wpb_wrapper\">\n\t\t\t<p style=\"font-size:13px;color:#444;text-transform: uppercase;margin-left:20px;\"><svg width=\"16\" style=\"vertical-align: -10%;margin-right:10px;\" xmlns=\"http:\/\/www.w3.org\/2000\/svg\" viewbox=\"0 0 81.68 81.67\"><defs><style>.cls-1{fill:#7ec58e;}.cls-2{fill:#fff;}<\/style><\/defs><path class=\"cls-1\" d=\"M40.84,0A40.84,40.84,0,1,0,81.68,40.84,40.83,40.83,0,0,0,40.84,0Z\"><\/path><g id=\"done\"><g id=\"check-circle-outline\"><polygon class=\"cls-2\" points=\"18.69 39.75 13.55 44.89 30.07 61.41 66.79 24.69 61.65 19.55 30.07 51.13 18.69 39.75\"><\/polygon><\/g><\/g><\/svg>Garantie de 30 Jours<\/p>\n\t\t<\/div>\n\t<\/div>\n\n\t<div class=\"wpb_raw_code wpb_raw_html wpb_content_element vc_custom_1619036177713\">\n\t\t<div class=\"wpb_wrapper\">\n\t\t\t<p style=\"font-size:14px;color:#444;text-transform: uppercase;margin-left:20px;\"><svg width=\"16\" style=\"vertical-align: -10%;margin-right:10px;\" xmlns=\"http:\/\/www.w3.org\/2000\/svg\" viewbox=\"0 0 81.68 81.67\"><defs><style>.cls-1{fill:#7ec58e;}.cls-2{fill:#fff;}<\/style><\/defs><path class=\"cls-1\" d=\"M40.84,0A40.84,40.84,0,1,0,81.68,40.84,40.83,40.83,0,0,0,40.84,0Z\"><\/path><g id=\"done\"><g id=\"check-circle-outline\"><polygon class=\"cls-2\" points=\"18.69 39.75 13.55 44.89 30.07 61.41 66.79 24.69 61.65 19.55 30.07 51.13 18.69 39.75\"><\/polygon><\/g><\/g><\/svg>Assistance amicale<\/p>\n\t\t<\/div>\n\t<\/div>\n<\/div><\/div><\/div><div class=\"wpb_column vc_column_container vc_col-sm-3 mpc-column\" data-column-id=\"mpc_column-146a097c9d018c3\"><div class=\"vc_column-inner\"><div class=\"wpb_wrapper\">\n\t<div class=\"wpb_raw_code wpb_raw_html wpb_content_element vc_custom_1619036185445\">\n\t\t<div class=\"wpb_wrapper\">\n\t\t\t<p style=\"font-size:14px;color:#444;text-transform: uppercase;margin-left:20px;\"><svg width=\"16\" style=\"vertical-align: -10%;margin-right:10px;\" xmlns=\"http:\/\/www.w3.org\/2000\/svg\" viewbox=\"0 0 81.68 81.67\"><defs><style>.cls-1{fill:#7ec58e;}.cls-2{fill:#fff;}<\/style><\/defs><path class=\"cls-1\" d=\"M40.84,0A40.84,40.84,0,1,0,81.68,40.84,40.83,40.83,0,0,0,40.84,0Z\"><\/path><g id=\"done\"><g id=\"check-circle-outline\"><polygon class=\"cls-2\" points=\"18.69 39.75 13.55 44.89 30.07 61.41 66.79 24.69 61.65 19.55 30.07 51.13 18.69 39.75\"><\/polygon><\/g><\/g><\/svg>Bitcoin accept&eacute;<\/p>\n\t\t<\/div>\n\t<\/div>\n\n\t<div class=\"wpb_raw_code wpb_raw_html wpb_content_element vc_custom_1619036194514\">\n\t\t<div class=\"wpb_wrapper\">\n\t\t\t<p style=\"font-size:14px;color:#444;text-transform: uppercase;margin-left:20px;\"><svg width=\"16\" style=\"vertical-align: -10%;margin-right:10px;\" xmlns=\"http:\/\/www.w3.org\/2000\/svg\" viewbox=\"0 0 81.68 81.67\"><defs><style>.cls-1{fill:#7ec58e;}.cls-2{fill:#fff;}<\/style><\/defs><path class=\"cls-1\" d=\"M40.84,0A40.84,40.84,0,1,0,81.68,40.84,40.83,40.83,0,0,0,40.84,0Z\"><\/path><g id=\"done\"><g id=\"check-circle-outline\"><polygon class=\"cls-2\" points=\"18.69 39.75 13.55 44.89 30.07 61.41 66.79 24.69 61.65 19.55 30.07 51.13 18.69 39.75\"><\/polygon><\/g><\/g><\/svg>Vitesse de l'&eacute;clair<\/p>\n\t\t<\/div>\n\t<\/div>\n<\/div><\/div><\/div><\/div><\/div><\/div><\/div><\/div><div class=\"vc_row wpb_row vc_row-fluid vc_custom_1701699917169 mpc-row\"><div class=\"wpb_column vc_column_container vc_col-sm-12 mpc-column\" data-column-id=\"mpc_column-516a097c9d0258b\"><div class=\"vc_column-inner\"><div class=\"wpb_wrapper\"><\/div><\/div><\/div><\/div>\r\n<\/div>[\/vc_column][\/vc_row]<\/div>","protected":false},"excerpt":{"rendered":"<p>OFFRE EXCLUSIVELES 3 PREMI&Egrave;RES ANN&Eacute;ES &Agrave; 2,22 &euro;\/MOIS PROFITEZ EN PAS DE JOURNAL 100+ LOCALISATIONS P2P autoris&eacute; Facile &agrave; utiliser Garantie de 30 Jours Assistance amicale Bitcoin accept&eacute; Vitesse de l&#8217;&eacute;clair<\/p>\n","protected":false},"author":1,"featured_media":0,"parent":0,"menu_order":0,"comment_status":"closed","ping_status":"closed","template":"","meta":{"footnotes":""},"yst_prominent_words":[1315,1207,8095,1690,1858,1860,1157,1862,1881,1746,1861,1516,1859,1857,1524,1863,1252,1565,2135,1757],"class_list":["post-9065","page","type-page","status-publish","hentry"],"_links":{"self":[{"href":"https:\/\/www.le-vpn.com\/fr\/wp-json\/wp\/v2\/pages\/9065","targetHints":{"allow":["GET"]}}],"collection":[{"href":"https:\/\/www.le-vpn.com\/fr\/wp-json\/wp\/v2\/pages"}],"about":[{"href":"https:\/\/www.le-vpn.com\/fr\/wp-json\/wp\/v2\/types\/page"}],"author":[{"embeddable":true,"href":"https:\/\/www.le-vpn.com\/fr\/wp-json\/wp\/v2\/users\/1"}],"replies":[{"embeddable":true,"href":"https:\/\/www.le-vpn.com\/fr\/wp-json\/wp\/v2\/comments?post=9065"}],"version-history":[{"count":2,"href":"https:\/\/www.le-vpn.com\/fr\/wp-json\/wp\/v2\/pages\/9065\/revisions"}],"predecessor-version":[{"id":29452,"href":"https:\/\/www.le-vpn.com\/fr\/wp-json\/wp\/v2\/pages\/9065\/revisions\/29452"}],"wp:attachment":[{"href":"https:\/\/www.le-vpn.com\/fr\/wp-json\/wp\/v2\/media?parent=9065"}],"wp:term":[{"taxonomy":"yst_prominent_words","embeddable":true,"href":"https:\/\/www.le-vpn.com\/fr\/wp-json\/wp\/v2\/yst_prominent_words?post=9065"}],"curies":[{"name":"wp","href":"https:\/\/api.w.org\/{rel}","templated":true}]}}