{"id":4841,"date":"2014-06-16T17:35:25","date_gmt":"2014-06-16T17:35:25","guid":{"rendered":"http:\/\/www.le-vpn.com\/fr\/?page_id=4841"},"modified":"2017-08-18T09:56:10","modified_gmt":"2017-08-18T07:56:10","slug":"boostez-votre-securite-en-ligne","status":"publish","type":"page","link":"https:\/\/www.le-vpn.com\/fr\/boostez-votre-securite-en-ligne\/","title":{"rendered":"BOOSTEZ VOTRE S\u00c9CURIT\u00c9 EN LIGNE"},"content":{"rendered":"<div class=\"wpb-content-wrapper\"><p>[vc_row css=&#8221;.vc_custom_1500992005243{margin-top: 40px !important;margin-bottom: 80px !important;}&#8221;][vc_column]<div data-id=\"mpc_icon_column-496a0399a8bf261\" class=\"mpc-icon-column mpc-init mpc-parent-hover mpc-transition mpc-icon-column--style_2 mpc-align--center \" ><div data-id=\"mpc_icon-806a0399a8bf2bf\" class=\"mpc-icon mpc-init mpc-transition mpc-effect-fade mpc-icon-hover \"><div class=\"mpc-icon-wrap\"><i class=\"mpc-icon-part mpc-regular mpc-transition  fa fa-heartbeat\"><\/i><i class=\"mpc-icon-part mpc-hover mpc-transition  fa fa-heartbeat\"><\/i><\/div><\/div><div class=\"mpc-icon-column__content-wrap\"><div class=\"mpc-icon-column__content\"><h3 class=\"mpc-icon-column__heading mpc-typography--preset_2 mpc-transition\">Le VPN vous aide \u00e0 booster votre s\u00e9curit\u00e9 en ligne<\/h3><div class=\"mpc-icon-column__description mpc-typography--preset_0 mpc-transition\"><p>Avec Le VPN, votre s\u00e9curit\u00e9 en ligne est optimis\u00e9e \u00e0 plusieurs niveaux. Votre connexion Internet est crypt\u00e9e avec un algorithme de niveau Top-Secret qui vous prot\u00e8ge contre les pirates et les intrus qui tentent d\u2019\u00e9couter ou d\u2019obtenir les informations sensibles vous concernant.<\/p>\n<p>Car, m\u00eame si Internet est un r\u00e9seau public, les VPN permettent aux ordinateurs de s\u2019y connecter en priv\u00e9. Votre ordinateur \u00e9tant cach\u00e9 derri\u00e8re nos nombreux serveurs VPN, personne n\u2019est en mesure de s\u2019immiscer dans votre connexion. La plupart des influences ext\u00e9rieures malveillantes \u2013 comme celles des cyberpirates ou des attaques de r\u00e9seau \u2013 sont repouss\u00e9es par nos serveurs. En d\u2019autres termes, nos serveurs VPN fournissent un niveau suppl\u00e9mentaire de s\u00e9curit\u00e9 num\u00e9rique imp\u00e9n\u00e9trable qui prot\u00e8ge vos actions en ligne.<\/p>\n<\/div><\/div><\/div><\/div>[\/vc_column][\/vc_row][vc_row css=&#8221;.vc_custom_1500992163265{margin-top: 40px !important;margin-bottom: 80px !important;}&#8221;][vc_column]<div data-id=\"mpc_icon_column-866a0399a8bf395\" class=\"mpc-icon-column mpc-init mpc-parent-hover mpc-transition mpc-icon-column--style_2 mpc-align--center \" ><div data-id=\"mpc_icon-536a0399a8bf3da\" class=\"mpc-icon mpc-init mpc-transition mpc-effect-fade mpc-icon-hover \"><div class=\"mpc-icon-wrap\"><i class=\"mpc-icon-part mpc-regular mpc-transition  fa fa-lock\"><\/i><i class=\"mpc-icon-part mpc-hover mpc-transition  fa fa-lock\"><\/i><\/div><\/div><div class=\"mpc-icon-column__content-wrap\"><div class=\"mpc-icon-column__content\"><h3 class=\"mpc-icon-column__heading mpc-typography--preset_2 mpc-transition\">Les VPNs vous garantissent d\u2019\u00eatre la seule personne \u00e0 acc\u00e9der \u00e0 votre ordinateur<\/h3><div class=\"mpc-icon-column__description mpc-typography--preset_0 mpc-transition\"><p>Lorsque vous \u00eates connect\u00e9 \u00e0 Le VPN, personne ne peut acc\u00e9der \u00e0 votre ordinateur, sans passer par nos serveurs prot\u00e9g\u00e9s. Ces derniers sont boost\u00e9s par des s\u00e9curit\u00e9s suppl\u00e9mentaires pour en emp\u00eacher l\u2019acc\u00e8s aux utilisateurs non autoris\u00e9s. Nous comprenons l\u2019importance de cr\u00e9er et maintenir un r\u00e9seau fort et s\u00e9curis\u00e9, et nous avons con\u00e7u nos serveurs en cons\u00e9quence.<\/p>\n<p>Si vous acc\u00e9dez au Wifi public d\u2019un a\u00e9roport, d\u2019un h\u00f4tel ou d\u2019un centre commercial, n\u2019importe qui peut facilement espionner vos conversations en ligne, vos transferts de donn\u00e9es et votre navigation Web. Les VPN emp\u00eachent ce type d\u2019intervention, pour vous assurer que vous \u00eates bien la seule personne capable d\u2019acc\u00e9der \u00e0 votre ordinateur \u2013 personne d\u2019autre ne peut intercepter votre connexion. De plus, les donn\u00e9es envoy\u00e9es sur un VPN sont hautement crypt\u00e9es, ce qui signifie que m\u00eame si quelqu\u2019un venait \u00e0 les intercepter, cette personne serait incapable d\u2019en obtenir la signification.<\/p>\n<\/div><\/div><\/div><\/div>[\/vc_column][\/vc_row][vc_row css=&#8221;.vc_custom_1500991488032{margin-top: 40px !important;margin-bottom: 40px !important;}&#8221;][vc_column]<div data-id=\"mpc_icon_column-766a0399a8bf48d\" class=\"mpc-icon-column mpc-init mpc-parent-hover mpc-transition mpc-icon-column--style_2 mpc-align--center \" ><div data-id=\"mpc_icon-676a0399a8bf4cf\" class=\"mpc-icon mpc-init mpc-transition mpc-effect-fade mpc-icon-hover \"><div class=\"mpc-icon-wrap\"><i class=\"mpc-icon-part mpc-regular mpc-transition  fa fa-user-secret\"><\/i><i class=\"mpc-icon-part mpc-hover mpc-transition  fa fa-user-secret\"><\/i><\/div><\/div><div class=\"mpc-icon-column__content-wrap\"><div class=\"mpc-icon-column__content\"><h3 class=\"mpc-icon-column__heading mpc-typography--preset_2 mpc-transition\">Le maintien de la confidentialit\u00e9 en ligne quand vous le souhaitez<\/h3><div class=\"mpc-icon-column__description mpc-typography--preset_0 mpc-transition\"><p>Le VPN permet de r\u00e9duire vos empreintes digitales, en rempla\u00e7ant vos informations de routage, ainsi vous restez anonyme quand vous le souhaitez. Nos serveurs DNS de confiance gardent secr\u00e8tes vos requ\u00eates, afin que personne ne puisse jeter un \u0153il sur votre navigation sur le Web.<\/p>\n<p>Et c\u2019est important, car quoi que vous fassiez sur Internet, il y a toujours quelqu\u2019un qui s\u2019y int\u00e9resse : vos actions sont surveill\u00e9es, qu\u2019il s\u2019agisse de votre fournisseur d\u2019acc\u00e8s Internet qui souhaite v\u00e9rifier votre activit\u00e9 ou un site Web qui va suivre votre adresse IP et votre g\u00e9olocalisation. Les VPNs emp\u00eachent que cela se produise, en vous permettant de profiter de votre confidentialit\u00e9 en ligne et de votre anonymat, tout en renfor\u00e7ant votre s\u00e9curit\u00e9 en ligne.<\/p>\n<p>Le VPN permet d\u2019emp\u00eacher la collecte de donn\u00e9es priv\u00e9es, concernant vos centres d\u2019int\u00e9r\u00eats, votre localisation et toutes autres activit\u00e9s, tout en garantissant que votre s\u00e9curit\u00e9 en ligne ne soit jamais compromise. Contactez-nous d\u00e8s aujourd\u2019hui pour plus d\u2019informations!<\/p>\n<\/div><\/div><\/div><\/div>[\/vc_column][\/vc_row][vc_row][vc_column]<div class=\"templatera_shortcode\"><div class=\"vc_row wpb_row vc_row-fluid mpc-row\"><div class=\"wpb_column vc_column_container vc_col-sm-12 mpc-column\" data-column-id=\"mpc_column-556a0399a8c8ef0\"><div class=\"vc_column-inner\"><div class=\"wpb_wrapper\"><div data-id=\"mpc_callout-686a0399a8c4b4f\" class=\"mpc-callout mpc-init mpc-callout--style_1 \"><div class=\"mpc-callout__icon-wrap mpc-icon--image\"><div class=\"mpc-callout__icon\"><i class=\"mpc-transition \"><img decoding=\"async\" class=\"\" src=\"https:\/\/www.le-vpn.com\/fr\/wp-content\/uploads\/2025\/09\/exclusive-deal.png\" width=\"100\" height=\"100\" alt=\"exclusive-deal\" title=\"exclusive-deal\" loading=\"lazy\"><\/i><\/div><\/div><div class=\"mpc-callout__content\"><h3 class=\"mpc-callout__heading mpc-typography--preset_1\">OFFRE EXCLUSIVE<\/h3><div data-id=\"mpc_divider-286a0399a8c4c10\" class=\"mpc-divider-wrap\"><div class=\"mpc-divider mpc-init mpc-align--center mpc-disable--left \"><div class=\"mpc-divider__line mpc-side--left\"><span><\/span><\/div><div class=\"mpc-divider__line mpc-side--right\"><span><\/span><\/div><\/div><\/div><div class=\"mpc-callout__description\"><p>LES 3 PREMI&Egrave;RES ANN&Eacute;ES &Agrave; 2,22 &euro;\/MOIS<\/p>\n<\/div><\/div><div class=\"mpc-callout__button\"><a href=\"https:\/\/www.le-vpn.com\/fr\/acheter-le-vpn\/\" title=\"\" data-id=\"mpc_button-236a0399a8c4bcd\" class=\"mpc-button mpc-init mpc-transition mpc-typography--preset_2 \"><div class=\"mpc-button__content mpc-effect-type--none mpc-effect-side--none\"><span class=\"mpc-button__title mpc-transition\">PROFITEZ EN<\/span><\/div><div class=\"mpc-button__background mpc-transition mpc-effect-type--fade mpc-effect-side--in\"><\/div><\/a><\/div><\/div><div class=\"vc_row wpb_row vc_inner vc_row-fluid vc_custom_1725366128652 mpc-row\"><div class=\"wpb_column vc_column_container vc_col-sm-3 mpc-column\" data-column-id=\"mpc_column-586a0399a8c579b\"><div class=\"vc_column-inner\"><div class=\"wpb_wrapper\">\n\t<div class=\"wpb_raw_code wpb_raw_html wpb_content_element vc_custom_1619036285031\">\n\t\t<div class=\"wpb_wrapper\">\n\t\t\t<p style=\"font-size:15px;color:#444;margin-left:20px;\"><svg width=\"16\" style=\"vertical-align: -10%;margin-right:10px;\" xmlns=\"http:\/\/www.w3.org\/2000\/svg\" viewbox=\"0 0 81.68 81.67\"><defs><style>.cls-1{fill:#7ec58e;}.cls-2{fill:#fff;}<\/style><\/defs><path class=\"cls-1\" d=\"M40.84,0A40.84,40.84,0,1,0,81.68,40.84,40.83,40.83,0,0,0,40.84,0Z\"><\/path><g id=\"done\"><g id=\"check-circle-outline\"><polygon class=\"cls-2\" points=\"18.69 39.75 13.55 44.89 30.07 61.41 66.79 24.69 61.65 19.55 30.07 51.13 18.69 39.75\"><\/polygon><\/g><\/g><\/svg>PAS DE JOURNAL<\/p>\n\t\t<\/div>\n\t<\/div>\n\n\t<div class=\"wpb_raw_code wpb_raw_html wpb_content_element vc_custom_1699541177365\">\n\t\t<div class=\"wpb_wrapper\">\n\t\t\t<p style=\"font-size:15px;color:#444;margin-left:20px;\"><svg width=\"16\" style=\"vertical-align: -10%;margin-right:10px;\" xmlns=\"http:\/\/www.w3.org\/2000\/svg\" viewbox=\"0 0 81.68 81.67\"><defs><style>.cls-1{fill:#7ec58e;}.cls-2{fill:#fff;}<\/style><\/defs><path class=\"cls-1\" d=\"M40.84,0A40.84,40.84,0,1,0,81.68,40.84,40.83,40.83,0,0,0,40.84,0Z\"><\/path><g id=\"done\"><g id=\"check-circle-outline\"><polygon class=\"cls-2\" points=\"18.69 39.75 13.55 44.89 30.07 61.41 66.79 24.69 61.65 19.55 30.07 51.13 18.69 39.75\"><\/polygon><\/g><\/g><\/svg>100+ LOCALISTATIONS<\/p>\n\t\t<\/div>\n\t<\/div>\n<\/div><\/div><\/div><div class=\"wpb_column vc_column_container vc_col-sm-3 mpc-column\" data-column-id=\"mpc_column-906a0399a8c5c14\"><div class=\"vc_column-inner\"><div class=\"wpb_wrapper\">\n\t<div class=\"wpb_raw_code wpb_raw_html wpb_content_element vc_custom_1619036301667\">\n\t\t<div class=\"wpb_wrapper\">\n\t\t\t<p style=\"font-size:15px;color:#444;text-transform: uppercase;margin-left:20px;\"><svg width=\"16\" style=\"vertical-align: -10%;margin-right:10px;\" xmlns=\"http:\/\/www.w3.org\/2000\/svg\" viewbox=\"0 0 81.68 81.67\"><defs><style>.cls-1{fill:#7ec58e;}.cls-2{fill:#fff;}<\/style><\/defs><path class=\"cls-1\" d=\"M40.84,0A40.84,40.84,0,1,0,81.68,40.84,40.83,40.83,0,0,0,40.84,0Z\"><\/path><g id=\"done\"><g id=\"check-circle-outline\"><polygon class=\"cls-2\" points=\"18.69 39.75 13.55 44.89 30.07 61.41 66.79 24.69 61.65 19.55 30.07 51.13 18.69 39.75\"><\/polygon><\/g><\/g><\/svg>P2P autoris&eacute;<\/p>\n\t\t<\/div>\n\t<\/div>\n\n\t<div class=\"wpb_raw_code wpb_raw_html wpb_content_element vc_custom_1619036309021\">\n\t\t<div class=\"wpb_wrapper\">\n\t\t\t<p style=\"font-size:15px;color:#444;text-transform: uppercase;margin-left:20px;\"><svg width=\"16\" style=\"vertical-align: -10%;margin-right:10px;\" xmlns=\"http:\/\/www.w3.org\/2000\/svg\" viewbox=\"0 0 81.68 81.67\"><defs><style>.cls-1{fill:#7ec58e;}.cls-2{fill:#fff;}<\/style><\/defs><path class=\"cls-1\" d=\"M40.84,0A40.84,40.84,0,1,0,81.68,40.84,40.83,40.83,0,0,0,40.84,0Z\"><\/path><g id=\"done\"><g id=\"check-circle-outline\"><polygon class=\"cls-2\" points=\"18.69 39.75 13.55 44.89 30.07 61.41 66.79 24.69 61.65 19.55 30.07 51.13 18.69 39.75\"><\/polygon><\/g><\/g><\/svg>Facile &agrave; utiliser<\/p>\n\t\t<\/div>\n\t<\/div>\n<\/div><\/div><\/div><div class=\"wpb_column vc_column_container vc_col-sm-3 mpc-column\" data-column-id=\"mpc_column-346a0399a8c8033\"><div class=\"vc_column-inner\"><div class=\"wpb_wrapper\">\n\t<div class=\"wpb_raw_code wpb_raw_html wpb_content_element vc_custom_1622661892749\">\n\t\t<div class=\"wpb_wrapper\">\n\t\t\t<p style=\"font-size:15px;color:#444;text-transform: uppercase;margin-left:20px;\"><svg width=\"16\" style=\"vertical-align: -10%;margin-right:10px;\" xmlns=\"http:\/\/www.w3.org\/2000\/svg\" viewbox=\"0 0 81.68 81.67\"><defs><style>.cls-1{fill:#7ec58e;}.cls-2{fill:#fff;}<\/style><\/defs><path class=\"cls-1\" d=\"M40.84,0A40.84,40.84,0,1,0,81.68,40.84,40.83,40.83,0,0,0,40.84,0Z\"><\/path><g id=\"done\"><g id=\"check-circle-outline\"><polygon class=\"cls-2\" points=\"18.69 39.75 13.55 44.89 30.07 61.41 66.79 24.69 61.65 19.55 30.07 51.13 18.69 39.75\"><\/polygon><\/g><\/g><\/svg>Garantie de 30 Jours<\/p>\n\t\t<\/div>\n\t<\/div>\n\n\t<div class=\"wpb_raw_code wpb_raw_html wpb_content_element vc_custom_1619036325410\">\n\t\t<div class=\"wpb_wrapper\">\n\t\t\t<p style=\"font-size:15px;color:#444;text-transform: uppercase;margin-left:20px;\"><svg width=\"16\" style=\"vertical-align: -10%;margin-right:10px;\" xmlns=\"http:\/\/www.w3.org\/2000\/svg\" viewbox=\"0 0 81.68 81.67\"><defs><style>.cls-1{fill:#7ec58e;}.cls-2{fill:#fff;}<\/style><\/defs><path class=\"cls-1\" d=\"M40.84,0A40.84,40.84,0,1,0,81.68,40.84,40.83,40.83,0,0,0,40.84,0Z\"><\/path><g id=\"done\"><g id=\"check-circle-outline\"><polygon class=\"cls-2\" points=\"18.69 39.75 13.55 44.89 30.07 61.41 66.79 24.69 61.65 19.55 30.07 51.13 18.69 39.75\"><\/polygon><\/g><\/g><\/svg>Assistance amicale<\/p>\n\t\t<\/div>\n\t<\/div>\n<\/div><\/div><\/div><div class=\"wpb_column vc_column_container vc_col-sm-3 mpc-column\" data-column-id=\"mpc_column-156a0399a8c8509\"><div class=\"vc_column-inner\"><div class=\"wpb_wrapper\">\n\t<div class=\"wpb_raw_code wpb_raw_html wpb_content_element vc_custom_1619036333385\">\n\t\t<div class=\"wpb_wrapper\">\n\t\t\t<p style=\"font-size:15px;color:#444;text-transform: uppercase;margin-left:20px;\"><svg width=\"16\" style=\"vertical-align: -10%;margin-right:10px;\" xmlns=\"http:\/\/www.w3.org\/2000\/svg\" viewbox=\"0 0 81.68 81.67\"><defs><style>.cls-1{fill:#7ec58e;}.cls-2{fill:#fff;}<\/style><\/defs><path class=\"cls-1\" d=\"M40.84,0A40.84,40.84,0,1,0,81.68,40.84,40.83,40.83,0,0,0,40.84,0Z\"><\/path><g id=\"done\"><g id=\"check-circle-outline\"><polygon class=\"cls-2\" points=\"18.69 39.75 13.55 44.89 30.07 61.41 66.79 24.69 61.65 19.55 30.07 51.13 18.69 39.75\"><\/polygon><\/g><\/g><\/svg>Bitcoin accept&eacute;<\/p>\n\t\t<\/div>\n\t<\/div>\n\n\t<div class=\"wpb_raw_code wpb_raw_html wpb_content_element vc_custom_1619036340951\">\n\t\t<div class=\"wpb_wrapper\">\n\t\t\t<p style=\"font-size:15px;color:#444;text-transform: uppercase;margin-left:20px;\"><svg width=\"16\" style=\"vertical-align: -10%;margin-right:10px;\" xmlns=\"http:\/\/www.w3.org\/2000\/svg\" viewbox=\"0 0 81.68 81.67\"><defs><style>.cls-1{fill:#7ec58e;}.cls-2{fill:#fff;}<\/style><\/defs><path class=\"cls-1\" d=\"M40.84,0A40.84,40.84,0,1,0,81.68,40.84,40.83,40.83,0,0,0,40.84,0Z\"><\/path><g id=\"done\"><g id=\"check-circle-outline\"><polygon class=\"cls-2\" points=\"18.69 39.75 13.55 44.89 30.07 61.41 66.79 24.69 61.65 19.55 30.07 51.13 18.69 39.75\"><\/polygon><\/g><\/g><\/svg>Vitesse de l'&eacute;clair<\/p>\n\t\t<\/div>\n\t<\/div>\n<\/div><\/div><\/div><\/div><\/div><\/div><\/div><\/div><div class=\"vc_row wpb_row vc_row-fluid vc_custom_1701699917169 mpc-row\"><div class=\"wpb_column vc_column_container vc_col-sm-12 mpc-column\" data-column-id=\"mpc_column-216a0399a8c9b67\"><div class=\"vc_column-inner\"><div class=\"wpb_wrapper\"><\/div><\/div><\/div><\/div>\r\n<\/div>[\/vc_column][\/vc_row]<\/p>\n[vc_row][vc_column]<div class=\"templatera_shortcode\"><div class=\"vc_row wpb_row vc_row-fluid mpc-row\"><div class=\"wpb_column vc_column_container vc_col-sm-12 mpc-column\" data-column-id=\"mpc_column-936a0399a8d31f9\"><div class=\"vc_column-inner\"><div class=\"wpb_wrapper\"><div data-id=\"mpc_callout-576a0399a8cd9df\" class=\"mpc-callout mpc-init mpc-callout--style_1 \"><div class=\"mpc-callout__icon-wrap mpc-icon--image\"><div class=\"mpc-callout__icon\"><i class=\"mpc-transition \"><img decoding=\"async\" class=\"\" src=\"https:\/\/www.le-vpn.com\/fr\/wp-content\/uploads\/2025\/09\/exclusive-deal.png\" width=\"100\" height=\"100\" alt=\"exclusive-deal\" title=\"exclusive-deal\" loading=\"lazy\"><\/i><\/div><\/div><div class=\"mpc-callout__content\"><h3 class=\"mpc-callout__heading mpc-typography--preset_1\">OFFRE EXCLUSIVE<\/h3><div data-id=\"mpc_divider-316a0399a8cda7e\" class=\"mpc-divider-wrap\"><div class=\"mpc-divider mpc-init mpc-align--center mpc-disable--left \"><div class=\"mpc-divider__line mpc-side--left\"><span><\/span><\/div><div class=\"mpc-divider__line mpc-side--right\"><span><\/span><\/div><\/div><\/div><div class=\"mpc-callout__description\"><p>LES 3 PREMI&Egrave;RES ANN&Eacute;ES &Agrave; 2,22 &euro;\/MOIS<\/p>\n<\/div><\/div><div class=\"mpc-callout__button\"><a href=\"https:\/\/www.le-vpn.com\/fr\/acheter-le-vpn\/\" title=\"\" data-id=\"mpc_button-826a0399a8cda43\" class=\"mpc-button mpc-init mpc-transition mpc-typography--preset_2 \"><div class=\"mpc-button__content mpc-effect-type--none mpc-effect-side--none\"><span class=\"mpc-button__title mpc-transition\">PROFITEZ EN<\/span><\/div><div class=\"mpc-button__background mpc-transition mpc-effect-type--fade mpc-effect-side--in\"><\/div><\/a><\/div><\/div><div class=\"vc_row wpb_row vc_inner vc_row-fluid vc_custom_1725366294400 mpc-row\"><div class=\"wpb_column vc_column_container vc_col-sm-3 mpc-column\" data-column-id=\"mpc_column-1006a0399a8d1aa6\"><div class=\"vc_column-inner\"><div class=\"wpb_wrapper\">\n\t<div class=\"wpb_raw_code wpb_raw_html wpb_content_element vc_custom_1619036137534\">\n\t\t<div class=\"wpb_wrapper\">\n\t\t\t<p style=\"font-size:14px;color:#444;margin-left:20px;\"><svg width=\"16\" style=\"vertical-align: -10%;margin-right:10px;\" xmlns=\"http:\/\/www.w3.org\/2000\/svg\" viewbox=\"0 0 81.68 81.67\"><defs><style>.cls-1{fill:#7ec58e;}.cls-2{fill:#fff;}<\/style><\/defs><path class=\"cls-1\" d=\"M40.84,0A40.84,40.84,0,1,0,81.68,40.84,40.83,40.83,0,0,0,40.84,0Z\"><\/path><g id=\"done\"><g id=\"check-circle-outline\"><polygon class=\"cls-2\" points=\"18.69 39.75 13.55 44.89 30.07 61.41 66.79 24.69 61.65 19.55 30.07 51.13 18.69 39.75\"><\/polygon><\/g><\/g><\/svg>PAS DE JOURNAL<\/p>\n\t\t<\/div>\n\t<\/div>\n\n\t<div class=\"wpb_raw_code wpb_raw_html wpb_content_element vc_custom_1699541136156\">\n\t\t<div class=\"wpb_wrapper\">\n\t\t\t<p style=\"font-size:14px;color:#444;margin-left:20px;\"><svg width=\"16\" style=\"vertical-align: -10%;margin-right:10px;\" xmlns=\"http:\/\/www.w3.org\/2000\/svg\" viewbox=\"0 0 81.68 81.67\"><defs><style>.cls-1{fill:#7ec58e;}.cls-2{fill:#fff;}<\/style><\/defs><path class=\"cls-1\" d=\"M40.84,0A40.84,40.84,0,1,0,81.68,40.84,40.83,40.83,0,0,0,40.84,0Z\"><\/path><g id=\"done\"><g id=\"check-circle-outline\"><polygon class=\"cls-2\" points=\"18.69 39.75 13.55 44.89 30.07 61.41 66.79 24.69 61.65 19.55 30.07 51.13 18.69 39.75\"><\/polygon><\/g><\/g><\/svg>100+ LOCALISATIONS<\/p>\n\t\t<\/div>\n\t<\/div>\n<\/div><\/div><\/div><div class=\"wpb_column vc_column_container vc_col-sm-3 mpc-column\" data-column-id=\"mpc_column-286a0399a8d2017\"><div class=\"vc_column-inner\"><div class=\"wpb_wrapper\">\n\t<div class=\"wpb_raw_code wpb_raw_html wpb_content_element vc_custom_1619036153466\">\n\t\t<div class=\"wpb_wrapper\">\n\t\t\t<p style=\"font-size:14px;color:#444;text-transform: uppercase;margin-left:20px;\"><svg width=\"16\" style=\"vertical-align: -10%;margin-right:10px;\" xmlns=\"http:\/\/www.w3.org\/2000\/svg\" viewbox=\"0 0 81.68 81.67\"><defs><style>.cls-1{fill:#7ec58e;}.cls-2{fill:#fff;}<\/style><\/defs><path class=\"cls-1\" d=\"M40.84,0A40.84,40.84,0,1,0,81.68,40.84,40.83,40.83,0,0,0,40.84,0Z\"><\/path><g id=\"done\"><g id=\"check-circle-outline\"><polygon class=\"cls-2\" points=\"18.69 39.75 13.55 44.89 30.07 61.41 66.79 24.69 61.65 19.55 30.07 51.13 18.69 39.75\"><\/polygon><\/g><\/g><\/svg>P2P autoris&eacute;<\/p>\n\t\t<\/div>\n\t<\/div>\n\n\t<div class=\"wpb_raw_code wpb_raw_html wpb_content_element vc_custom_1619036161279\">\n\t\t<div class=\"wpb_wrapper\">\n\t\t\t<p style=\"font-size:14px;color:#444;text-transform: uppercase;margin-left:20px;\"><svg width=\"16\" style=\"vertical-align: -10%;margin-right:10px;\" xmlns=\"http:\/\/www.w3.org\/2000\/svg\" viewbox=\"0 0 81.68 81.67\"><defs><style>.cls-1{fill:#7ec58e;}.cls-2{fill:#fff;}<\/style><\/defs><path class=\"cls-1\" d=\"M40.84,0A40.84,40.84,0,1,0,81.68,40.84,40.83,40.83,0,0,0,40.84,0Z\"><\/path><g id=\"done\"><g id=\"check-circle-outline\"><polygon class=\"cls-2\" points=\"18.69 39.75 13.55 44.89 30.07 61.41 66.79 24.69 61.65 19.55 30.07 51.13 18.69 39.75\"><\/polygon><\/g><\/g><\/svg>Facile &agrave; utiliser<\/p>\n\t\t<\/div>\n\t<\/div>\n<\/div><\/div><\/div><div class=\"wpb_column vc_column_container vc_col-sm-3 mpc-column\" data-column-id=\"mpc_column-856a0399a8d24a4\"><div class=\"vc_column-inner\"><div class=\"wpb_wrapper\">\n\t<div class=\"wpb_raw_code wpb_raw_html wpb_content_element vc_custom_1622661737627\">\n\t\t<div class=\"wpb_wrapper\">\n\t\t\t<p style=\"font-size:13px;color:#444;text-transform: uppercase;margin-left:20px;\"><svg width=\"16\" style=\"vertical-align: -10%;margin-right:10px;\" xmlns=\"http:\/\/www.w3.org\/2000\/svg\" viewbox=\"0 0 81.68 81.67\"><defs><style>.cls-1{fill:#7ec58e;}.cls-2{fill:#fff;}<\/style><\/defs><path class=\"cls-1\" d=\"M40.84,0A40.84,40.84,0,1,0,81.68,40.84,40.83,40.83,0,0,0,40.84,0Z\"><\/path><g id=\"done\"><g id=\"check-circle-outline\"><polygon class=\"cls-2\" points=\"18.69 39.75 13.55 44.89 30.07 61.41 66.79 24.69 61.65 19.55 30.07 51.13 18.69 39.75\"><\/polygon><\/g><\/g><\/svg>Garantie de 30 Jours<\/p>\n\t\t<\/div>\n\t<\/div>\n\n\t<div class=\"wpb_raw_code wpb_raw_html wpb_content_element vc_custom_1619036177713\">\n\t\t<div class=\"wpb_wrapper\">\n\t\t\t<p style=\"font-size:14px;color:#444;text-transform: uppercase;margin-left:20px;\"><svg width=\"16\" style=\"vertical-align: -10%;margin-right:10px;\" xmlns=\"http:\/\/www.w3.org\/2000\/svg\" viewbox=\"0 0 81.68 81.67\"><defs><style>.cls-1{fill:#7ec58e;}.cls-2{fill:#fff;}<\/style><\/defs><path class=\"cls-1\" d=\"M40.84,0A40.84,40.84,0,1,0,81.68,40.84,40.83,40.83,0,0,0,40.84,0Z\"><\/path><g id=\"done\"><g id=\"check-circle-outline\"><polygon class=\"cls-2\" points=\"18.69 39.75 13.55 44.89 30.07 61.41 66.79 24.69 61.65 19.55 30.07 51.13 18.69 39.75\"><\/polygon><\/g><\/g><\/svg>Assistance amicale<\/p>\n\t\t<\/div>\n\t<\/div>\n<\/div><\/div><\/div><div class=\"wpb_column vc_column_container vc_col-sm-3 mpc-column\" data-column-id=\"mpc_column-946a0399a8d2894\"><div class=\"vc_column-inner\"><div class=\"wpb_wrapper\">\n\t<div class=\"wpb_raw_code wpb_raw_html wpb_content_element vc_custom_1619036185445\">\n\t\t<div class=\"wpb_wrapper\">\n\t\t\t<p style=\"font-size:14px;color:#444;text-transform: uppercase;margin-left:20px;\"><svg width=\"16\" style=\"vertical-align: -10%;margin-right:10px;\" xmlns=\"http:\/\/www.w3.org\/2000\/svg\" viewbox=\"0 0 81.68 81.67\"><defs><style>.cls-1{fill:#7ec58e;}.cls-2{fill:#fff;}<\/style><\/defs><path class=\"cls-1\" d=\"M40.84,0A40.84,40.84,0,1,0,81.68,40.84,40.83,40.83,0,0,0,40.84,0Z\"><\/path><g id=\"done\"><g id=\"check-circle-outline\"><polygon class=\"cls-2\" points=\"18.69 39.75 13.55 44.89 30.07 61.41 66.79 24.69 61.65 19.55 30.07 51.13 18.69 39.75\"><\/polygon><\/g><\/g><\/svg>Bitcoin accept&eacute;<\/p>\n\t\t<\/div>\n\t<\/div>\n\n\t<div class=\"wpb_raw_code wpb_raw_html wpb_content_element vc_custom_1619036194514\">\n\t\t<div class=\"wpb_wrapper\">\n\t\t\t<p style=\"font-size:14px;color:#444;text-transform: uppercase;margin-left:20px;\"><svg width=\"16\" style=\"vertical-align: -10%;margin-right:10px;\" xmlns=\"http:\/\/www.w3.org\/2000\/svg\" viewbox=\"0 0 81.68 81.67\"><defs><style>.cls-1{fill:#7ec58e;}.cls-2{fill:#fff;}<\/style><\/defs><path class=\"cls-1\" d=\"M40.84,0A40.84,40.84,0,1,0,81.68,40.84,40.83,40.83,0,0,0,40.84,0Z\"><\/path><g id=\"done\"><g id=\"check-circle-outline\"><polygon class=\"cls-2\" points=\"18.69 39.75 13.55 44.89 30.07 61.41 66.79 24.69 61.65 19.55 30.07 51.13 18.69 39.75\"><\/polygon><\/g><\/g><\/svg>Vitesse de l'&eacute;clair<\/p>\n\t\t<\/div>\n\t<\/div>\n<\/div><\/div><\/div><\/div><\/div><\/div><\/div><\/div><div class=\"vc_row wpb_row vc_row-fluid vc_custom_1701699917169 mpc-row\"><div class=\"wpb_column vc_column_container vc_col-sm-12 mpc-column\" data-column-id=\"mpc_column-726a0399a8d7dd7\"><div class=\"vc_column-inner\"><div class=\"wpb_wrapper\"><\/div><\/div><\/div><\/div>\r\n<\/div>[\/vc_column][\/vc_row]<\/div>","protected":false},"excerpt":{"rendered":"<p>OFFRE EXCLUSIVELES 3 PREMI&Egrave;RES ANN&Eacute;ES &Agrave; 2,22 &euro;\/MOIS PROFITEZ EN PAS DE JOURNAL 100+ LOCALISATIONS P2P autoris&eacute; Facile &agrave; utiliser Garantie de 30 Jours Assistance amicale Bitcoin accept&eacute; Vitesse de l&#8217;&eacute;clair<\/p>\n","protected":false},"author":6,"featured_media":0,"parent":0,"menu_order":0,"comment_status":"closed","ping_status":"open","template":"","meta":{"footnotes":""},"yst_prominent_words":[1591,1170,2268,2271,2269,1157,1072,1078,1582,1465,1369,1594,1116,1576,1081,1399,2270,1565,2121,1729],"class_list":["post-4841","page","type-page","status-publish","hentry"],"_links":{"self":[{"href":"https:\/\/www.le-vpn.com\/fr\/wp-json\/wp\/v2\/pages\/4841","targetHints":{"allow":["GET"]}}],"collection":[{"href":"https:\/\/www.le-vpn.com\/fr\/wp-json\/wp\/v2\/pages"}],"about":[{"href":"https:\/\/www.le-vpn.com\/fr\/wp-json\/wp\/v2\/types\/page"}],"author":[{"embeddable":true,"href":"https:\/\/www.le-vpn.com\/fr\/wp-json\/wp\/v2\/users\/6"}],"replies":[{"embeddable":true,"href":"https:\/\/www.le-vpn.com\/fr\/wp-json\/wp\/v2\/comments?post=4841"}],"version-history":[{"count":16,"href":"https:\/\/www.le-vpn.com\/fr\/wp-json\/wp\/v2\/pages\/4841\/revisions"}],"predecessor-version":[{"id":28646,"href":"https:\/\/www.le-vpn.com\/fr\/wp-json\/wp\/v2\/pages\/4841\/revisions\/28646"}],"wp:attachment":[{"href":"https:\/\/www.le-vpn.com\/fr\/wp-json\/wp\/v2\/media?parent=4841"}],"wp:term":[{"taxonomy":"yst_prominent_words","embeddable":true,"href":"https:\/\/www.le-vpn.com\/fr\/wp-json\/wp\/v2\/yst_prominent_words?post=4841"}],"curies":[{"name":"wp","href":"https:\/\/api.w.org\/{rel}","templated":true}]}}