{"id":4567,"date":"2014-04-15T22:57:08","date_gmt":"2014-04-15T22:57:08","guid":{"rendered":"http:\/\/www.le-vpn.com\/fr\/?page_id=4567"},"modified":"2017-08-07T10:10:54","modified_gmt":"2017-08-07T08:10:54","slug":"service-vpn-de-haut-debit","status":"publish","type":"page","link":"https:\/\/www.le-vpn.com\/fr\/service-vpn-de-haut-debit\/","title":{"rendered":"Un service VPN de haut d\u00e9bit garanti"},"content":{"rendered":"<div class=\"wpb-content-wrapper\"><p>[vc_row css=&#8221;.vc_custom_1501784622971{margin-bottom: 30px !important;}&#8221;][vc_column][vc_column_text]<\/p>\n<p style=\"font-size: 16px; line-height: 1.5em;\"><img decoding=\"async\" width=\"250\" height=\"250\" class=\"size-medium wp-image-1198 alignright\" src=\"https:\/\/www.le-vpn.com\/fr\/wp-content\/uploads\/2013\/07\/world-250x250.png\" alt=\"VPN haut d\u00e9bit | Le VPN\" srcset=\"https:\/\/www.le-vpn.com\/fr\/wp-content\/uploads\/2013\/07\/world-250x250.png 250w, https:\/\/www.le-vpn.com\/fr\/wp-content\/uploads\/2013\/07\/world-150x150.png 150w, https:\/\/www.le-vpn.com\/fr\/wp-content\/uploads\/2013\/07\/world-120x120.png 120w, https:\/\/www.le-vpn.com\/fr\/wp-content\/uploads\/2013\/07\/world.png 512w\" sizes=\"(max-width: 250px) 100vw, 250px\" \/>Il est assez probable que votre empreinte num\u00e9rique existera toujours, il est donc plus important que jamais de s&#8217;assurer que l&#8217;empreinte est aussi limit\u00e9e et masqu\u00e9e que possible. Pour se prot\u00e9ger, de nombreux internautes se tournent vers les r\u00e9seaux priv\u00e9s virtuels (VPN). Cette technologie vous permet de faire transiter le trafic Internet via des serveurs situ\u00e9s dans votre pays ou \u00e0 l&#8217;\u00e9tranger pour renforcer votre confidentialit\u00e9 en ligne et emp\u00eacher que des tiers ne voient votre activit\u00e9 en ligne.<\/p>\n<p style=\"font-size: 16px; line-height: 1.5em;\">Et m\u00eame si la confidentialit\u00e9 est assur\u00e9e, dans le monde num\u00e9rique actuel en constante \u00e9volution, le fait d\u2019acheminer votre trafic Internet de mani\u00e8re peut vous para\u00eetre faire ralentir votre vitesse de connexion. Heureusement, chez Le VPN, nous d\u00e9veloppons des solutions innovantes qui sont con\u00e7ues pour prot\u00e9ger votre vie priv\u00e9e lors de la connexion \u00e0 Internet, tout en conservant votre connexion pour qu\u2019elle ne soit pas compromise. La connexion \u00e0 un VPN peut causer des vitesses plus lentes, mais cela est g\u00e9n\u00e9ralement tr\u00e8s limit\u00e9 et para\u00eet inaper\u00e7u. Si, toutefois, un utilisateur est bas\u00e9 aux \u00c9tats-Unis et utilise un serveur en Australie pour naviguer sur des sites europ\u00e9ens, la vitesse peut devenir plus lente. Pour rem\u00e9dier \u00e0 cela, nous recommandons aux utilisateurs de se connecter au serveur VPN le plus proche de leur situation g\u00e9ographique, en supposant qu&#8217;il n&#8217;y ait pas de diff\u00e9rence dans les types de contenu que vous consultez.<\/p>\n<p style=\"font-size: 16px; line-height: 1.5em;\">Afin de vous offrir le meilleur service possible, Le VPN propose un service de VPN haut d\u00e9bit de pointe qui permet aux utilisateurs de d\u00e9bloquer leurs sites pr\u00e9f\u00e9r\u00e9s et \u00e9missions de t\u00e9l\u00e9vision, de prot\u00e9ger leurs empreintes num\u00e9riques et de b\u00e9n\u00e9ficier de vitesses de connexion rapides, le tout via un seul et m\u00eame outil. Le VPN a\u00a0d\u00e9ploy\u00e9 l\u2019algorithme Lempel-Ziv-Oberhumer pour permettre <a title=\"La compression du trafic\" href=\"https:\/\/www.le-vpn.com\/fr\/compression-du-trafic\/\">la compression du trafic<\/a> de toutes les connexions VPN, afin d\u2019augmenter la vitesse de votre connexion.<\/p>\n<p style=\"font-size: 16px; line-height: 1.5em;\">Tout internaute qui se soucie de sa vie priv\u00e9e ne peut pas se permettre de fonctionner sans un service VPN \u00e0 haut d\u00e9bit. La technologie VPN permet \u00e9galement d&#8217;acc\u00e9der \u00e0 des sites Web et des \u00e9missions de t\u00e9l\u00e9vision qui sont bloqu\u00e9s dans certaines r\u00e9gions ou pays. Cela signifie que vous n&#8217;aurez jamais \u00e0 vous soucier de manquer un \u00e9v\u00e9nement sportif ou journal d\u2019information quand vous voyagez \u00e0 l&#8217;\u00e9tranger. Cela implique \u00e9galement que les gouvernements d\u00e9sireux de censurer les citoyens de leur pays et ceux qui voyagent \u00e0 l&#8217;int\u00e9rieur de leurs fronti\u00e8res ne sont pas en mesure de restreindre votre acc\u00e8s \u00e0 Internet. Au lieu de cela, en s&#8217;appuyant sur les solutions VPN, toutes les informations peuvent \u00eatre facilement accessibles.<\/p>\n<p style=\"font-size: 16px; line-height: 1.5em;\">Votre confidentialit\u00e9 en ligne est indispensable, et vous devez faire tout ce que vous pouvez pour la prot\u00e9ger autant que possible. En tirant parti de nos solutions VPN, le processus est simple. Le VPN propose un abonnement unique, tout compris qui est s\u00fbr de satisfaire vos besoins. <a href=\"https:\/\/www.le-vpn.com\/fr\/acheter-le-vpn\/\">Cliquez ici<\/a> pour en savoir plus la fa\u00e7on dont vous pouvez b\u00e9n\u00e9ficier aujourd&#8217;hui de notre service de VPN haut d\u00e9bit.<\/p>\n<p>[\/vc_column_text][\/vc_column][\/vc_row][vc_row][vc_column]<div class=\"templatera_shortcode\"><div class=\"vc_row wpb_row vc_row-fluid mpc-row\"><div class=\"wpb_column vc_column_container vc_col-sm-12 mpc-column\" data-column-id=\"mpc_column-146a039f82c0772\"><div class=\"vc_column-inner\"><div class=\"wpb_wrapper\"><div data-id=\"mpc_callout-786a039f82be50d\" class=\"mpc-callout mpc-init mpc-callout--style_1 \"><div class=\"mpc-callout__icon-wrap mpc-icon--image\"><div class=\"mpc-callout__icon\"><i class=\"mpc-transition \"><img decoding=\"async\" class=\"\" src=\"https:\/\/www.le-vpn.com\/fr\/wp-content\/uploads\/2025\/09\/exclusive-deal.png\" width=\"100\" height=\"100\" alt=\"exclusive-deal\" title=\"exclusive-deal\" loading=\"lazy\"><\/i><\/div><\/div><div class=\"mpc-callout__content\"><h3 class=\"mpc-callout__heading mpc-typography--preset_1\">OFFRE EXCLUSIVE<\/h3><div data-id=\"mpc_divider-296a039f82be5be\" class=\"mpc-divider-wrap\"><div class=\"mpc-divider mpc-init mpc-align--center mpc-disable--left \"><div class=\"mpc-divider__line mpc-side--left\"><span><\/span><\/div><div class=\"mpc-divider__line mpc-side--right\"><span><\/span><\/div><\/div><\/div><div class=\"mpc-callout__description\"><p>LES 3 PREMI&Egrave;RES ANN&Eacute;ES &Agrave; 2,22 &euro;\/MOIS<\/p>\n<\/div><\/div><div class=\"mpc-callout__button\"><a href=\"https:\/\/www.le-vpn.com\/fr\/acheter-le-vpn\/\" title=\"\" data-id=\"mpc_button-246a039f82be57d\" class=\"mpc-button mpc-init mpc-transition mpc-typography--preset_2 \"><div class=\"mpc-button__content mpc-effect-type--none mpc-effect-side--none\"><span class=\"mpc-button__title mpc-transition\">PROFITEZ EN<\/span><\/div><div class=\"mpc-button__background mpc-transition mpc-effect-type--fade mpc-effect-side--in\"><\/div><\/a><\/div><\/div><div class=\"vc_row wpb_row vc_inner vc_row-fluid vc_custom_1725366128652 mpc-row\"><div class=\"wpb_column vc_column_container vc_col-sm-3 mpc-column\" data-column-id=\"mpc_column-566a039f82bf173\"><div class=\"vc_column-inner\"><div class=\"wpb_wrapper\">\n\t<div class=\"wpb_raw_code wpb_raw_html wpb_content_element vc_custom_1619036285031\">\n\t\t<div class=\"wpb_wrapper\">\n\t\t\t<p style=\"font-size:15px;color:#444;margin-left:20px;\"><svg width=\"16\" style=\"vertical-align: -10%;margin-right:10px;\" xmlns=\"http:\/\/www.w3.org\/2000\/svg\" viewbox=\"0 0 81.68 81.67\"><defs><style>.cls-1{fill:#7ec58e;}.cls-2{fill:#fff;}<\/style><\/defs><path class=\"cls-1\" d=\"M40.84,0A40.84,40.84,0,1,0,81.68,40.84,40.83,40.83,0,0,0,40.84,0Z\"><\/path><g id=\"done\"><g id=\"check-circle-outline\"><polygon class=\"cls-2\" points=\"18.69 39.75 13.55 44.89 30.07 61.41 66.79 24.69 61.65 19.55 30.07 51.13 18.69 39.75\"><\/polygon><\/g><\/g><\/svg>PAS DE JOURNAL<\/p>\n\t\t<\/div>\n\t<\/div>\n\n\t<div class=\"wpb_raw_code wpb_raw_html wpb_content_element vc_custom_1699541177365\">\n\t\t<div class=\"wpb_wrapper\">\n\t\t\t<p style=\"font-size:15px;color:#444;margin-left:20px;\"><svg width=\"16\" style=\"vertical-align: -10%;margin-right:10px;\" xmlns=\"http:\/\/www.w3.org\/2000\/svg\" viewbox=\"0 0 81.68 81.67\"><defs><style>.cls-1{fill:#7ec58e;}.cls-2{fill:#fff;}<\/style><\/defs><path class=\"cls-1\" d=\"M40.84,0A40.84,40.84,0,1,0,81.68,40.84,40.83,40.83,0,0,0,40.84,0Z\"><\/path><g id=\"done\"><g id=\"check-circle-outline\"><polygon class=\"cls-2\" points=\"18.69 39.75 13.55 44.89 30.07 61.41 66.79 24.69 61.65 19.55 30.07 51.13 18.69 39.75\"><\/polygon><\/g><\/g><\/svg>100+ LOCALISTATIONS<\/p>\n\t\t<\/div>\n\t<\/div>\n<\/div><\/div><\/div><div class=\"wpb_column vc_column_container vc_col-sm-3 mpc-column\" data-column-id=\"mpc_column-906a039f82bf610\"><div class=\"vc_column-inner\"><div class=\"wpb_wrapper\">\n\t<div class=\"wpb_raw_code wpb_raw_html wpb_content_element vc_custom_1619036301667\">\n\t\t<div class=\"wpb_wrapper\">\n\t\t\t<p style=\"font-size:15px;color:#444;text-transform: uppercase;margin-left:20px;\"><svg width=\"16\" style=\"vertical-align: -10%;margin-right:10px;\" xmlns=\"http:\/\/www.w3.org\/2000\/svg\" viewbox=\"0 0 81.68 81.67\"><defs><style>.cls-1{fill:#7ec58e;}.cls-2{fill:#fff;}<\/style><\/defs><path class=\"cls-1\" d=\"M40.84,0A40.84,40.84,0,1,0,81.68,40.84,40.83,40.83,0,0,0,40.84,0Z\"><\/path><g id=\"done\"><g id=\"check-circle-outline\"><polygon class=\"cls-2\" points=\"18.69 39.75 13.55 44.89 30.07 61.41 66.79 24.69 61.65 19.55 30.07 51.13 18.69 39.75\"><\/polygon><\/g><\/g><\/svg>P2P autoris&eacute;<\/p>\n\t\t<\/div>\n\t<\/div>\n\n\t<div class=\"wpb_raw_code wpb_raw_html wpb_content_element vc_custom_1619036309021\">\n\t\t<div class=\"wpb_wrapper\">\n\t\t\t<p style=\"font-size:15px;color:#444;text-transform: uppercase;margin-left:20px;\"><svg width=\"16\" style=\"vertical-align: -10%;margin-right:10px;\" xmlns=\"http:\/\/www.w3.org\/2000\/svg\" viewbox=\"0 0 81.68 81.67\"><defs><style>.cls-1{fill:#7ec58e;}.cls-2{fill:#fff;}<\/style><\/defs><path class=\"cls-1\" d=\"M40.84,0A40.84,40.84,0,1,0,81.68,40.84,40.83,40.83,0,0,0,40.84,0Z\"><\/path><g id=\"done\"><g id=\"check-circle-outline\"><polygon class=\"cls-2\" points=\"18.69 39.75 13.55 44.89 30.07 61.41 66.79 24.69 61.65 19.55 30.07 51.13 18.69 39.75\"><\/polygon><\/g><\/g><\/svg>Facile &agrave; utiliser<\/p>\n\t\t<\/div>\n\t<\/div>\n<\/div><\/div><\/div><div class=\"wpb_column vc_column_container vc_col-sm-3 mpc-column\" data-column-id=\"mpc_column-316a039f82bfa17\"><div class=\"vc_column-inner\"><div class=\"wpb_wrapper\">\n\t<div class=\"wpb_raw_code wpb_raw_html wpb_content_element vc_custom_1622661892749\">\n\t\t<div class=\"wpb_wrapper\">\n\t\t\t<p style=\"font-size:15px;color:#444;text-transform: uppercase;margin-left:20px;\"><svg width=\"16\" style=\"vertical-align: -10%;margin-right:10px;\" xmlns=\"http:\/\/www.w3.org\/2000\/svg\" viewbox=\"0 0 81.68 81.67\"><defs><style>.cls-1{fill:#7ec58e;}.cls-2{fill:#fff;}<\/style><\/defs><path class=\"cls-1\" d=\"M40.84,0A40.84,40.84,0,1,0,81.68,40.84,40.83,40.83,0,0,0,40.84,0Z\"><\/path><g id=\"done\"><g id=\"check-circle-outline\"><polygon class=\"cls-2\" points=\"18.69 39.75 13.55 44.89 30.07 61.41 66.79 24.69 61.65 19.55 30.07 51.13 18.69 39.75\"><\/polygon><\/g><\/g><\/svg>Garantie de 30 Jours<\/p>\n\t\t<\/div>\n\t<\/div>\n\n\t<div class=\"wpb_raw_code wpb_raw_html wpb_content_element vc_custom_1619036325410\">\n\t\t<div class=\"wpb_wrapper\">\n\t\t\t<p style=\"font-size:15px;color:#444;text-transform: uppercase;margin-left:20px;\"><svg width=\"16\" style=\"vertical-align: -10%;margin-right:10px;\" xmlns=\"http:\/\/www.w3.org\/2000\/svg\" viewbox=\"0 0 81.68 81.67\"><defs><style>.cls-1{fill:#7ec58e;}.cls-2{fill:#fff;}<\/style><\/defs><path class=\"cls-1\" d=\"M40.84,0A40.84,40.84,0,1,0,81.68,40.84,40.83,40.83,0,0,0,40.84,0Z\"><\/path><g id=\"done\"><g id=\"check-circle-outline\"><polygon class=\"cls-2\" points=\"18.69 39.75 13.55 44.89 30.07 61.41 66.79 24.69 61.65 19.55 30.07 51.13 18.69 39.75\"><\/polygon><\/g><\/g><\/svg>Assistance amicale<\/p>\n\t\t<\/div>\n\t<\/div>\n<\/div><\/div><\/div><div class=\"wpb_column vc_column_container vc_col-sm-3 mpc-column\" data-column-id=\"mpc_column-766a039f82bfdf9\"><div class=\"vc_column-inner\"><div class=\"wpb_wrapper\">\n\t<div class=\"wpb_raw_code wpb_raw_html wpb_content_element vc_custom_1619036333385\">\n\t\t<div class=\"wpb_wrapper\">\n\t\t\t<p style=\"font-size:15px;color:#444;text-transform: uppercase;margin-left:20px;\"><svg width=\"16\" style=\"vertical-align: -10%;margin-right:10px;\" xmlns=\"http:\/\/www.w3.org\/2000\/svg\" viewbox=\"0 0 81.68 81.67\"><defs><style>.cls-1{fill:#7ec58e;}.cls-2{fill:#fff;}<\/style><\/defs><path class=\"cls-1\" d=\"M40.84,0A40.84,40.84,0,1,0,81.68,40.84,40.83,40.83,0,0,0,40.84,0Z\"><\/path><g id=\"done\"><g id=\"check-circle-outline\"><polygon class=\"cls-2\" points=\"18.69 39.75 13.55 44.89 30.07 61.41 66.79 24.69 61.65 19.55 30.07 51.13 18.69 39.75\"><\/polygon><\/g><\/g><\/svg>Bitcoin accept&eacute;<\/p>\n\t\t<\/div>\n\t<\/div>\n\n\t<div class=\"wpb_raw_code wpb_raw_html wpb_content_element vc_custom_1619036340951\">\n\t\t<div class=\"wpb_wrapper\">\n\t\t\t<p style=\"font-size:15px;color:#444;text-transform: uppercase;margin-left:20px;\"><svg width=\"16\" style=\"vertical-align: -10%;margin-right:10px;\" xmlns=\"http:\/\/www.w3.org\/2000\/svg\" viewbox=\"0 0 81.68 81.67\"><defs><style>.cls-1{fill:#7ec58e;}.cls-2{fill:#fff;}<\/style><\/defs><path class=\"cls-1\" d=\"M40.84,0A40.84,40.84,0,1,0,81.68,40.84,40.83,40.83,0,0,0,40.84,0Z\"><\/path><g id=\"done\"><g id=\"check-circle-outline\"><polygon class=\"cls-2\" points=\"18.69 39.75 13.55 44.89 30.07 61.41 66.79 24.69 61.65 19.55 30.07 51.13 18.69 39.75\"><\/polygon><\/g><\/g><\/svg>Vitesse de l'&eacute;clair<\/p>\n\t\t<\/div>\n\t<\/div>\n<\/div><\/div><\/div><\/div><\/div><\/div><\/div><\/div><div class=\"vc_row wpb_row vc_row-fluid vc_custom_1701699917169 mpc-row\"><div class=\"wpb_column vc_column_container vc_col-sm-12 mpc-column\" data-column-id=\"mpc_column-486a039f82c1381\"><div class=\"vc_column-inner\"><div class=\"wpb_wrapper\"><\/div><\/div><\/div><\/div>\r\n<\/div>[\/vc_column][\/vc_row]<\/p>\n[vc_row][vc_column]<div class=\"templatera_shortcode\"><div class=\"vc_row wpb_row vc_row-fluid mpc-row\"><div class=\"wpb_column vc_column_container vc_col-sm-12 mpc-column\" data-column-id=\"mpc_column-406a039f82c50cf\"><div class=\"vc_column-inner\"><div class=\"wpb_wrapper\"><div data-id=\"mpc_callout-956a039f82c2056\" class=\"mpc-callout mpc-init mpc-callout--style_1 \"><div class=\"mpc-callout__icon-wrap mpc-icon--image\"><div class=\"mpc-callout__icon\"><i class=\"mpc-transition \"><img decoding=\"async\" class=\"\" src=\"https:\/\/www.le-vpn.com\/fr\/wp-content\/uploads\/2025\/09\/exclusive-deal.png\" width=\"100\" height=\"100\" alt=\"exclusive-deal\" title=\"exclusive-deal\" loading=\"lazy\"><\/i><\/div><\/div><div class=\"mpc-callout__content\"><h3 class=\"mpc-callout__heading mpc-typography--preset_1\">OFFRE EXCLUSIVE<\/h3><div data-id=\"mpc_divider-946a039f82c20f0\" class=\"mpc-divider-wrap\"><div class=\"mpc-divider mpc-init mpc-align--center mpc-disable--left \"><div class=\"mpc-divider__line mpc-side--left\"><span><\/span><\/div><div class=\"mpc-divider__line mpc-side--right\"><span><\/span><\/div><\/div><\/div><div class=\"mpc-callout__description\"><p>LES 3 PREMI&Egrave;RES ANN&Eacute;ES &Agrave; 2,22 &euro;\/MOIS<\/p>\n<\/div><\/div><div class=\"mpc-callout__button\"><a href=\"https:\/\/www.le-vpn.com\/fr\/acheter-le-vpn\/\" title=\"\" data-id=\"mpc_button-346a039f82c20b8\" class=\"mpc-button mpc-init mpc-transition mpc-typography--preset_2 \"><div class=\"mpc-button__content mpc-effect-type--none mpc-effect-side--none\"><span class=\"mpc-button__title mpc-transition\">PROFITEZ EN<\/span><\/div><div class=\"mpc-button__background mpc-transition mpc-effect-type--fade mpc-effect-side--in\"><\/div><\/a><\/div><\/div><div class=\"vc_row wpb_row vc_inner vc_row-fluid vc_custom_1725366294400 mpc-row\"><div class=\"wpb_column vc_column_container vc_col-sm-3 mpc-column\" data-column-id=\"mpc_column-326a039f82c25d7\"><div class=\"vc_column-inner\"><div class=\"wpb_wrapper\">\n\t<div class=\"wpb_raw_code wpb_raw_html wpb_content_element vc_custom_1619036137534\">\n\t\t<div class=\"wpb_wrapper\">\n\t\t\t<p style=\"font-size:14px;color:#444;margin-left:20px;\"><svg width=\"16\" style=\"vertical-align: -10%;margin-right:10px;\" xmlns=\"http:\/\/www.w3.org\/2000\/svg\" viewbox=\"0 0 81.68 81.67\"><defs><style>.cls-1{fill:#7ec58e;}.cls-2{fill:#fff;}<\/style><\/defs><path class=\"cls-1\" d=\"M40.84,0A40.84,40.84,0,1,0,81.68,40.84,40.83,40.83,0,0,0,40.84,0Z\"><\/path><g id=\"done\"><g id=\"check-circle-outline\"><polygon class=\"cls-2\" points=\"18.69 39.75 13.55 44.89 30.07 61.41 66.79 24.69 61.65 19.55 30.07 51.13 18.69 39.75\"><\/polygon><\/g><\/g><\/svg>PAS DE JOURNAL<\/p>\n\t\t<\/div>\n\t<\/div>\n\n\t<div class=\"wpb_raw_code wpb_raw_html wpb_content_element vc_custom_1699541136156\">\n\t\t<div class=\"wpb_wrapper\">\n\t\t\t<p style=\"font-size:14px;color:#444;margin-left:20px;\"><svg width=\"16\" style=\"vertical-align: -10%;margin-right:10px;\" xmlns=\"http:\/\/www.w3.org\/2000\/svg\" viewbox=\"0 0 81.68 81.67\"><defs><style>.cls-1{fill:#7ec58e;}.cls-2{fill:#fff;}<\/style><\/defs><path class=\"cls-1\" d=\"M40.84,0A40.84,40.84,0,1,0,81.68,40.84,40.83,40.83,0,0,0,40.84,0Z\"><\/path><g id=\"done\"><g id=\"check-circle-outline\"><polygon class=\"cls-2\" points=\"18.69 39.75 13.55 44.89 30.07 61.41 66.79 24.69 61.65 19.55 30.07 51.13 18.69 39.75\"><\/polygon><\/g><\/g><\/svg>100+ LOCALISATIONS<\/p>\n\t\t<\/div>\n\t<\/div>\n<\/div><\/div><\/div><div class=\"wpb_column vc_column_container vc_col-sm-3 mpc-column\" data-column-id=\"mpc_column-416a039f82c29d4\"><div class=\"vc_column-inner\"><div class=\"wpb_wrapper\">\n\t<div class=\"wpb_raw_code wpb_raw_html wpb_content_element vc_custom_1619036153466\">\n\t\t<div class=\"wpb_wrapper\">\n\t\t\t<p style=\"font-size:14px;color:#444;text-transform: uppercase;margin-left:20px;\"><svg width=\"16\" style=\"vertical-align: -10%;margin-right:10px;\" xmlns=\"http:\/\/www.w3.org\/2000\/svg\" viewbox=\"0 0 81.68 81.67\"><defs><style>.cls-1{fill:#7ec58e;}.cls-2{fill:#fff;}<\/style><\/defs><path class=\"cls-1\" d=\"M40.84,0A40.84,40.84,0,1,0,81.68,40.84,40.83,40.83,0,0,0,40.84,0Z\"><\/path><g id=\"done\"><g id=\"check-circle-outline\"><polygon class=\"cls-2\" points=\"18.69 39.75 13.55 44.89 30.07 61.41 66.79 24.69 61.65 19.55 30.07 51.13 18.69 39.75\"><\/polygon><\/g><\/g><\/svg>P2P autoris&eacute;<\/p>\n\t\t<\/div>\n\t<\/div>\n\n\t<div class=\"wpb_raw_code wpb_raw_html wpb_content_element vc_custom_1619036161279\">\n\t\t<div class=\"wpb_wrapper\">\n\t\t\t<p style=\"font-size:14px;color:#444;text-transform: uppercase;margin-left:20px;\"><svg width=\"16\" style=\"vertical-align: -10%;margin-right:10px;\" xmlns=\"http:\/\/www.w3.org\/2000\/svg\" viewbox=\"0 0 81.68 81.67\"><defs><style>.cls-1{fill:#7ec58e;}.cls-2{fill:#fff;}<\/style><\/defs><path class=\"cls-1\" d=\"M40.84,0A40.84,40.84,0,1,0,81.68,40.84,40.83,40.83,0,0,0,40.84,0Z\"><\/path><g id=\"done\"><g id=\"check-circle-outline\"><polygon class=\"cls-2\" points=\"18.69 39.75 13.55 44.89 30.07 61.41 66.79 24.69 61.65 19.55 30.07 51.13 18.69 39.75\"><\/polygon><\/g><\/g><\/svg>Facile &agrave; utiliser<\/p>\n\t\t<\/div>\n\t<\/div>\n<\/div><\/div><\/div><div class=\"wpb_column vc_column_container vc_col-sm-3 mpc-column\" data-column-id=\"mpc_column-516a039f82c4309\"><div class=\"vc_column-inner\"><div class=\"wpb_wrapper\">\n\t<div class=\"wpb_raw_code wpb_raw_html wpb_content_element vc_custom_1622661737627\">\n\t\t<div class=\"wpb_wrapper\">\n\t\t\t<p style=\"font-size:13px;color:#444;text-transform: uppercase;margin-left:20px;\"><svg width=\"16\" style=\"vertical-align: -10%;margin-right:10px;\" xmlns=\"http:\/\/www.w3.org\/2000\/svg\" viewbox=\"0 0 81.68 81.67\"><defs><style>.cls-1{fill:#7ec58e;}.cls-2{fill:#fff;}<\/style><\/defs><path class=\"cls-1\" d=\"M40.84,0A40.84,40.84,0,1,0,81.68,40.84,40.83,40.83,0,0,0,40.84,0Z\"><\/path><g id=\"done\"><g id=\"check-circle-outline\"><polygon class=\"cls-2\" points=\"18.69 39.75 13.55 44.89 30.07 61.41 66.79 24.69 61.65 19.55 30.07 51.13 18.69 39.75\"><\/polygon><\/g><\/g><\/svg>Garantie de 30 Jours<\/p>\n\t\t<\/div>\n\t<\/div>\n\n\t<div class=\"wpb_raw_code wpb_raw_html wpb_content_element vc_custom_1619036177713\">\n\t\t<div class=\"wpb_wrapper\">\n\t\t\t<p style=\"font-size:14px;color:#444;text-transform: uppercase;margin-left:20px;\"><svg width=\"16\" style=\"vertical-align: -10%;margin-right:10px;\" xmlns=\"http:\/\/www.w3.org\/2000\/svg\" viewbox=\"0 0 81.68 81.67\"><defs><style>.cls-1{fill:#7ec58e;}.cls-2{fill:#fff;}<\/style><\/defs><path class=\"cls-1\" d=\"M40.84,0A40.84,40.84,0,1,0,81.68,40.84,40.83,40.83,0,0,0,40.84,0Z\"><\/path><g id=\"done\"><g id=\"check-circle-outline\"><polygon class=\"cls-2\" points=\"18.69 39.75 13.55 44.89 30.07 61.41 66.79 24.69 61.65 19.55 30.07 51.13 18.69 39.75\"><\/polygon><\/g><\/g><\/svg>Assistance amicale<\/p>\n\t\t<\/div>\n\t<\/div>\n<\/div><\/div><\/div><div class=\"wpb_column vc_column_container vc_col-sm-3 mpc-column\" data-column-id=\"mpc_column-776a039f82c475e\"><div class=\"vc_column-inner\"><div class=\"wpb_wrapper\">\n\t<div class=\"wpb_raw_code wpb_raw_html wpb_content_element vc_custom_1619036185445\">\n\t\t<div class=\"wpb_wrapper\">\n\t\t\t<p style=\"font-size:14px;color:#444;text-transform: uppercase;margin-left:20px;\"><svg width=\"16\" style=\"vertical-align: -10%;margin-right:10px;\" xmlns=\"http:\/\/www.w3.org\/2000\/svg\" viewbox=\"0 0 81.68 81.67\"><defs><style>.cls-1{fill:#7ec58e;}.cls-2{fill:#fff;}<\/style><\/defs><path class=\"cls-1\" d=\"M40.84,0A40.84,40.84,0,1,0,81.68,40.84,40.83,40.83,0,0,0,40.84,0Z\"><\/path><g id=\"done\"><g id=\"check-circle-outline\"><polygon class=\"cls-2\" points=\"18.69 39.75 13.55 44.89 30.07 61.41 66.79 24.69 61.65 19.55 30.07 51.13 18.69 39.75\"><\/polygon><\/g><\/g><\/svg>Bitcoin accept&eacute;<\/p>\n\t\t<\/div>\n\t<\/div>\n\n\t<div class=\"wpb_raw_code wpb_raw_html wpb_content_element vc_custom_1619036194514\">\n\t\t<div class=\"wpb_wrapper\">\n\t\t\t<p style=\"font-size:14px;color:#444;text-transform: uppercase;margin-left:20px;\"><svg width=\"16\" style=\"vertical-align: -10%;margin-right:10px;\" xmlns=\"http:\/\/www.w3.org\/2000\/svg\" viewbox=\"0 0 81.68 81.67\"><defs><style>.cls-1{fill:#7ec58e;}.cls-2{fill:#fff;}<\/style><\/defs><path class=\"cls-1\" d=\"M40.84,0A40.84,40.84,0,1,0,81.68,40.84,40.83,40.83,0,0,0,40.84,0Z\"><\/path><g id=\"done\"><g id=\"check-circle-outline\"><polygon class=\"cls-2\" points=\"18.69 39.75 13.55 44.89 30.07 61.41 66.79 24.69 61.65 19.55 30.07 51.13 18.69 39.75\"><\/polygon><\/g><\/g><\/svg>Vitesse de l'&eacute;clair<\/p>\n\t\t<\/div>\n\t<\/div>\n<\/div><\/div><\/div><\/div><\/div><\/div><\/div><\/div><div class=\"vc_row wpb_row vc_row-fluid vc_custom_1701699917169 mpc-row\"><div class=\"wpb_column vc_column_container vc_col-sm-12 mpc-column\" data-column-id=\"mpc_column-266a039f82c5c01\"><div class=\"vc_column-inner\"><div class=\"wpb_wrapper\"><\/div><\/div><\/div><\/div>\r\n<\/div>[\/vc_column][\/vc_row]<\/div>","protected":false},"excerpt":{"rendered":"<p>OFFRE EXCLUSIVELES 3 PREMI&Egrave;RES ANN&Eacute;ES &Agrave; 2,22 &euro;\/MOIS PROFITEZ EN PAS DE JOURNAL 100+ LOCALISATIONS P2P autoris&eacute; Facile &agrave; utiliser Garantie de 30 Jours Assistance amicale Bitcoin accept&eacute; Vitesse de l&#8217;&eacute;clair<\/p>\n","protected":false},"author":6,"featured_media":0,"parent":0,"menu_order":0,"comment_status":"closed","ping_status":"open","template":"","meta":{"footnotes":""},"yst_prominent_words":[1591,2269,1157,3332,1601,3331,1078,1595,1173,1239,3328,3327,1593,3333,2983,3330,1530,1565,3329,2230],"class_list":["post-4567","page","type-page","status-publish","hentry"],"_links":{"self":[{"href":"https:\/\/www.le-vpn.com\/fr\/wp-json\/wp\/v2\/pages\/4567","targetHints":{"allow":["GET"]}}],"collection":[{"href":"https:\/\/www.le-vpn.com\/fr\/wp-json\/wp\/v2\/pages"}],"about":[{"href":"https:\/\/www.le-vpn.com\/fr\/wp-json\/wp\/v2\/types\/page"}],"author":[{"embeddable":true,"href":"https:\/\/www.le-vpn.com\/fr\/wp-json\/wp\/v2\/users\/6"}],"replies":[{"embeddable":true,"href":"https:\/\/www.le-vpn.com\/fr\/wp-json\/wp\/v2\/comments?post=4567"}],"version-history":[{"count":10,"href":"https:\/\/www.le-vpn.com\/fr\/wp-json\/wp\/v2\/pages\/4567\/revisions"}],"predecessor-version":[{"id":29286,"href":"https:\/\/www.le-vpn.com\/fr\/wp-json\/wp\/v2\/pages\/4567\/revisions\/29286"}],"wp:attachment":[{"href":"https:\/\/www.le-vpn.com\/fr\/wp-json\/wp\/v2\/media?parent=4567"}],"wp:term":[{"taxonomy":"yst_prominent_words","embeddable":true,"href":"https:\/\/www.le-vpn.com\/fr\/wp-json\/wp\/v2\/yst_prominent_words?post=4567"}],"curies":[{"name":"wp","href":"https:\/\/api.w.org\/{rel}","templated":true}]}}