{"id":2503,"date":"2013-09-04T12:50:25","date_gmt":"2013-09-04T12:50:25","guid":{"rendered":"http:\/\/fr.le-vpn.net\/?page_id=2503"},"modified":"2017-08-07T10:11:32","modified_gmt":"2017-08-07T08:11:32","slug":"medias-en-ligne","status":"publish","type":"page","link":"https:\/\/www.le-vpn.com\/fr\/medias-en-ligne\/","title":{"rendered":"VPN pour regarder la TV"},"content":{"rendered":"<div class=\"wpb-content-wrapper\"><p>[vc_row css=&#8221;.vc_custom_1501851652854{margin-right: 5px !important;margin-bottom: 30px !important;margin-left: 5px !important;}&#8221;][vc_column]<div id=\"mpc_textblock-5869f9402ad835b\" class=\"mpc-textblock mpc-init mpc-typography--preset_0 \"><p>Internet regorge de m\u00e9dias en ligne!<\/p>\n<p>Vous pouvez appr\u00e9cier votre cha\u00eene de t\u00e9l\u00e9 pr\u00e9f\u00e9r\u00e9e, \u00e9couter la radio, <a href=\"https:\/\/www.le-vpn.com\/fr\/vpn-debloquer-netflix-usa\/\" target=\"_blank\" rel=\"noopener\">Netflix<\/a>, Youtube, regarder les derniers \u00e9pisodes de s\u00e9ries t\u00e9l\u00e9 et les derni\u00e8res informations, directement depuis votre navigateur.<\/p>\n<p>Avec les nouveaux types d\u2019appareils mobiles comme les <a href=\"https:\/\/www.le-vpn.com\/fr\/vpn-pour-ipad\/\" target=\"_blank\" rel=\"noopener\">iPad<\/a> ou <a href=\"https:\/\/www.le-vpn.com\/fr\/vpn-pour-iphone\/\" target=\"_blank\" rel=\"noopener\">iPhone<\/a>, vous pouvez faire la m\u00eame chose et de l\u00e0 o\u00f9 vous vous trouvez : caf\u00e9s, parcs, etc.<\/p>\n<p>Malheureusement, quelques restrictions existent.<img decoding=\"async\" class=\"size-full wp-image-2504 alignleft\" src=\"https:\/\/www.le-vpn.com\/fr\/wp-content\/uploads\/2013\/09\/Medias_en_ligne_medium1.jpg\" alt=\"M\u00e9dias en ligne\" width=\"240\" height=\"180\" \/><\/p>\n<p>Certains contenus internet ne sont accessibles qu\u2019aux internautes ayant l\u2019adresse IP du pays dans lequel ils sont situ\u00e9s.<\/p>\n<p>Ainsi quand vous quittez votre pays, vous ne pouvez plus y acc\u00e9der.<\/p>\n<p>C\u2019est pourquoi Le VPN vous fournit la possibilit\u00e9 d\u2019avoir des adresses IP de 100+ sites diff\u00e9rents.<\/p>\n<p>Vous pourrez vous amuser \u00e0 regarder vos chaines pr\u00e9f\u00e9r\u00e9es de n\u2019importe quel endroit du globe!<\/p>\n<p>Avec notre <a title=\"VPN serveur fran\u00e7ais\" href=\"http:\/\/www.le-vpn.com\/fr\/vpn-france\/\">serveur fran\u00e7ais<\/a>, vous pouvez d\u00e9bloquer la t\u00e9l\u00e9 fran\u00e7aise et profiter de la t\u00e9l\u00e9vision et de la radio fran\u00e7aises comme TF1 en direct live, France 2, 3, 4, 5, M6, etc.<\/p>\n<p>Avec notre <a title=\"VPN serveur am\u00e9ricain\" href=\"http:\/\/www.le-vpn.com\/fr\/vpn-etats-unis\/\">serveur am\u00e9ricain<\/a>, vous pouvez d\u00e9bloquer la t\u00e9l\u00e9 am\u00e9ricaine et profiter d\u2019Hulu, CNN, CBS, Pandora radio, SouthParkStudios.com et d\u2019autres sites web, comme si vous \u00e9tiez aux Etats-Unis. Ou aussi, utiliser Le VPN pour Netflix am\u00e9ricain ou canadien.<\/p>\n<p>Avec notre <a title=\"VPN serveur anglais\" href=\"http:\/\/www.le-vpn.com\/fr\/vpn-royaume-uni\/\">serveur anglais<\/a>, vous pouvez d\u00e9bloquer l\u2019acc\u00e8s d\u2019iBBC player, de la t\u00e9l\u00e9vision et de la radio britannique.<\/p>\n<p>Il en est de m\u00eame pour le <a title=\"le serveur tch\u00e8que\" href=\"http:\/\/www.le-vpn.com\/fr\/vpn-republique-tcheque\/\">serveur tch\u00e8que<\/a>!<\/p>\n<p>Contournez les restrictions et profitez d\u2019Internet, comme il vous plaira !<\/p>\n<\/div>[\/vc_column][\/vc_row][vc_row][vc_column]<div class=\"templatera_shortcode\"><div class=\"vc_row wpb_row vc_row-fluid mpc-row\"><div class=\"wpb_column vc_column_container vc_col-sm-12 mpc-column\" data-column-id=\"mpc_column-2569f9402adc0a4\"><div class=\"vc_column-inner\"><div class=\"wpb_wrapper\"><div data-id=\"mpc_callout-8769f9402ada8c2\" class=\"mpc-callout mpc-init mpc-callout--style_1 \"><div class=\"mpc-callout__icon-wrap mpc-icon--image\"><div class=\"mpc-callout__icon\"><i class=\"mpc-transition \"><img decoding=\"async\" class=\"\" src=\"https:\/\/www.le-vpn.com\/fr\/wp-content\/uploads\/2025\/09\/exclusive-deal.png\" width=\"100\" height=\"100\" alt=\"exclusive-deal\" title=\"exclusive-deal\" loading=\"lazy\"><\/i><\/div><\/div><div class=\"mpc-callout__content\"><h3 class=\"mpc-callout__heading mpc-typography--preset_1\">OFFRE EXCLUSIVE<\/h3><div data-id=\"mpc_divider-369f9402ada97c\" class=\"mpc-divider-wrap\"><div class=\"mpc-divider mpc-init mpc-align--center mpc-disable--left \"><div class=\"mpc-divider__line mpc-side--left\"><span><\/span><\/div><div class=\"mpc-divider__line mpc-side--right\"><span><\/span><\/div><\/div><\/div><div class=\"mpc-callout__description\"><p>LES 3 PREMI&Egrave;RES ANN&Eacute;ES &Agrave; 2,22 &euro;\/MOIS<\/p>\n<\/div><\/div><div class=\"mpc-callout__button\"><a href=\"https:\/\/www.le-vpn.com\/fr\/acheter-le-vpn\/\" title=\"\" data-id=\"mpc_button-5969f9402ada934\" class=\"mpc-button mpc-init mpc-transition mpc-typography--preset_2 \"><div class=\"mpc-button__content mpc-effect-type--none mpc-effect-side--none\"><span class=\"mpc-button__title mpc-transition\">PROFITEZ EN<\/span><\/div><div class=\"mpc-button__background mpc-transition mpc-effect-type--fade mpc-effect-side--in\"><\/div><\/a><\/div><\/div><div class=\"vc_row wpb_row vc_inner vc_row-fluid vc_custom_1725366128652 mpc-row\"><div class=\"wpb_column vc_column_container vc_col-sm-3 mpc-column\" data-column-id=\"mpc_column-5469f9402adb252\"><div class=\"vc_column-inner\"><div class=\"wpb_wrapper\">\n\t<div class=\"wpb_raw_code wpb_raw_html wpb_content_element vc_custom_1619036285031\">\n\t\t<div class=\"wpb_wrapper\">\n\t\t\t<p style=\"font-size:15px;color:#444;margin-left:20px;\"><svg width=\"16\" style=\"vertical-align: -10%;margin-right:10px;\" xmlns=\"http:\/\/www.w3.org\/2000\/svg\" viewbox=\"0 0 81.68 81.67\"><defs><style>.cls-1{fill:#7ec58e;}.cls-2{fill:#fff;}<\/style><\/defs><path class=\"cls-1\" d=\"M40.84,0A40.84,40.84,0,1,0,81.68,40.84,40.83,40.83,0,0,0,40.84,0Z\"><\/path><g id=\"done\"><g id=\"check-circle-outline\"><polygon class=\"cls-2\" points=\"18.69 39.75 13.55 44.89 30.07 61.41 66.79 24.69 61.65 19.55 30.07 51.13 18.69 39.75\"><\/polygon><\/g><\/g><\/svg>PAS DE JOURNAL<\/p>\n\t\t<\/div>\n\t<\/div>\n\n\t<div class=\"wpb_raw_code wpb_raw_html wpb_content_element vc_custom_1699541177365\">\n\t\t<div class=\"wpb_wrapper\">\n\t\t\t<p style=\"font-size:15px;color:#444;margin-left:20px;\"><svg width=\"16\" style=\"vertical-align: -10%;margin-right:10px;\" xmlns=\"http:\/\/www.w3.org\/2000\/svg\" viewbox=\"0 0 81.68 81.67\"><defs><style>.cls-1{fill:#7ec58e;}.cls-2{fill:#fff;}<\/style><\/defs><path class=\"cls-1\" d=\"M40.84,0A40.84,40.84,0,1,0,81.68,40.84,40.83,40.83,0,0,0,40.84,0Z\"><\/path><g id=\"done\"><g id=\"check-circle-outline\"><polygon class=\"cls-2\" points=\"18.69 39.75 13.55 44.89 30.07 61.41 66.79 24.69 61.65 19.55 30.07 51.13 18.69 39.75\"><\/polygon><\/g><\/g><\/svg>100+ LOCALISTATIONS<\/p>\n\t\t<\/div>\n\t<\/div>\n<\/div><\/div><\/div><div class=\"wpb_column vc_column_container vc_col-sm-3 mpc-column\" data-column-id=\"mpc_column-3069f9402adb573\"><div class=\"vc_column-inner\"><div class=\"wpb_wrapper\">\n\t<div class=\"wpb_raw_code wpb_raw_html wpb_content_element vc_custom_1619036301667\">\n\t\t<div class=\"wpb_wrapper\">\n\t\t\t<p style=\"font-size:15px;color:#444;text-transform: uppercase;margin-left:20px;\"><svg width=\"16\" style=\"vertical-align: -10%;margin-right:10px;\" xmlns=\"http:\/\/www.w3.org\/2000\/svg\" viewbox=\"0 0 81.68 81.67\"><defs><style>.cls-1{fill:#7ec58e;}.cls-2{fill:#fff;}<\/style><\/defs><path class=\"cls-1\" d=\"M40.84,0A40.84,40.84,0,1,0,81.68,40.84,40.83,40.83,0,0,0,40.84,0Z\"><\/path><g id=\"done\"><g id=\"check-circle-outline\"><polygon class=\"cls-2\" points=\"18.69 39.75 13.55 44.89 30.07 61.41 66.79 24.69 61.65 19.55 30.07 51.13 18.69 39.75\"><\/polygon><\/g><\/g><\/svg>P2P autoris&eacute;<\/p>\n\t\t<\/div>\n\t<\/div>\n\n\t<div class=\"wpb_raw_code wpb_raw_html wpb_content_element vc_custom_1619036309021\">\n\t\t<div class=\"wpb_wrapper\">\n\t\t\t<p style=\"font-size:15px;color:#444;text-transform: uppercase;margin-left:20px;\"><svg width=\"16\" style=\"vertical-align: -10%;margin-right:10px;\" xmlns=\"http:\/\/www.w3.org\/2000\/svg\" viewbox=\"0 0 81.68 81.67\"><defs><style>.cls-1{fill:#7ec58e;}.cls-2{fill:#fff;}<\/style><\/defs><path class=\"cls-1\" d=\"M40.84,0A40.84,40.84,0,1,0,81.68,40.84,40.83,40.83,0,0,0,40.84,0Z\"><\/path><g id=\"done\"><g id=\"check-circle-outline\"><polygon class=\"cls-2\" points=\"18.69 39.75 13.55 44.89 30.07 61.41 66.79 24.69 61.65 19.55 30.07 51.13 18.69 39.75\"><\/polygon><\/g><\/g><\/svg>Facile &agrave; utiliser<\/p>\n\t\t<\/div>\n\t<\/div>\n<\/div><\/div><\/div><div class=\"wpb_column vc_column_container vc_col-sm-3 mpc-column\" data-column-id=\"mpc_column-4469f9402adb838\"><div class=\"vc_column-inner\"><div class=\"wpb_wrapper\">\n\t<div class=\"wpb_raw_code wpb_raw_html wpb_content_element vc_custom_1622661892749\">\n\t\t<div class=\"wpb_wrapper\">\n\t\t\t<p style=\"font-size:15px;color:#444;text-transform: uppercase;margin-left:20px;\"><svg width=\"16\" style=\"vertical-align: -10%;margin-right:10px;\" xmlns=\"http:\/\/www.w3.org\/2000\/svg\" viewbox=\"0 0 81.68 81.67\"><defs><style>.cls-1{fill:#7ec58e;}.cls-2{fill:#fff;}<\/style><\/defs><path class=\"cls-1\" d=\"M40.84,0A40.84,40.84,0,1,0,81.68,40.84,40.83,40.83,0,0,0,40.84,0Z\"><\/path><g id=\"done\"><g id=\"check-circle-outline\"><polygon class=\"cls-2\" points=\"18.69 39.75 13.55 44.89 30.07 61.41 66.79 24.69 61.65 19.55 30.07 51.13 18.69 39.75\"><\/polygon><\/g><\/g><\/svg>Garantie de 30 Jours<\/p>\n\t\t<\/div>\n\t<\/div>\n\n\t<div class=\"wpb_raw_code wpb_raw_html wpb_content_element vc_custom_1619036325410\">\n\t\t<div class=\"wpb_wrapper\">\n\t\t\t<p style=\"font-size:15px;color:#444;text-transform: uppercase;margin-left:20px;\"><svg width=\"16\" style=\"vertical-align: -10%;margin-right:10px;\" xmlns=\"http:\/\/www.w3.org\/2000\/svg\" viewbox=\"0 0 81.68 81.67\"><defs><style>.cls-1{fill:#7ec58e;}.cls-2{fill:#fff;}<\/style><\/defs><path class=\"cls-1\" d=\"M40.84,0A40.84,40.84,0,1,0,81.68,40.84,40.83,40.83,0,0,0,40.84,0Z\"><\/path><g id=\"done\"><g id=\"check-circle-outline\"><polygon class=\"cls-2\" points=\"18.69 39.75 13.55 44.89 30.07 61.41 66.79 24.69 61.65 19.55 30.07 51.13 18.69 39.75\"><\/polygon><\/g><\/g><\/svg>Assistance amicale<\/p>\n\t\t<\/div>\n\t<\/div>\n<\/div><\/div><\/div><div class=\"wpb_column vc_column_container vc_col-sm-3 mpc-column\" data-column-id=\"mpc_column-4669f9402adbae7\"><div class=\"vc_column-inner\"><div class=\"wpb_wrapper\">\n\t<div class=\"wpb_raw_code wpb_raw_html wpb_content_element vc_custom_1619036333385\">\n\t\t<div class=\"wpb_wrapper\">\n\t\t\t<p style=\"font-size:15px;color:#444;text-transform: uppercase;margin-left:20px;\"><svg width=\"16\" style=\"vertical-align: -10%;margin-right:10px;\" xmlns=\"http:\/\/www.w3.org\/2000\/svg\" viewbox=\"0 0 81.68 81.67\"><defs><style>.cls-1{fill:#7ec58e;}.cls-2{fill:#fff;}<\/style><\/defs><path class=\"cls-1\" d=\"M40.84,0A40.84,40.84,0,1,0,81.68,40.84,40.83,40.83,0,0,0,40.84,0Z\"><\/path><g id=\"done\"><g id=\"check-circle-outline\"><polygon class=\"cls-2\" points=\"18.69 39.75 13.55 44.89 30.07 61.41 66.79 24.69 61.65 19.55 30.07 51.13 18.69 39.75\"><\/polygon><\/g><\/g><\/svg>Bitcoin accept&eacute;<\/p>\n\t\t<\/div>\n\t<\/div>\n\n\t<div class=\"wpb_raw_code wpb_raw_html wpb_content_element vc_custom_1619036340951\">\n\t\t<div class=\"wpb_wrapper\">\n\t\t\t<p style=\"font-size:15px;color:#444;text-transform: uppercase;margin-left:20px;\"><svg width=\"16\" style=\"vertical-align: -10%;margin-right:10px;\" xmlns=\"http:\/\/www.w3.org\/2000\/svg\" viewbox=\"0 0 81.68 81.67\"><defs><style>.cls-1{fill:#7ec58e;}.cls-2{fill:#fff;}<\/style><\/defs><path class=\"cls-1\" d=\"M40.84,0A40.84,40.84,0,1,0,81.68,40.84,40.83,40.83,0,0,0,40.84,0Z\"><\/path><g id=\"done\"><g id=\"check-circle-outline\"><polygon class=\"cls-2\" points=\"18.69 39.75 13.55 44.89 30.07 61.41 66.79 24.69 61.65 19.55 30.07 51.13 18.69 39.75\"><\/polygon><\/g><\/g><\/svg>Vitesse de l'&eacute;clair<\/p>\n\t\t<\/div>\n\t<\/div>\n<\/div><\/div><\/div><\/div><\/div><\/div><\/div><\/div><div class=\"vc_row wpb_row vc_row-fluid vc_custom_1701699917169 mpc-row\"><div class=\"wpb_column vc_column_container vc_col-sm-12 mpc-column\" data-column-id=\"mpc_column-6969f9402adc812\"><div class=\"vc_column-inner\"><div class=\"wpb_wrapper\"><\/div><\/div><\/div><\/div>\r\n<\/div>[\/vc_column][\/vc_row]<\/p>\n[vc_row][vc_column]<div class=\"templatera_shortcode\"><div class=\"vc_row wpb_row vc_row-fluid mpc-row\"><div class=\"wpb_column vc_column_container vc_col-sm-12 mpc-column\" data-column-id=\"mpc_column-7769f9402ade61c\"><div class=\"vc_column-inner\"><div class=\"wpb_wrapper\"><div data-id=\"mpc_callout-4069f9402add44b\" class=\"mpc-callout mpc-init mpc-callout--style_1 \"><div class=\"mpc-callout__icon-wrap mpc-icon--image\"><div class=\"mpc-callout__icon\"><i class=\"mpc-transition \"><img decoding=\"async\" class=\"\" src=\"https:\/\/www.le-vpn.com\/fr\/wp-content\/uploads\/2025\/09\/exclusive-deal.png\" width=\"100\" height=\"100\" alt=\"exclusive-deal\" title=\"exclusive-deal\" loading=\"lazy\"><\/i><\/div><\/div><div class=\"mpc-callout__content\"><h3 class=\"mpc-callout__heading mpc-typography--preset_1\">OFFRE EXCLUSIVE<\/h3><div data-id=\"mpc_divider-6069f9402add4c8\" class=\"mpc-divider-wrap\"><div class=\"mpc-divider mpc-init mpc-align--center mpc-disable--left \"><div class=\"mpc-divider__line mpc-side--left\"><span><\/span><\/div><div class=\"mpc-divider__line mpc-side--right\"><span><\/span><\/div><\/div><\/div><div class=\"mpc-callout__description\"><p>LES 3 PREMI&Egrave;RES ANN&Eacute;ES &Agrave; 2,22 &euro;\/MOIS<\/p>\n<\/div><\/div><div class=\"mpc-callout__button\"><a href=\"https:\/\/www.le-vpn.com\/fr\/acheter-le-vpn\/\" title=\"\" data-id=\"mpc_button-669f9402add498\" class=\"mpc-button mpc-init mpc-transition mpc-typography--preset_2 \"><div class=\"mpc-button__content mpc-effect-type--none mpc-effect-side--none\"><span class=\"mpc-button__title mpc-transition\">PROFITEZ EN<\/span><\/div><div class=\"mpc-button__background mpc-transition mpc-effect-type--fade mpc-effect-side--in\"><\/div><\/a><\/div><\/div><div class=\"vc_row wpb_row vc_inner vc_row-fluid vc_custom_1725366294400 mpc-row\"><div class=\"wpb_column vc_column_container vc_col-sm-3 mpc-column\" data-column-id=\"mpc_column-1869f9402add884\"><div class=\"vc_column-inner\"><div class=\"wpb_wrapper\">\n\t<div class=\"wpb_raw_code wpb_raw_html wpb_content_element vc_custom_1619036137534\">\n\t\t<div class=\"wpb_wrapper\">\n\t\t\t<p style=\"font-size:14px;color:#444;margin-left:20px;\"><svg width=\"16\" style=\"vertical-align: -10%;margin-right:10px;\" xmlns=\"http:\/\/www.w3.org\/2000\/svg\" viewbox=\"0 0 81.68 81.67\"><defs><style>.cls-1{fill:#7ec58e;}.cls-2{fill:#fff;}<\/style><\/defs><path class=\"cls-1\" d=\"M40.84,0A40.84,40.84,0,1,0,81.68,40.84,40.83,40.83,0,0,0,40.84,0Z\"><\/path><g id=\"done\"><g id=\"check-circle-outline\"><polygon class=\"cls-2\" points=\"18.69 39.75 13.55 44.89 30.07 61.41 66.79 24.69 61.65 19.55 30.07 51.13 18.69 39.75\"><\/polygon><\/g><\/g><\/svg>PAS DE JOURNAL<\/p>\n\t\t<\/div>\n\t<\/div>\n\n\t<div class=\"wpb_raw_code wpb_raw_html wpb_content_element vc_custom_1699541136156\">\n\t\t<div class=\"wpb_wrapper\">\n\t\t\t<p style=\"font-size:14px;color:#444;margin-left:20px;\"><svg width=\"16\" style=\"vertical-align: -10%;margin-right:10px;\" xmlns=\"http:\/\/www.w3.org\/2000\/svg\" viewbox=\"0 0 81.68 81.67\"><defs><style>.cls-1{fill:#7ec58e;}.cls-2{fill:#fff;}<\/style><\/defs><path class=\"cls-1\" d=\"M40.84,0A40.84,40.84,0,1,0,81.68,40.84,40.83,40.83,0,0,0,40.84,0Z\"><\/path><g id=\"done\"><g id=\"check-circle-outline\"><polygon class=\"cls-2\" points=\"18.69 39.75 13.55 44.89 30.07 61.41 66.79 24.69 61.65 19.55 30.07 51.13 18.69 39.75\"><\/polygon><\/g><\/g><\/svg>100+ LOCALISATIONS<\/p>\n\t\t<\/div>\n\t<\/div>\n<\/div><\/div><\/div><div class=\"wpb_column vc_column_container vc_col-sm-3 mpc-column\" data-column-id=\"mpc_column-469f9402addb3d\"><div class=\"vc_column-inner\"><div class=\"wpb_wrapper\">\n\t<div class=\"wpb_raw_code wpb_raw_html wpb_content_element vc_custom_1619036153466\">\n\t\t<div class=\"wpb_wrapper\">\n\t\t\t<p style=\"font-size:14px;color:#444;text-transform: uppercase;margin-left:20px;\"><svg width=\"16\" style=\"vertical-align: -10%;margin-right:10px;\" xmlns=\"http:\/\/www.w3.org\/2000\/svg\" viewbox=\"0 0 81.68 81.67\"><defs><style>.cls-1{fill:#7ec58e;}.cls-2{fill:#fff;}<\/style><\/defs><path class=\"cls-1\" d=\"M40.84,0A40.84,40.84,0,1,0,81.68,40.84,40.83,40.83,0,0,0,40.84,0Z\"><\/path><g id=\"done\"><g id=\"check-circle-outline\"><polygon class=\"cls-2\" points=\"18.69 39.75 13.55 44.89 30.07 61.41 66.79 24.69 61.65 19.55 30.07 51.13 18.69 39.75\"><\/polygon><\/g><\/g><\/svg>P2P autoris&eacute;<\/p>\n\t\t<\/div>\n\t<\/div>\n\n\t<div class=\"wpb_raw_code wpb_raw_html wpb_content_element vc_custom_1619036161279\">\n\t\t<div class=\"wpb_wrapper\">\n\t\t\t<p style=\"font-size:14px;color:#444;text-transform: uppercase;margin-left:20px;\"><svg width=\"16\" style=\"vertical-align: -10%;margin-right:10px;\" xmlns=\"http:\/\/www.w3.org\/2000\/svg\" viewbox=\"0 0 81.68 81.67\"><defs><style>.cls-1{fill:#7ec58e;}.cls-2{fill:#fff;}<\/style><\/defs><path class=\"cls-1\" d=\"M40.84,0A40.84,40.84,0,1,0,81.68,40.84,40.83,40.83,0,0,0,40.84,0Z\"><\/path><g id=\"done\"><g id=\"check-circle-outline\"><polygon class=\"cls-2\" points=\"18.69 39.75 13.55 44.89 30.07 61.41 66.79 24.69 61.65 19.55 30.07 51.13 18.69 39.75\"><\/polygon><\/g><\/g><\/svg>Facile &agrave; utiliser<\/p>\n\t\t<\/div>\n\t<\/div>\n<\/div><\/div><\/div><div class=\"wpb_column vc_column_container vc_col-sm-3 mpc-column\" data-column-id=\"mpc_column-1869f9402adde17\"><div class=\"vc_column-inner\"><div class=\"wpb_wrapper\">\n\t<div class=\"wpb_raw_code wpb_raw_html wpb_content_element vc_custom_1622661737627\">\n\t\t<div class=\"wpb_wrapper\">\n\t\t\t<p style=\"font-size:13px;color:#444;text-transform: uppercase;margin-left:20px;\"><svg width=\"16\" style=\"vertical-align: -10%;margin-right:10px;\" xmlns=\"http:\/\/www.w3.org\/2000\/svg\" viewbox=\"0 0 81.68 81.67\"><defs><style>.cls-1{fill:#7ec58e;}.cls-2{fill:#fff;}<\/style><\/defs><path class=\"cls-1\" d=\"M40.84,0A40.84,40.84,0,1,0,81.68,40.84,40.83,40.83,0,0,0,40.84,0Z\"><\/path><g id=\"done\"><g id=\"check-circle-outline\"><polygon class=\"cls-2\" points=\"18.69 39.75 13.55 44.89 30.07 61.41 66.79 24.69 61.65 19.55 30.07 51.13 18.69 39.75\"><\/polygon><\/g><\/g><\/svg>Garantie de 30 Jours<\/p>\n\t\t<\/div>\n\t<\/div>\n\n\t<div class=\"wpb_raw_code wpb_raw_html wpb_content_element vc_custom_1619036177713\">\n\t\t<div class=\"wpb_wrapper\">\n\t\t\t<p style=\"font-size:14px;color:#444;text-transform: uppercase;margin-left:20px;\"><svg width=\"16\" style=\"vertical-align: -10%;margin-right:10px;\" xmlns=\"http:\/\/www.w3.org\/2000\/svg\" viewbox=\"0 0 81.68 81.67\"><defs><style>.cls-1{fill:#7ec58e;}.cls-2{fill:#fff;}<\/style><\/defs><path class=\"cls-1\" d=\"M40.84,0A40.84,40.84,0,1,0,81.68,40.84,40.83,40.83,0,0,0,40.84,0Z\"><\/path><g id=\"done\"><g id=\"check-circle-outline\"><polygon class=\"cls-2\" points=\"18.69 39.75 13.55 44.89 30.07 61.41 66.79 24.69 61.65 19.55 30.07 51.13 18.69 39.75\"><\/polygon><\/g><\/g><\/svg>Assistance amicale<\/p>\n\t\t<\/div>\n\t<\/div>\n<\/div><\/div><\/div><div class=\"wpb_column vc_column_container vc_col-sm-3 mpc-column\" data-column-id=\"mpc_column-5669f9402ade0b7\"><div class=\"vc_column-inner\"><div class=\"wpb_wrapper\">\n\t<div class=\"wpb_raw_code wpb_raw_html wpb_content_element vc_custom_1619036185445\">\n\t\t<div class=\"wpb_wrapper\">\n\t\t\t<p style=\"font-size:14px;color:#444;text-transform: uppercase;margin-left:20px;\"><svg width=\"16\" style=\"vertical-align: -10%;margin-right:10px;\" xmlns=\"http:\/\/www.w3.org\/2000\/svg\" viewbox=\"0 0 81.68 81.67\"><defs><style>.cls-1{fill:#7ec58e;}.cls-2{fill:#fff;}<\/style><\/defs><path class=\"cls-1\" d=\"M40.84,0A40.84,40.84,0,1,0,81.68,40.84,40.83,40.83,0,0,0,40.84,0Z\"><\/path><g id=\"done\"><g id=\"check-circle-outline\"><polygon class=\"cls-2\" points=\"18.69 39.75 13.55 44.89 30.07 61.41 66.79 24.69 61.65 19.55 30.07 51.13 18.69 39.75\"><\/polygon><\/g><\/g><\/svg>Bitcoin accept&eacute;<\/p>\n\t\t<\/div>\n\t<\/div>\n\n\t<div class=\"wpb_raw_code wpb_raw_html wpb_content_element vc_custom_1619036194514\">\n\t\t<div class=\"wpb_wrapper\">\n\t\t\t<p style=\"font-size:14px;color:#444;text-transform: uppercase;margin-left:20px;\"><svg width=\"16\" style=\"vertical-align: -10%;margin-right:10px;\" xmlns=\"http:\/\/www.w3.org\/2000\/svg\" viewbox=\"0 0 81.68 81.67\"><defs><style>.cls-1{fill:#7ec58e;}.cls-2{fill:#fff;}<\/style><\/defs><path class=\"cls-1\" d=\"M40.84,0A40.84,40.84,0,1,0,81.68,40.84,40.83,40.83,0,0,0,40.84,0Z\"><\/path><g id=\"done\"><g id=\"check-circle-outline\"><polygon class=\"cls-2\" points=\"18.69 39.75 13.55 44.89 30.07 61.41 66.79 24.69 61.65 19.55 30.07 51.13 18.69 39.75\"><\/polygon><\/g><\/g><\/svg>Vitesse de l'&eacute;clair<\/p>\n\t\t<\/div>\n\t<\/div>\n<\/div><\/div><\/div><\/div><\/div><\/div><\/div><\/div><div class=\"vc_row wpb_row vc_row-fluid vc_custom_1701699917169 mpc-row\"><div class=\"wpb_column vc_column_container vc_col-sm-12 mpc-column\" data-column-id=\"mpc_column-5869f9402aded00\"><div class=\"vc_column-inner\"><div class=\"wpb_wrapper\"><\/div><\/div><\/div><\/div>\r\n<\/div>[\/vc_column][\/vc_row]<\/div>","protected":false},"excerpt":{"rendered":"<p>OFFRE EXCLUSIVELES 3 PREMI&Egrave;RES ANN&Eacute;ES &Agrave; 2,22 &euro;\/MOIS PROFITEZ EN PAS DE JOURNAL 100+ LOCALISATIONS P2P autoris&eacute; Facile &agrave; utiliser Garantie de 30 Jours Assistance amicale Bitcoin accept&eacute; Vitesse de l&#8217;&eacute;clair<\/p>\n","protected":false},"author":1,"featured_media":0,"parent":0,"menu_order":0,"comment_status":"closed","ping_status":"open","template":"","meta":{"footnotes":""},"yst_prominent_words":[],"class_list":["post-2503","page","type-page","status-publish","hentry"],"_links":{"self":[{"href":"https:\/\/www.le-vpn.com\/fr\/wp-json\/wp\/v2\/pages\/2503","targetHints":{"allow":["GET"]}}],"collection":[{"href":"https:\/\/www.le-vpn.com\/fr\/wp-json\/wp\/v2\/pages"}],"about":[{"href":"https:\/\/www.le-vpn.com\/fr\/wp-json\/wp\/v2\/types\/page"}],"author":[{"embeddable":true,"href":"https:\/\/www.le-vpn.com\/fr\/wp-json\/wp\/v2\/users\/1"}],"replies":[{"embeddable":true,"href":"https:\/\/www.le-vpn.com\/fr\/wp-json\/wp\/v2\/comments?post=2503"}],"version-history":[{"count":15,"href":"https:\/\/www.le-vpn.com\/fr\/wp-json\/wp\/v2\/pages\/2503\/revisions"}],"predecessor-version":[{"id":29363,"href":"https:\/\/www.le-vpn.com\/fr\/wp-json\/wp\/v2\/pages\/2503\/revisions\/29363"}],"wp:attachment":[{"href":"https:\/\/www.le-vpn.com\/fr\/wp-json\/wp\/v2\/media?parent=2503"}],"wp:term":[{"taxonomy":"yst_prominent_words","embeddable":true,"href":"https:\/\/www.le-vpn.com\/fr\/wp-json\/wp\/v2\/yst_prominent_words?post=2503"}],"curies":[{"name":"wp","href":"https:\/\/api.w.org\/{rel}","templated":true}]}}