{"id":1981,"date":"2013-08-27T15:46:55","date_gmt":"2013-08-27T15:46:55","guid":{"rendered":"http:\/\/le-vpn.le-vpn.net\/?page_id=1981"},"modified":"2021-06-04T11:44:25","modified_gmt":"2021-06-04T09:44:25","slug":"installation-openvpn-sur-android","status":"publish","type":"page","link":"https:\/\/www.le-vpn.com\/fr\/installation-openvpn-sur-android\/","title":{"rendered":"OpenVPN installation sur Android"},"content":{"rendered":"<div class=\"wpb-content-wrapper\"><p>[vc_row css=&#8221;.vc_custom_1622799859986{margin-right: 10px !important;margin-bottom: 10px !important;margin-left: 10px !important;}&#8221;][vc_column][vc_raw_html]JTNDZGl2JTIwc3R5bGUlM0QlMjJmb250LXNpemUlM0EyMHB4JTNCZm9udC1mYW1pbHklM0ElMjBPc3dhbGQlM0J0ZXh0LXRyYW5zZm9ybSUzQSUyMHVwcGVyY2FzZSUzQmJvcmRlci13aWR0aCUzQSUyMDJweCUzQmJvcmRlci1jb2xvciUzQSUyMCUyMzdlYzU4ZSUzQmJvcmRlci1zdHlsZSUzQSUyMHNvbGlkJTNCYm9yZGVyLXJhZGl1cyUzQSUyMDEwcHglM0JwYWRkaW5nLXRvcCUzQSUyMDIwcHglM0JwYWRkaW5nLXJpZ2h0JTNBJTIwNDBweCUzQnBhZGRpbmctYm90dG9tJTNBJTIwMjBweCUzQnBhZGRpbmctbGVmdCUzQSUyMDMwcHglM0IlMjIlM0UlM0NjZW50ZXIlM0UlM0NwJTNFTk9VUyUyMFZPVVMlMjBSRUNPTU1BTkRPTlMlMjBEJUUyJTgwJTk5VVRJTElTRVIlMjBMJUUyJTgwJTk5QVBQTElDQVRJT04lMjBMRSUyMFZQTiUyMFBPVVIlMjBBTkRST0lEJTJDJTIwYXUlMjBsaWV1JTIwZCUyN3VuZSUyMGluc3RhbGxhdGlvbiUyMG1hbnVlbGxlJTNDJTJGcCUzRSUzQ2ElMjBocmVmJTNEJTIyaHR0cHMlM0ElMkYlMkZwbGF5Lmdvb2dsZS5jb20lMkZzdG9yZSUyRmFwcHMlMkZkZXRhaWxzJTNGaWQlM0Rjb20ubGV2cG4uYXBwLmxldnBuJTI2YW1wJTNCaGwlM0RlbiUyMiUyMHJlbCUzRCUyMl9ub2ZvbGxvdyUyMiUzRSUzQ2ltZyUyMHNyYyUzRCUyMmh0dHBzJTNBJTJGJTJGd3d3LmxlLXZwbi5jb20lMkZmciUyRndwLWNvbnRlbnQlMkZ1cGxvYWRzJTJGMjAxOCUyRjA3JTJGR29vZ2xlX0ZSLnN2ZyUyMiUyMHdpZHRoJTNEJTIyMTUwcHglMjIlMkYlM0UlM0MlMkZhJTNFJTNDJTJGY2VudGVyJTNFJTNDJTJGZGl2JTNF[\/vc_raw_html][\/vc_column][\/vc_row][vc_row css=&#8221;.vc_custom_1622799809979{margin-right: 10px !important;margin-left: 10px !important;}&#8221;][vc_column][vc_column_text]<\/p>\n<h3>Installation<\/h3>\n<p>1) Installez l\u2019application <strong>&#8220;OpenVPN for Android&#8221;<\/strong> en cliquant sur ce lien : <a href=\"https:\/\/play.google.com\/store\/apps\/details?id=de.blinkt.openvpn&amp;hl=en\" target=\"_blank\" rel=\"nofollow noopener\">OpenVPN pour Android<\/a><\/p>\n<p>2) T\u00e9l\u00e9chargez vos <strong>fichiers de configuration OpenVPN<\/strong> re\u00e7us dans votre e-mail d\u2019activation.<\/p>\n<p>3) D\u00e9zipper l\u2019archive si n\u00e9cessaire et copiez vos fichiers sur votre carte SD.<\/p>\n<p>4) Ins\u00e9rez votre carte SD dans votre smartphone.<\/p>\n<p>5) Lancez l\u2019appli <strong>&#8220;OpenVPN pour Android&#8221;<\/strong> sur votre Android<\/p>\n<p>6) Appuyez sur le bouton <strong>dossier\/importation<\/strong>.<\/p>\n<p>7) Acc\u00e9dez au dossier avec vos fichiers de configuration OpenVPN sur votre carte SD.<\/p>\n<p>8) Importez tous vos fichiers de configuration dont cert.p12.<\/p>\n<p>9) Retour \u00e0 la liste <strong>&#8220;All your precious VPNs&#8221;<\/strong>.<\/p>\n<p>10) S\u00e9lectionnez le profil VPN de votre choix.<\/p>\n<p>11) Une fois que le message <strong>&#8220;CONNECTED,SUCCESS,10.x.x.x&#8221;<\/strong> appara\u00eet, vous \u00eates bien connect\u00e9.<\/p>\n<h3>Fichiers de configuration OpenVPN<\/h3>\n<p>Vous pouvez t\u00e9l\u00e9charger les fichiers de configuration OpenVPN sur ces liens:<br \/>\n<a href=\"https:\/\/www.le-vpn.com\/clients\/dl.php?type=d&amp;id=48\">OpenVPN port UDP 53<\/a><br \/>\n<a href=\"https:\/\/www.le-vpn.com\/clients\/dl.php?type=d&amp;id=49\">OpenVPN port TCP 80<\/a><br \/>\n<a href=\"https:\/\/www.le-vpn.com\/clients\/dl.php?type=d&amp;id=50\">OpenVPN port TCP 443<\/a><br \/>\n<a href=\"https:\/\/www.le-vpn.com\/clients\/dl.php?type=d&amp;id=51\">OpenVPN avec HybridVPN<\/a><\/p>\n<p>&nbsp;<\/p>\n<p>[\/vc_column_text][\/vc_column][\/vc_row][vc_row css=&#8221;.vc_custom_1622799816362{margin-right: 10px !important;margin-left: 10px !important;}&#8221;][vc_column]<div class=\"templatera_shortcode\"><div class=\"vc_row wpb_row vc_row-fluid vc_custom_1501855332484 mpc-row\"><div class=\"wpb_column vc_column_container vc_col-sm-12 mpc-column\" data-column-id=\"mpc_column-169d5bac0125aa\"><div class=\"vc_column-inner\"><div class=\"wpb_wrapper\"><div data-id=\"mpc_callout-9269d5bac0123ed\" class=\"mpc-callout mpc-init mpc-callout--style_1 \"><div class=\"mpc-callout__icon-wrap mpc-icon--image\"><div class=\"mpc-callout__icon\"><i class=\"mpc-transition \"><img decoding=\"async\" class=\"\" src=\"https:\/\/www.le-vpn.com\/fr\/wp-content\/uploads\/2024\/09\/shield-96x96.png\" width=\"96\" height=\"96\" alt=\"shield\" title=\"shield\" loading=\"lazy\"><\/i><\/div><\/div><div class=\"mpc-callout__content\"><h3 class=\"mpc-callout__heading mpc-typography--preset_2\">Vous n'avez pas encore de compte? Abonnez-vous aujourd&rsquo;hui!<\/h3><\/div><div class=\"mpc-callout__button\"><a href=\"https:\/\/www.le-vpn.com\/clients\/cart.php?a=add&amp;pid=10&amp;billingcycle=annually&amp;language=French&amp;currency=1&amp;skipconfig=1&amp;cc=1\" title=\"\" data-id=\"mpc_button-9569d5bac01245e\" class=\"mpc-button mpc-init mpc-transition mpc-typography--preset_2 \"><div class=\"mpc-button__content mpc-effect-type--none mpc-effect-side--none\"><span class=\"mpc-button__title mpc-transition\">S'abonner<\/span><\/div><div class=\"mpc-button__background mpc-transition mpc-effect-type--expand mpc-effect-side--diagonal_left\"><\/div><\/a><\/div><\/div><\/div><\/div><\/div><\/div><\/div>[\/vc_column][\/vc_row][vc_row css=&#8221;.vc_custom_1622799822852{margin-right: 10px !important;margin-left: 10px !important;}&#8221;][vc_column]<div class=\"templatera_shortcode\"><div class=\"vc_row wpb_row vc_row-fluid vc_custom_1622800184597 mpc-row\"><div class=\"wpb_column vc_column_container vc_col-sm-12 mpc-column\" data-column-id=\"mpc_column-769d5bac02804b\"><div class=\"vc_column-inner\"><div class=\"wpb_wrapper\"><h2 style=\"text-align: center;font-family:Oswald;font-weight:300;font-style:normal\" class=\"vc_custom_heading vc_do_custom_heading vc_custom_1501854745859\">Installation sur d'autres appareils<\/h2><div data-id=\"mpc_divider-7369d5bac013884\" class=\"mpc-divider-wrap\"><div class=\"mpc-divider mpc-init mpc-align--center mpc-disable--left \"><div class=\"mpc-divider__line mpc-side--left\"><span><\/span><\/div><div class=\"mpc-divider__line mpc-side--right\"><span><\/span><\/div><\/div><\/div><div class=\"vc_row wpb_row vc_inner vc_row-fluid vc_custom_1501854691099 mpc-row\"><div class=\"wpb_column vc_column_container vc_col-sm-3 mpc-column\" data-column-id=\"mpc_column-7169d5bac01620f\"><div class=\"vc_column-inner vc_custom_1622800041064\"><div class=\"wpb_wrapper\"><div data-id=\"mpc_callout-5769d5bac0160cc\" class=\"mpc-callout mpc-init mpc-callout--style_3 \"><div class=\"mpc-callout__icon-wrap mpc-icon--image\"><div class=\"mpc-callout__icon\"><i class=\"mpc-transition \"><img decoding=\"async\" width=\"42\" height=\"39\" src=\"https:\/\/www.le-vpn.com\/fr\/wp-content\/uploads\/2013\/08\/win-logo.png\" class=\"attachment-thumbnail\" alt=\"Le VPN sur Windows\" title=\"Le VPN sur Windows\"><\/i><\/div><\/div><div class=\"mpc-callout__content\"><\/div><div class=\"mpc-callout__button\"><a href=\"https:\/\/www.le-vpn.com\/fr\/le-vpn-sur-windows\/\" title=\"\" data-id=\"mpc_button-4869d5bac01612d\" class=\"mpc-button mpc-init mpc-transition mpc-typography--preset_2 \"><div class=\"mpc-button__content mpc-effect-type--none mpc-effect-side--none\"><span class=\"mpc-button__title mpc-transition\">Windows<\/span><\/div><div class=\"mpc-button__background mpc-transition mpc-effect-type--slide mpc-effect-side--bottom\"><\/div><\/a><\/div><\/div><\/div><\/div><\/div><div class=\"wpb_column vc_column_container vc_col-sm-3 mpc-column\" data-column-id=\"mpc_column-4569d5bac018cec\"><div class=\"vc_column-inner vc_custom_1622800045253\"><div class=\"wpb_wrapper\"><div data-id=\"mpc_callout-6269d5bac018b81\" class=\"mpc-callout mpc-init mpc-callout--style_3 \"><div class=\"mpc-callout__icon-wrap mpc-icon--image\"><div class=\"mpc-callout__icon\"><i class=\"mpc-transition \"><img decoding=\"async\" width=\"44\" height=\"44\" src=\"https:\/\/www.le-vpn.com\/fr\/wp-content\/uploads\/2013\/08\/macOS-logo.png\" class=\"attachment-thumbnail\" alt=\"Le VPN sur macOS\" title=\"Le VPN sur macOS\"><\/i><\/div><\/div><div class=\"mpc-callout__content\"><\/div><div class=\"mpc-callout__button\"><a href=\"https:\/\/www.le-vpn.com\/fr\/le-vpn-sur-mac-os-x\/\" title=\"\" data-id=\"mpc_button-2169d5bac018bfe\" class=\"mpc-button mpc-init mpc-transition mpc-typography--preset_2 \"><div class=\"mpc-button__content mpc-effect-type--none mpc-effect-side--none\"><span class=\"mpc-button__title mpc-transition\">macOS<\/span><\/div><div class=\"mpc-button__background mpc-transition mpc-effect-type--slide mpc-effect-side--bottom\"><\/div><\/a><\/div><\/div><\/div><\/div><\/div><div class=\"wpb_column vc_column_container vc_col-sm-3 mpc-column\" data-column-id=\"mpc_column-6569d5bac01b89d\"><div class=\"vc_column-inner vc_custom_1622800049451\"><div class=\"wpb_wrapper\"><div data-id=\"mpc_callout-6169d5bac01b75e\" class=\"mpc-callout mpc-init mpc-callout--style_3 \"><div class=\"mpc-callout__icon-wrap mpc-icon--image\"><div class=\"mpc-callout__icon\"><i class=\"mpc-transition \"><img decoding=\"async\" width=\"34\" height=\"44\" src=\"https:\/\/www.le-vpn.com\/fr\/wp-content\/uploads\/2013\/08\/pad1-1.png\" class=\"attachment-thumbnail\" alt=\"Le VPN sur iOS\" title=\"Le VPN sur iOS\"><\/i><\/div><\/div><div class=\"mpc-callout__content\"><\/div><div class=\"mpc-callout__button\"><a href=\"https:\/\/www.le-vpn.com\/fr\/installation-l2tp-sur-iphone-ipad-ipod\/\" title=\"\" data-id=\"mpc_button-7469d5bac01b7be\" class=\"mpc-button mpc-init mpc-transition mpc-typography--preset_2 \"><div class=\"mpc-button__content mpc-effect-type--none mpc-effect-side--none\"><span class=\"mpc-button__title mpc-transition\">iPhone, iPad &amp; iPod<\/span><\/div><div class=\"mpc-button__background mpc-transition mpc-effect-type--slide mpc-effect-side--bottom\"><\/div><\/a><\/div><\/div><\/div><\/div><\/div><div class=\"wpb_column vc_column_container vc_col-sm-3 mpc-column\" data-column-id=\"mpc_column-9569d5bac01e004\"><div class=\"vc_column-inner\"><div class=\"wpb_wrapper\"><div data-id=\"mpc_callout-6669d5bac01ded4\" class=\"mpc-callout mpc-init mpc-callout--style_3 \"><div class=\"mpc-callout__icon-wrap mpc-icon--image\"><div class=\"mpc-callout__icon\"><i class=\"mpc-transition \"><img decoding=\"async\" width=\"44\" height=\"44\" src=\"https:\/\/www.le-vpn.com\/fr\/wp-content\/uploads\/2013\/08\/an1-1.png\" class=\"attachment-thumbnail\" alt=\"Le VPN sur Android\" title=\"Le VPN sur Android\"><\/i><\/div><\/div><div class=\"mpc-callout__content\"><\/div><div class=\"mpc-callout__button\"><a href=\"https:\/\/www.le-vpn.com\/fr\/installation-l2tp-sur-android\/\" title=\"\" data-id=\"mpc_button-6869d5bac01df36\" class=\"mpc-button mpc-init mpc-transition mpc-typography--preset_2 \"><div class=\"mpc-button__content mpc-effect-type--none mpc-effect-side--none\"><span class=\"mpc-button__title mpc-transition\">Android<\/span><\/div><div class=\"mpc-button__background mpc-transition mpc-effect-type--slide mpc-effect-side--bottom\"><\/div><\/a><\/div><\/div><\/div><\/div><\/div><\/div><div class=\"vc_row wpb_row vc_inner vc_row-fluid mpc-row\"><div class=\"wpb_column vc_column_container vc_col-sm-3 mpc-column\" data-column-id=\"mpc_column-8669d5bac020b8b\"><div class=\"vc_column-inner vc_custom_1622800063379\"><div class=\"wpb_wrapper\"><div data-id=\"mpc_callout-8569d5bac020a17\" class=\"mpc-callout mpc-init mpc-callout--style_3 \"><div class=\"mpc-callout__icon-wrap mpc-icon--image\"><div class=\"mpc-callout__icon\"><i class=\"mpc-transition \"><img decoding=\"async\" width=\"34\" height=\"44\" src=\"https:\/\/www.le-vpn.com\/fr\/wp-content\/uploads\/2013\/08\/windows-phone-logo.png\" class=\"attachment-thumbnail\" alt=\"Le VPN sur Windows Phone\" title=\"Le VPN sur Windows Phone\"><\/i><\/div><\/div><div class=\"mpc-callout__content\"><\/div><div class=\"mpc-callout__button\"><a href=\"https:\/\/www.le-vpn.com\/fr\/vpn-via-l2tp-ipsec-windows-phone\/\" title=\"\" data-id=\"mpc_button-8869d5bac020a95\" class=\"mpc-button mpc-init mpc-transition mpc-typography--preset_2 \"><div class=\"mpc-button__content mpc-effect-type--none mpc-effect-side--none\"><span class=\"mpc-button__title mpc-transition\">Windows Phone<\/span><\/div><div class=\"mpc-button__background mpc-transition mpc-effect-type--slide mpc-effect-side--bottom\"><\/div><\/a><\/div><\/div><\/div><\/div><\/div><div class=\"wpb_column vc_column_container vc_col-sm-3 mpc-column\" data-column-id=\"mpc_column-3169d5bac023456\"><div class=\"vc_column-inner vc_custom_1622800067755\"><div class=\"wpb_wrapper\"><div data-id=\"mpc_callout-9969d5bac023318\" class=\"mpc-callout mpc-init mpc-callout--style_3 \"><div class=\"mpc-callout__icon-wrap mpc-icon--image\"><div class=\"mpc-callout__icon\"><i class=\"mpc-transition \"><img decoding=\"async\" width=\"42\" height=\"39\" src=\"https:\/\/www.le-vpn.com\/fr\/wp-content\/uploads\/2013\/08\/chromebook-logo.png\" class=\"attachment-thumbnail\" alt=\"Le VPN sur Chromebook\" title=\"Le VPN sur Chromebook\"><\/i><\/div><\/div><div class=\"mpc-callout__content\"><\/div><div class=\"mpc-callout__button\"><a href=\"https:\/\/www.le-vpn.com\/fr\/vpn-via-l2tp-ipsec-chromebook\/\" title=\"\" data-id=\"mpc_button-3169d5bac023370\" class=\"mpc-button mpc-init mpc-transition mpc-typography--preset_2 \"><div class=\"mpc-button__content mpc-effect-type--none mpc-effect-side--none\"><span class=\"mpc-button__title mpc-transition\">Chromebook<\/span><\/div><div class=\"mpc-button__background mpc-transition mpc-effect-type--slide mpc-effect-side--bottom\"><\/div><\/a><\/div><\/div><\/div><\/div><\/div><div class=\"wpb_column vc_column_container vc_col-sm-3 mpc-column\" data-column-id=\"mpc_column-9569d5bac025615\"><div class=\"vc_column-inner vc_custom_1622800071943\"><div class=\"wpb_wrapper\"><div data-id=\"mpc_callout-8469d5bac0254d0\" class=\"mpc-callout mpc-init mpc-callout--style_3 \"><div class=\"mpc-callout__icon-wrap mpc-icon--image\"><div class=\"mpc-callout__icon\"><i class=\"mpc-transition \"><img decoding=\"async\" width=\"60\" height=\"39\" src=\"https:\/\/www.le-vpn.com\/fr\/wp-content\/uploads\/2013\/08\/DD-WRT-logo-1.png\" class=\"attachment-thumbnail\" alt=\"Le VPN sur routeurs DD-WRT\" title=\"Le VPN sur routeurs DD-WRT\"><\/i><\/div><\/div><div class=\"mpc-callout__content\"><\/div><div class=\"mpc-callout__button\"><a href=\"https:\/\/www.le-vpn.com\/fr\/installation-openvpn-routeur-dd-wrt\/\" title=\"\" data-id=\"mpc_button-5269d5bac025527\" class=\"mpc-button mpc-init mpc-transition mpc-typography--preset_2 \"><div class=\"mpc-button__content mpc-effect-type--none mpc-effect-side--none\"><span class=\"mpc-button__title mpc-transition\">Routeurs DD-WRT<\/span><\/div><div class=\"mpc-button__background mpc-transition mpc-effect-type--slide mpc-effect-side--bottom\"><\/div><\/a><\/div><\/div><\/div><\/div><\/div><div class=\"wpb_column vc_column_container vc_col-sm-3 mpc-column\" data-column-id=\"mpc_column-4769d5bac027b51\"><div class=\"vc_column-inner\"><div class=\"wpb_wrapper\"><div data-id=\"mpc_callout-9269d5bac027a5a\" class=\"mpc-callout mpc-init mpc-callout--style_3 \"><div class=\"mpc-callout__icon-wrap mpc-icon--image\"><div class=\"mpc-callout__icon\"><i class=\"mpc-transition \"><img decoding=\"async\" width=\"37\" height=\"44\" src=\"https:\/\/www.le-vpn.com\/fr\/wp-content\/uploads\/2013\/08\/lin1-1.png\" class=\"attachment-thumbnail\" alt=\"Le VPN sur Linux\" title=\"Le VPN sur Linux\"><\/i><\/div><\/div><div class=\"mpc-callout__content\"><\/div><div class=\"mpc-callout__button\"><a href=\"https:\/\/www.le-vpn.com\/fr\/installation-ubuntu-openvpn\/\" title=\"\" data-id=\"mpc_button-3269d5bac027aac\" class=\"mpc-button mpc-init mpc-transition mpc-typography--preset_2 \"><div class=\"mpc-button__content mpc-effect-type--none mpc-effect-side--none\"><span class=\"mpc-button__title mpc-transition\">Linux<\/span><\/div><div class=\"mpc-button__background mpc-transition mpc-effect-type--slide mpc-effect-side--bottom\"><\/div><\/a><\/div><\/div><\/div><\/div><\/div><\/div><\/div><\/div><\/div><\/div><\/div>[\/vc_column][\/vc_row]<\/p>\n[vc_row][vc_column]<div class=\"templatera_shortcode\"><div class=\"vc_row wpb_row vc_row-fluid mpc-row\"><div class=\"wpb_column vc_column_container vc_col-sm-12 mpc-column\" data-column-id=\"mpc_column-10069d5bac02aac6\"><div class=\"vc_column-inner\"><div class=\"wpb_wrapper\"><div data-id=\"mpc_callout-9769d5bac02976c\" class=\"mpc-callout mpc-init mpc-callout--style_1 \"><div class=\"mpc-callout__icon-wrap mpc-icon--image\"><div class=\"mpc-callout__icon\"><i class=\"mpc-transition \"><img decoding=\"async\" class=\"\" src=\"https:\/\/www.le-vpn.com\/fr\/wp-content\/uploads\/2025\/09\/exclusive-deal.png\" width=\"100\" height=\"100\" alt=\"exclusive-deal\" title=\"exclusive-deal\" loading=\"lazy\"><\/i><\/div><\/div><div class=\"mpc-callout__content\"><h3 class=\"mpc-callout__heading mpc-typography--preset_1\">OFFRE EXCLUSIVE<\/h3><div data-id=\"mpc_divider-2369d5bac0297ce\" class=\"mpc-divider-wrap\"><div class=\"mpc-divider mpc-init mpc-align--center mpc-disable--left \"><div class=\"mpc-divider__line mpc-side--left\"><span><\/span><\/div><div class=\"mpc-divider__line mpc-side--right\"><span><\/span><\/div><\/div><\/div><div class=\"mpc-callout__description\"><p>LES 3 PREMI&Egrave;RES ANN&Eacute;ES &Agrave; 2,22 &euro;\/MOIS<\/p>\n<\/div><\/div><div class=\"mpc-callout__button\"><a href=\"https:\/\/www.le-vpn.com\/fr\/acheter-le-vpn\/\" title=\"\" data-id=\"mpc_button-7069d5bac0297a8\" class=\"mpc-button mpc-init mpc-transition mpc-typography--preset_2 \"><div class=\"mpc-button__content mpc-effect-type--none mpc-effect-side--none\"><span class=\"mpc-button__title mpc-transition\">PROFITEZ EN<\/span><\/div><div class=\"mpc-button__background mpc-transition mpc-effect-type--fade mpc-effect-side--in\"><\/div><\/a><\/div><\/div><div class=\"vc_row wpb_row vc_inner vc_row-fluid vc_custom_1725366294400 mpc-row\"><div class=\"wpb_column vc_column_container vc_col-sm-3 mpc-column\" data-column-id=\"mpc_column-3369d5bac029d18\"><div class=\"vc_column-inner\"><div class=\"wpb_wrapper\">\n\t<div class=\"wpb_raw_code wpb_raw_html wpb_content_element vc_custom_1619036137534\">\n\t\t<div class=\"wpb_wrapper\">\n\t\t\t<p style=\"font-size:14px;color:#444;margin-left:20px;\"><svg width=\"16\" style=\"vertical-align: -10%;margin-right:10px;\" xmlns=\"http:\/\/www.w3.org\/2000\/svg\" viewbox=\"0 0 81.68 81.67\"><defs><style>.cls-1{fill:#7ec58e;}.cls-2{fill:#fff;}<\/style><\/defs><path class=\"cls-1\" d=\"M40.84,0A40.84,40.84,0,1,0,81.68,40.84,40.83,40.83,0,0,0,40.84,0Z\"><\/path><g id=\"done\"><g id=\"check-circle-outline\"><polygon class=\"cls-2\" points=\"18.69 39.75 13.55 44.89 30.07 61.41 66.79 24.69 61.65 19.55 30.07 51.13 18.69 39.75\"><\/polygon><\/g><\/g><\/svg>PAS DE JOURNAL<\/p>\n\t\t<\/div>\n\t<\/div>\n\n\t<div class=\"wpb_raw_code wpb_raw_html wpb_content_element vc_custom_1699541136156\">\n\t\t<div class=\"wpb_wrapper\">\n\t\t\t<p style=\"font-size:14px;color:#444;margin-left:20px;\"><svg width=\"16\" style=\"vertical-align: -10%;margin-right:10px;\" xmlns=\"http:\/\/www.w3.org\/2000\/svg\" viewbox=\"0 0 81.68 81.67\"><defs><style>.cls-1{fill:#7ec58e;}.cls-2{fill:#fff;}<\/style><\/defs><path class=\"cls-1\" d=\"M40.84,0A40.84,40.84,0,1,0,81.68,40.84,40.83,40.83,0,0,0,40.84,0Z\"><\/path><g id=\"done\"><g id=\"check-circle-outline\"><polygon class=\"cls-2\" points=\"18.69 39.75 13.55 44.89 30.07 61.41 66.79 24.69 61.65 19.55 30.07 51.13 18.69 39.75\"><\/polygon><\/g><\/g><\/svg>100+ LOCALISATIONS<\/p>\n\t\t<\/div>\n\t<\/div>\n<\/div><\/div><\/div><div class=\"wpb_column vc_column_container vc_col-sm-3 mpc-column\" data-column-id=\"mpc_column-7869d5bac029fd1\"><div class=\"vc_column-inner\"><div class=\"wpb_wrapper\">\n\t<div class=\"wpb_raw_code wpb_raw_html wpb_content_element vc_custom_1619036153466\">\n\t\t<div class=\"wpb_wrapper\">\n\t\t\t<p style=\"font-size:14px;color:#444;text-transform: uppercase;margin-left:20px;\"><svg width=\"16\" style=\"vertical-align: -10%;margin-right:10px;\" xmlns=\"http:\/\/www.w3.org\/2000\/svg\" viewbox=\"0 0 81.68 81.67\"><defs><style>.cls-1{fill:#7ec58e;}.cls-2{fill:#fff;}<\/style><\/defs><path class=\"cls-1\" d=\"M40.84,0A40.84,40.84,0,1,0,81.68,40.84,40.83,40.83,0,0,0,40.84,0Z\"><\/path><g id=\"done\"><g id=\"check-circle-outline\"><polygon class=\"cls-2\" points=\"18.69 39.75 13.55 44.89 30.07 61.41 66.79 24.69 61.65 19.55 30.07 51.13 18.69 39.75\"><\/polygon><\/g><\/g><\/svg>P2P autoris&eacute;<\/p>\n\t\t<\/div>\n\t<\/div>\n\n\t<div class=\"wpb_raw_code wpb_raw_html wpb_content_element vc_custom_1619036161279\">\n\t\t<div class=\"wpb_wrapper\">\n\t\t\t<p style=\"font-size:14px;color:#444;text-transform: uppercase;margin-left:20px;\"><svg width=\"16\" style=\"vertical-align: -10%;margin-right:10px;\" xmlns=\"http:\/\/www.w3.org\/2000\/svg\" viewbox=\"0 0 81.68 81.67\"><defs><style>.cls-1{fill:#7ec58e;}.cls-2{fill:#fff;}<\/style><\/defs><path class=\"cls-1\" d=\"M40.84,0A40.84,40.84,0,1,0,81.68,40.84,40.83,40.83,0,0,0,40.84,0Z\"><\/path><g id=\"done\"><g id=\"check-circle-outline\"><polygon class=\"cls-2\" points=\"18.69 39.75 13.55 44.89 30.07 61.41 66.79 24.69 61.65 19.55 30.07 51.13 18.69 39.75\"><\/polygon><\/g><\/g><\/svg>Facile &agrave; utiliser<\/p>\n\t\t<\/div>\n\t<\/div>\n<\/div><\/div><\/div><div class=\"wpb_column vc_column_container vc_col-sm-3 mpc-column\" data-column-id=\"mpc_column-8869d5bac02a272\"><div class=\"vc_column-inner\"><div class=\"wpb_wrapper\">\n\t<div class=\"wpb_raw_code wpb_raw_html wpb_content_element vc_custom_1622661737627\">\n\t\t<div class=\"wpb_wrapper\">\n\t\t\t<p style=\"font-size:13px;color:#444;text-transform: uppercase;margin-left:20px;\"><svg width=\"16\" style=\"vertical-align: -10%;margin-right:10px;\" xmlns=\"http:\/\/www.w3.org\/2000\/svg\" viewbox=\"0 0 81.68 81.67\"><defs><style>.cls-1{fill:#7ec58e;}.cls-2{fill:#fff;}<\/style><\/defs><path class=\"cls-1\" d=\"M40.84,0A40.84,40.84,0,1,0,81.68,40.84,40.83,40.83,0,0,0,40.84,0Z\"><\/path><g id=\"done\"><g id=\"check-circle-outline\"><polygon class=\"cls-2\" points=\"18.69 39.75 13.55 44.89 30.07 61.41 66.79 24.69 61.65 19.55 30.07 51.13 18.69 39.75\"><\/polygon><\/g><\/g><\/svg>Garantie de 30 Jours<\/p>\n\t\t<\/div>\n\t<\/div>\n\n\t<div class=\"wpb_raw_code wpb_raw_html wpb_content_element vc_custom_1619036177713\">\n\t\t<div class=\"wpb_wrapper\">\n\t\t\t<p style=\"font-size:14px;color:#444;text-transform: uppercase;margin-left:20px;\"><svg width=\"16\" style=\"vertical-align: -10%;margin-right:10px;\" xmlns=\"http:\/\/www.w3.org\/2000\/svg\" viewbox=\"0 0 81.68 81.67\"><defs><style>.cls-1{fill:#7ec58e;}.cls-2{fill:#fff;}<\/style><\/defs><path class=\"cls-1\" d=\"M40.84,0A40.84,40.84,0,1,0,81.68,40.84,40.83,40.83,0,0,0,40.84,0Z\"><\/path><g id=\"done\"><g id=\"check-circle-outline\"><polygon class=\"cls-2\" points=\"18.69 39.75 13.55 44.89 30.07 61.41 66.79 24.69 61.65 19.55 30.07 51.13 18.69 39.75\"><\/polygon><\/g><\/g><\/svg>Assistance amicale<\/p>\n\t\t<\/div>\n\t<\/div>\n<\/div><\/div><\/div><div class=\"wpb_column vc_column_container vc_col-sm-3 mpc-column\" data-column-id=\"mpc_column-6669d5bac02a545\"><div class=\"vc_column-inner\"><div class=\"wpb_wrapper\">\n\t<div class=\"wpb_raw_code wpb_raw_html wpb_content_element vc_custom_1619036185445\">\n\t\t<div class=\"wpb_wrapper\">\n\t\t\t<p style=\"font-size:14px;color:#444;text-transform: uppercase;margin-left:20px;\"><svg width=\"16\" style=\"vertical-align: -10%;margin-right:10px;\" xmlns=\"http:\/\/www.w3.org\/2000\/svg\" viewbox=\"0 0 81.68 81.67\"><defs><style>.cls-1{fill:#7ec58e;}.cls-2{fill:#fff;}<\/style><\/defs><path class=\"cls-1\" d=\"M40.84,0A40.84,40.84,0,1,0,81.68,40.84,40.83,40.83,0,0,0,40.84,0Z\"><\/path><g id=\"done\"><g id=\"check-circle-outline\"><polygon class=\"cls-2\" points=\"18.69 39.75 13.55 44.89 30.07 61.41 66.79 24.69 61.65 19.55 30.07 51.13 18.69 39.75\"><\/polygon><\/g><\/g><\/svg>Bitcoin accept&eacute;<\/p>\n\t\t<\/div>\n\t<\/div>\n\n\t<div class=\"wpb_raw_code wpb_raw_html wpb_content_element vc_custom_1619036194514\">\n\t\t<div class=\"wpb_wrapper\">\n\t\t\t<p style=\"font-size:14px;color:#444;text-transform: uppercase;margin-left:20px;\"><svg width=\"16\" style=\"vertical-align: -10%;margin-right:10px;\" xmlns=\"http:\/\/www.w3.org\/2000\/svg\" viewbox=\"0 0 81.68 81.67\"><defs><style>.cls-1{fill:#7ec58e;}.cls-2{fill:#fff;}<\/style><\/defs><path class=\"cls-1\" d=\"M40.84,0A40.84,40.84,0,1,0,81.68,40.84,40.83,40.83,0,0,0,40.84,0Z\"><\/path><g id=\"done\"><g id=\"check-circle-outline\"><polygon class=\"cls-2\" points=\"18.69 39.75 13.55 44.89 30.07 61.41 66.79 24.69 61.65 19.55 30.07 51.13 18.69 39.75\"><\/polygon><\/g><\/g><\/svg>Vitesse de l'&eacute;clair<\/p>\n\t\t<\/div>\n\t<\/div>\n<\/div><\/div><\/div><\/div><\/div><\/div><\/div><\/div><div class=\"vc_row wpb_row vc_row-fluid vc_custom_1701699917169 mpc-row\"><div class=\"wpb_column vc_column_container vc_col-sm-12 mpc-column\" data-column-id=\"mpc_column-1469d5bac02b1dd\"><div class=\"vc_column-inner\"><div class=\"wpb_wrapper\"><\/div><\/div><\/div><\/div>\r\n<\/div>[\/vc_column][\/vc_row]<\/div>","protected":false},"excerpt":{"rendered":"<p>OFFRE EXCLUSIVELES 3 PREMI&Egrave;RES ANN&Eacute;ES &Agrave; 2,22 &euro;\/MOIS PROFITEZ EN PAS DE JOURNAL 100+ LOCALISATIONS P2P autoris&eacute; Facile &agrave; utiliser Garantie de 30 Jours Assistance amicale Bitcoin accept&eacute; Vitesse de l&#8217;&eacute;clair<\/p>\n","protected":false},"author":1,"featured_media":0,"parent":0,"menu_order":0,"comment_status":"closed","ping_status":"open","template":"","meta":{"footnotes":""},"yst_prominent_words":[1151,4260,1513,8105,1980,3524,3476,2244,3526,3525,2942,8106],"class_list":["post-1981","page","type-page","status-publish","hentry"],"_links":{"self":[{"href":"https:\/\/www.le-vpn.com\/fr\/wp-json\/wp\/v2\/pages\/1981","targetHints":{"allow":["GET"]}}],"collection":[{"href":"https:\/\/www.le-vpn.com\/fr\/wp-json\/wp\/v2\/pages"}],"about":[{"href":"https:\/\/www.le-vpn.com\/fr\/wp-json\/wp\/v2\/types\/page"}],"author":[{"embeddable":true,"href":"https:\/\/www.le-vpn.com\/fr\/wp-json\/wp\/v2\/users\/1"}],"replies":[{"embeddable":true,"href":"https:\/\/www.le-vpn.com\/fr\/wp-json\/wp\/v2\/comments?post=1981"}],"version-history":[{"count":20,"href":"https:\/\/www.le-vpn.com\/fr\/wp-json\/wp\/v2\/pages\/1981\/revisions"}],"predecessor-version":[{"id":33564,"href":"https:\/\/www.le-vpn.com\/fr\/wp-json\/wp\/v2\/pages\/1981\/revisions\/33564"}],"wp:attachment":[{"href":"https:\/\/www.le-vpn.com\/fr\/wp-json\/wp\/v2\/media?parent=1981"}],"wp:term":[{"taxonomy":"yst_prominent_words","embeddable":true,"href":"https:\/\/www.le-vpn.com\/fr\/wp-json\/wp\/v2\/yst_prominent_words?post=1981"}],"curies":[{"name":"wp","href":"https:\/\/api.w.org\/{rel}","templated":true}]}}