{"id":1972,"date":"2013-08-27T15:41:33","date_gmt":"2013-08-27T15:41:33","guid":{"rendered":"http:\/\/le-vpn.le-vpn.net\/?page_id=1972"},"modified":"2021-06-04T12:14:22","modified_gmt":"2021-06-04T10:14:22","slug":"installation-l2tp-sur-android","status":"publish","type":"page","link":"https:\/\/www.le-vpn.com\/fr\/installation-l2tp-sur-android\/","title":{"rendered":"L2TP \/ IPSec VPN Installation sur Android"},"content":{"rendered":"<div class=\"wpb-content-wrapper\"><p>[vc_row css=&#8221;.vc_custom_1622799845626{margin-right: 10px !important;margin-bottom: 10px !important;margin-left: 10px !important;}&#8221;][vc_column][vc_raw_html]JTNDZGl2JTIwc3R5bGUlM0QlMjJmb250LXNpemUlM0EyMHB4JTNCZm9udC1mYW1pbHklM0ElMjBPc3dhbGQlM0J0ZXh0LXRyYW5zZm9ybSUzQSUyMHVwcGVyY2FzZSUzQmJvcmRlci13aWR0aCUzQSUyMDJweCUzQmJvcmRlci1jb2xvciUzQSUyMCUyMzdlYzU4ZSUzQmJvcmRlci1zdHlsZSUzQSUyMHNvbGlkJTNCYm9yZGVyLXJhZGl1cyUzQSUyMDEwcHglM0JwYWRkaW5nLXRvcCUzQSUyMDIwcHglM0JwYWRkaW5nLXJpZ2h0JTNBJTIwMjBweCUzQnBhZGRpbmctYm90dG9tJTNBJTIwMjBweCUzQnBhZGRpbmctbGVmdCUzQSUyMDIwcHglM0IlMjIlM0UlM0NjZW50ZXIlM0UlM0NwJTNFTk9VUyUyMFZPVVMlMjBSRUNPTU1BTkRPTlMlMjBEJUUyJTgwJTk5VVRJTElTRVIlMjBMJUUyJTgwJTk5QVBQTElDQVRJT04lMjBMRSUyMFZQTiUyMFBPVVIlMjBBTkRST0lEJTJDJTIwYXUlMjBsaWV1JTIwZCUyN3VuZSUyMGluc3RhbGxhdGlvbiUyMG1hbnVlbGxlJTNDJTJGcCUzRSUzQ2ElMjBocmVmJTNEJTIyaHR0cHMlM0ElMkYlMkZwbGF5Lmdvb2dsZS5jb20lMkZzdG9yZSUyRmFwcHMlMkZkZXRhaWxzJTNGaWQlM0Rjb20ubGV2cG4uYXBwLmxldnBuJTI2YW1wJTNCaGwlM0RlbiUyMiUyMHJlbCUzRCUyMl9ub2ZvbGxvdyUyMiUzRSUzQ2ltZyUyMHNyYyUzRCUyMmh0dHBzJTNBJTJGJTJGd3d3LmxlLXZwbi5jb20lMkZmciUyRndwLWNvbnRlbnQlMkZ1cGxvYWRzJTJGMjAxOCUyRjA3JTJGR29vZ2xlX0ZSLnN2ZyUyMiUyMHdpZHRoJTNEJTIyMTUwcHglMjIlMkYlM0UlM0MlMkZhJTNFJTNDJTJGY2VudGVyJTNFJTNDJTJGZGl2JTNF[\/vc_raw_html][\/vc_column][\/vc_row][vc_row css=&#8221;.vc_custom_1622799745013{margin-right: 10px !important;margin-left: 10px !important;}&#8221;][vc_column][vc_video link=&#8221;https:\/\/youtu.be\/xXbjyrHmw0Y&#8221; el_width=&#8221;50&#8243; align=&#8221;center&#8221;][vc_column_text]<\/p>\n<h2 class=\"heading text-capitalize\">L2TP \/ IPSEC VPN INSTALLATION SUR ANDROID<\/h2>\n<h3>Configuration<\/h3>\n<p>1.Ouvrez le menu et choisissez <strong>Param\u00e8tres<\/strong><\/p>\n<p>2.S\u00e9lectionnez <strong>Wi-Fi et R\u00e9seau<\/strong> ou Commandes Wi-Fi, selon votre version d&#8217;Android<\/p>\n<p>3.S\u00e9lectionnez <strong>Param\u00e8tres VPN<\/strong><\/p>\n<p>4.S\u00e9lectionnez <strong>Ajouter VPN<\/strong><\/p>\n<p>5.S\u00e9lectionnez <strong>Ajouter <strong>PSK VPN L2TP\/IPsec<\/strong><br \/>\n<\/strong><\/p>\n<p>6.S\u00e9lectionnez <strong>Nom de VPN<\/strong> et entrez un nom d\u00e9scriptif<\/p>\n<p>7.S\u00e9lectionnez <strong>Choisir Serveur VPN<\/strong> et entrez un nom du serveur :<\/p>\n<p><strong>uk.le-vpn.com<\/strong>(pour le serveur aux Royame Unis), <strong>fr.le-vpn.com<\/strong>(pour le serveur en France) etc pour les autres pays.<br \/>\nVous pouvez trouver la liste complete des serveurs <a href=\"http:\/\/www.le-vpn.com\/clients\/knowledgebase.php?action=displayarticle&amp;id=240&amp;language=french\">sur ce lien.<\/a><\/p>\n<p>8.Tapez <strong>D\u00e9finir la cl\u00e9 IPSec pr\u00e9-partag\u00e9e<\/strong> et entrez &#8220;levpnsecret&#8221;<\/p>\n<p>9. D\u00e9cochez <strong>Activer le secret L2TP<\/strong><\/p>\n<p>10.Ouvrez le menu et choisissez <strong>Enregistrer<\/strong><\/p>\n<h3>Connexion<\/h3>\n<p>1.Ouvrez le menu et choisissez <strong>Param\u00e8tres<\/strong><\/p>\n<p>2.S\u00e9lectionnez <strong>Wi-Fi et R\u00e9seau ou Commandes Wi-Fi<\/strong>, selon votre version d&#8217;Android<\/p>\n<p>3.S\u00e9lectionnez la configuration VPN dans la liste<\/p>\n<p>4.Entrez votre nom d&#8217;utilisateur et votre mot de passe (svp utiliser des majuscules et miniscules)<\/p>\n<p>5.S\u00e9lectionnez <strong>M\u00e9moriser Nom d&#8217;Utilisateur<\/strong><\/p>\n<p>6.S\u00e9lectionnez <strong>Connecter<\/strong><\/p>\n<p>&nbsp;<\/p>\n<p>[\/vc_column_text][\/vc_column][\/vc_row][vc_row css=&#8221;.vc_custom_1622799751063{margin-right: 10px !important;margin-left: 10px !important;}&#8221;][vc_column]<div class=\"templatera_shortcode\"><div class=\"vc_row wpb_row vc_row-fluid vc_custom_1501855332484 mpc-row\"><div class=\"wpb_column vc_column_container vc_col-sm-12 mpc-column\" data-column-id=\"mpc_column-4569e0f4d340a5c\"><div class=\"vc_column-inner\"><div class=\"wpb_wrapper\"><div data-id=\"mpc_callout-1069e0f4d3408db\" class=\"mpc-callout mpc-init mpc-callout--style_1 \"><div class=\"mpc-callout__icon-wrap mpc-icon--image\"><div class=\"mpc-callout__icon\"><i class=\"mpc-transition \"><img decoding=\"async\" class=\"\" src=\"https:\/\/www.le-vpn.com\/fr\/wp-content\/uploads\/2024\/09\/shield-96x96.png\" width=\"96\" height=\"96\" alt=\"shield\" title=\"shield\" loading=\"lazy\"><\/i><\/div><\/div><div class=\"mpc-callout__content\"><h3 class=\"mpc-callout__heading mpc-typography--preset_2\">Vous n'avez pas encore de compte? Abonnez-vous aujourd&rsquo;hui!<\/h3><\/div><div class=\"mpc-callout__button\"><a href=\"https:\/\/www.le-vpn.com\/clients\/cart.php?a=add&amp;pid=10&amp;billingcycle=annually&amp;language=French&amp;currency=1&amp;skipconfig=1&amp;cc=1\" title=\"\" data-id=\"mpc_button-5469e0f4d340956\" class=\"mpc-button mpc-init mpc-transition mpc-typography--preset_2 \"><div class=\"mpc-button__content mpc-effect-type--none mpc-effect-side--none\"><span class=\"mpc-button__title mpc-transition\">S'abonner<\/span><\/div><div class=\"mpc-button__background mpc-transition mpc-effect-type--expand mpc-effect-side--diagonal_left\"><\/div><\/a><\/div><\/div><\/div><\/div><\/div><\/div><\/div>[\/vc_column][\/vc_row][vc_row css=&#8221;.vc_custom_1622799758420{margin-right: 10px !important;margin-left: 10px !important;}&#8221;][vc_column]<div class=\"templatera_shortcode\"><div class=\"vc_row wpb_row vc_row-fluid vc_custom_1622800184597 mpc-row\"><div class=\"wpb_column vc_column_container vc_col-sm-12 mpc-column\" data-column-id=\"mpc_column-6569e0f4d35826a\"><div class=\"vc_column-inner\"><div class=\"wpb_wrapper\"><h2 style=\"text-align: center;font-family:Oswald;font-weight:300;font-style:normal\" class=\"vc_custom_heading vc_do_custom_heading vc_custom_1501854745859\">Installation sur d'autres appareils<\/h2><div data-id=\"mpc_divider-1969e0f4d341e1a\" class=\"mpc-divider-wrap\"><div class=\"mpc-divider mpc-init mpc-align--center mpc-disable--left \"><div class=\"mpc-divider__line mpc-side--left\"><span><\/span><\/div><div class=\"mpc-divider__line mpc-side--right\"><span><\/span><\/div><\/div><\/div><div class=\"vc_row wpb_row vc_inner vc_row-fluid vc_custom_1501854691099 mpc-row\"><div class=\"wpb_column vc_column_container vc_col-sm-3 mpc-column\" data-column-id=\"mpc_column-3469e0f4d344a8a\"><div class=\"vc_column-inner vc_custom_1622800041064\"><div class=\"wpb_wrapper\"><div data-id=\"mpc_callout-6269e0f4d344914\" class=\"mpc-callout mpc-init mpc-callout--style_3 \"><div class=\"mpc-callout__icon-wrap mpc-icon--image\"><div class=\"mpc-callout__icon\"><i class=\"mpc-transition \"><img decoding=\"async\" width=\"42\" height=\"39\" src=\"https:\/\/www.le-vpn.com\/fr\/wp-content\/uploads\/2013\/08\/win-logo.png\" class=\"attachment-thumbnail\" alt=\"Le VPN sur Windows\" title=\"Le VPN sur Windows\"><\/i><\/div><\/div><div class=\"mpc-callout__content\"><\/div><div class=\"mpc-callout__button\"><a href=\"https:\/\/www.le-vpn.com\/fr\/le-vpn-sur-windows\/\" title=\"\" data-id=\"mpc_button-7669e0f4d344986\" class=\"mpc-button mpc-init mpc-transition mpc-typography--preset_2 \"><div class=\"mpc-button__content mpc-effect-type--none mpc-effect-side--none\"><span class=\"mpc-button__title mpc-transition\">Windows<\/span><\/div><div class=\"mpc-button__background mpc-transition mpc-effect-type--slide mpc-effect-side--bottom\"><\/div><\/a><\/div><\/div><\/div><\/div><\/div><div class=\"wpb_column vc_column_container vc_col-sm-3 mpc-column\" data-column-id=\"mpc_column-8169e0f4d3475f3\"><div class=\"vc_column-inner vc_custom_1622800045253\"><div class=\"wpb_wrapper\"><div data-id=\"mpc_callout-2369e0f4d34747d\" class=\"mpc-callout mpc-init mpc-callout--style_3 \"><div class=\"mpc-callout__icon-wrap mpc-icon--image\"><div class=\"mpc-callout__icon\"><i class=\"mpc-transition \"><img decoding=\"async\" width=\"44\" height=\"44\" src=\"https:\/\/www.le-vpn.com\/fr\/wp-content\/uploads\/2013\/08\/macOS-logo.png\" class=\"attachment-thumbnail\" alt=\"Le VPN sur macOS\" title=\"Le VPN sur macOS\"><\/i><\/div><\/div><div class=\"mpc-callout__content\"><\/div><div class=\"mpc-callout__button\"><a href=\"https:\/\/www.le-vpn.com\/fr\/le-vpn-sur-mac-os-x\/\" title=\"\" data-id=\"mpc_button-569e0f4d3474f3\" class=\"mpc-button mpc-init mpc-transition mpc-typography--preset_2 \"><div class=\"mpc-button__content mpc-effect-type--none mpc-effect-side--none\"><span class=\"mpc-button__title mpc-transition\">macOS<\/span><\/div><div class=\"mpc-button__background mpc-transition mpc-effect-type--slide mpc-effect-side--bottom\"><\/div><\/a><\/div><\/div><\/div><\/div><\/div><div class=\"wpb_column vc_column_container vc_col-sm-3 mpc-column\" data-column-id=\"mpc_column-9969e0f4d349f79\"><div class=\"vc_column-inner vc_custom_1622800049451\"><div class=\"wpb_wrapper\"><div data-id=\"mpc_callout-569e0f4d349de5\" class=\"mpc-callout mpc-init mpc-callout--style_3 \"><div class=\"mpc-callout__icon-wrap mpc-icon--image\"><div class=\"mpc-callout__icon\"><i class=\"mpc-transition \"><img decoding=\"async\" width=\"34\" height=\"44\" src=\"https:\/\/www.le-vpn.com\/fr\/wp-content\/uploads\/2013\/08\/pad1-1.png\" class=\"attachment-thumbnail\" alt=\"Le VPN sur iOS\" title=\"Le VPN sur iOS\"><\/i><\/div><\/div><div class=\"mpc-callout__content\"><\/div><div class=\"mpc-callout__button\"><a href=\"https:\/\/www.le-vpn.com\/fr\/installation-l2tp-sur-iphone-ipad-ipod\/\" title=\"\" data-id=\"mpc_button-469e0f4d349e70\" class=\"mpc-button mpc-init mpc-transition mpc-typography--preset_2 \"><div class=\"mpc-button__content mpc-effect-type--none mpc-effect-side--none\"><span class=\"mpc-button__title mpc-transition\">iPhone, iPad &amp; iPod<\/span><\/div><div class=\"mpc-button__background mpc-transition mpc-effect-type--slide mpc-effect-side--bottom\"><\/div><\/a><\/div><\/div><\/div><\/div><\/div><div class=\"wpb_column vc_column_container vc_col-sm-3 mpc-column\" data-column-id=\"mpc_column-7669e0f4d34ca50\"><div class=\"vc_column-inner\"><div class=\"wpb_wrapper\"><div data-id=\"mpc_callout-8169e0f4d34c8c9\" class=\"mpc-callout mpc-init mpc-callout--style_3 \"><div class=\"mpc-callout__icon-wrap mpc-icon--image\"><div class=\"mpc-callout__icon\"><i class=\"mpc-transition \"><img decoding=\"async\" width=\"44\" height=\"44\" src=\"https:\/\/www.le-vpn.com\/fr\/wp-content\/uploads\/2013\/08\/an1-1.png\" class=\"attachment-thumbnail\" alt=\"Le VPN sur Android\" title=\"Le VPN sur Android\"><\/i><\/div><\/div><div class=\"mpc-callout__content\"><\/div><div class=\"mpc-callout__button\"><a href=\"https:\/\/www.le-vpn.com\/fr\/installation-l2tp-sur-android\/\" title=\"\" data-id=\"mpc_button-1369e0f4d34c94c\" class=\"mpc-button mpc-init mpc-transition mpc-typography--preset_2 \"><div class=\"mpc-button__content mpc-effect-type--none mpc-effect-side--none\"><span class=\"mpc-button__title mpc-transition\">Android<\/span><\/div><div class=\"mpc-button__background mpc-transition mpc-effect-type--slide mpc-effect-side--bottom\"><\/div><\/a><\/div><\/div><\/div><\/div><\/div><\/div><div class=\"vc_row wpb_row vc_inner vc_row-fluid mpc-row\"><div class=\"wpb_column vc_column_container vc_col-sm-3 mpc-column\" data-column-id=\"mpc_column-3969e0f4d34faa1\"><div class=\"vc_column-inner vc_custom_1622800063379\"><div class=\"wpb_wrapper\"><div data-id=\"mpc_callout-1269e0f4d34f93e\" class=\"mpc-callout mpc-init mpc-callout--style_3 \"><div class=\"mpc-callout__icon-wrap mpc-icon--image\"><div class=\"mpc-callout__icon\"><i class=\"mpc-transition \"><img decoding=\"async\" width=\"34\" height=\"44\" src=\"https:\/\/www.le-vpn.com\/fr\/wp-content\/uploads\/2013\/08\/windows-phone-logo.png\" class=\"attachment-thumbnail\" alt=\"Le VPN sur Windows Phone\" title=\"Le VPN sur Windows Phone\"><\/i><\/div><\/div><div class=\"mpc-callout__content\"><\/div><div class=\"mpc-callout__button\"><a href=\"https:\/\/www.le-vpn.com\/fr\/vpn-via-l2tp-ipsec-windows-phone\/\" title=\"\" data-id=\"mpc_button-4269e0f4d34f9a9\" class=\"mpc-button mpc-init mpc-transition mpc-typography--preset_2 \"><div class=\"mpc-button__content mpc-effect-type--none mpc-effect-side--none\"><span class=\"mpc-button__title mpc-transition\">Windows Phone<\/span><\/div><div class=\"mpc-button__background mpc-transition mpc-effect-type--slide mpc-effect-side--bottom\"><\/div><\/a><\/div><\/div><\/div><\/div><\/div><div class=\"wpb_column vc_column_container vc_col-sm-3 mpc-column\" data-column-id=\"mpc_column-1869e0f4d352412\"><div class=\"vc_column-inner vc_custom_1622800067755\"><div class=\"wpb_wrapper\"><div data-id=\"mpc_callout-769e0f4d352298\" class=\"mpc-callout mpc-init mpc-callout--style_3 \"><div class=\"mpc-callout__icon-wrap mpc-icon--image\"><div class=\"mpc-callout__icon\"><i class=\"mpc-transition \"><img decoding=\"async\" width=\"42\" height=\"39\" src=\"https:\/\/www.le-vpn.com\/fr\/wp-content\/uploads\/2013\/08\/chromebook-logo.png\" class=\"attachment-thumbnail\" alt=\"Le VPN sur Chromebook\" title=\"Le VPN sur Chromebook\"><\/i><\/div><\/div><div class=\"mpc-callout__content\"><\/div><div class=\"mpc-callout__button\"><a href=\"https:\/\/www.le-vpn.com\/fr\/vpn-via-l2tp-ipsec-chromebook\/\" title=\"\" data-id=\"mpc_button-2969e0f4d352308\" class=\"mpc-button mpc-init mpc-transition mpc-typography--preset_2 \"><div class=\"mpc-button__content mpc-effect-type--none mpc-effect-side--none\"><span class=\"mpc-button__title mpc-transition\">Chromebook<\/span><\/div><div class=\"mpc-button__background mpc-transition mpc-effect-type--slide mpc-effect-side--bottom\"><\/div><\/a><\/div><\/div><\/div><\/div><\/div><div class=\"wpb_column vc_column_container vc_col-sm-3 mpc-column\" data-column-id=\"mpc_column-669e0f4d354f7a\"><div class=\"vc_column-inner vc_custom_1622800071943\"><div class=\"wpb_wrapper\"><div data-id=\"mpc_callout-869e0f4d354dfa\" class=\"mpc-callout mpc-init mpc-callout--style_3 \"><div class=\"mpc-callout__icon-wrap mpc-icon--image\"><div class=\"mpc-callout__icon\"><i class=\"mpc-transition \"><img decoding=\"async\" width=\"60\" height=\"39\" src=\"https:\/\/www.le-vpn.com\/fr\/wp-content\/uploads\/2013\/08\/DD-WRT-logo-1.png\" class=\"attachment-thumbnail\" alt=\"Le VPN sur routeurs DD-WRT\" title=\"Le VPN sur routeurs DD-WRT\"><\/i><\/div><\/div><div class=\"mpc-callout__content\"><\/div><div class=\"mpc-callout__button\"><a href=\"https:\/\/www.le-vpn.com\/fr\/installation-openvpn-routeur-dd-wrt\/\" title=\"\" data-id=\"mpc_button-4169e0f4d354e78\" class=\"mpc-button mpc-init mpc-transition mpc-typography--preset_2 \"><div class=\"mpc-button__content mpc-effect-type--none mpc-effect-side--none\"><span class=\"mpc-button__title mpc-transition\">Routeurs DD-WRT<\/span><\/div><div class=\"mpc-button__background mpc-transition mpc-effect-type--slide mpc-effect-side--bottom\"><\/div><\/a><\/div><\/div><\/div><\/div><\/div><div class=\"wpb_column vc_column_container vc_col-sm-3 mpc-column\" data-column-id=\"mpc_column-7669e0f4d357c9b\"><div class=\"vc_column-inner\"><div class=\"wpb_wrapper\"><div data-id=\"mpc_callout-1269e0f4d357b11\" class=\"mpc-callout mpc-init mpc-callout--style_3 \"><div class=\"mpc-callout__icon-wrap mpc-icon--image\"><div class=\"mpc-callout__icon\"><i class=\"mpc-transition \"><img decoding=\"async\" width=\"37\" height=\"44\" src=\"https:\/\/www.le-vpn.com\/fr\/wp-content\/uploads\/2013\/08\/lin1-1.png\" class=\"attachment-thumbnail\" alt=\"Le VPN sur Linux\" title=\"Le VPN sur Linux\"><\/i><\/div><\/div><div class=\"mpc-callout__content\"><\/div><div class=\"mpc-callout__button\"><a href=\"https:\/\/www.le-vpn.com\/fr\/installation-ubuntu-openvpn\/\" title=\"\" data-id=\"mpc_button-8869e0f4d357b8e\" class=\"mpc-button mpc-init mpc-transition mpc-typography--preset_2 \"><div class=\"mpc-button__content mpc-effect-type--none mpc-effect-side--none\"><span class=\"mpc-button__title mpc-transition\">Linux<\/span><\/div><div class=\"mpc-button__background mpc-transition mpc-effect-type--slide mpc-effect-side--bottom\"><\/div><\/a><\/div><\/div><\/div><\/div><\/div><\/div><\/div><\/div><\/div><\/div><\/div>[\/vc_column][\/vc_row]<\/p>\n[vc_row][vc_column]<div class=\"templatera_shortcode\"><div class=\"vc_row wpb_row vc_row-fluid mpc-row\"><div class=\"wpb_column vc_column_container vc_col-sm-12 mpc-column\" data-column-id=\"mpc_column-3469e0f4d35b697\"><div class=\"vc_column-inner\"><div class=\"wpb_wrapper\"><div data-id=\"mpc_callout-969e0f4d359f45\" class=\"mpc-callout mpc-init mpc-callout--style_1 \"><div class=\"mpc-callout__icon-wrap mpc-icon--image\"><div class=\"mpc-callout__icon\"><i class=\"mpc-transition \"><img decoding=\"async\" class=\"\" src=\"https:\/\/www.le-vpn.com\/fr\/wp-content\/uploads\/2025\/09\/exclusive-deal.png\" width=\"100\" height=\"100\" alt=\"exclusive-deal\" title=\"exclusive-deal\" loading=\"lazy\"><\/i><\/div><\/div><div class=\"mpc-callout__content\"><h3 class=\"mpc-callout__heading mpc-typography--preset_1\">OFFRE EXCLUSIVE<\/h3><div data-id=\"mpc_divider-7369e0f4d359ff9\" class=\"mpc-divider-wrap\"><div class=\"mpc-divider mpc-init mpc-align--center mpc-disable--left \"><div class=\"mpc-divider__line mpc-side--left\"><span><\/span><\/div><div class=\"mpc-divider__line mpc-side--right\"><span><\/span><\/div><\/div><\/div><div class=\"mpc-callout__description\"><p>LES 3 PREMI&Egrave;RES ANN&Eacute;ES &Agrave; 2,22 &euro;\/MOIS<\/p>\n<\/div><\/div><div class=\"mpc-callout__button\"><a href=\"https:\/\/www.le-vpn.com\/fr\/acheter-le-vpn\/\" title=\"\" data-id=\"mpc_button-1869e0f4d359fb8\" class=\"mpc-button mpc-init mpc-transition mpc-typography--preset_2 \"><div class=\"mpc-button__content mpc-effect-type--none mpc-effect-side--none\"><span class=\"mpc-button__title mpc-transition\">PROFITEZ EN<\/span><\/div><div class=\"mpc-button__background mpc-transition mpc-effect-type--fade mpc-effect-side--in\"><\/div><\/a><\/div><\/div><div class=\"vc_row wpb_row vc_inner vc_row-fluid vc_custom_1725366294400 mpc-row\"><div class=\"wpb_column vc_column_container vc_col-sm-3 mpc-column\" data-column-id=\"mpc_column-6369e0f4d35a71f\"><div class=\"vc_column-inner\"><div class=\"wpb_wrapper\">\n\t<div class=\"wpb_raw_code wpb_raw_html wpb_content_element vc_custom_1619036137534\">\n\t\t<div class=\"wpb_wrapper\">\n\t\t\t<p style=\"font-size:14px;color:#444;margin-left:20px;\"><svg width=\"16\" style=\"vertical-align: -10%;margin-right:10px;\" xmlns=\"http:\/\/www.w3.org\/2000\/svg\" viewbox=\"0 0 81.68 81.67\"><defs><style>.cls-1{fill:#7ec58e;}.cls-2{fill:#fff;}<\/style><\/defs><path class=\"cls-1\" d=\"M40.84,0A40.84,40.84,0,1,0,81.68,40.84,40.83,40.83,0,0,0,40.84,0Z\"><\/path><g id=\"done\"><g id=\"check-circle-outline\"><polygon class=\"cls-2\" points=\"18.69 39.75 13.55 44.89 30.07 61.41 66.79 24.69 61.65 19.55 30.07 51.13 18.69 39.75\"><\/polygon><\/g><\/g><\/svg>PAS DE JOURNAL<\/p>\n\t\t<\/div>\n\t<\/div>\n\n\t<div class=\"wpb_raw_code wpb_raw_html wpb_content_element vc_custom_1699541136156\">\n\t\t<div class=\"wpb_wrapper\">\n\t\t\t<p style=\"font-size:14px;color:#444;margin-left:20px;\"><svg width=\"16\" style=\"vertical-align: -10%;margin-right:10px;\" xmlns=\"http:\/\/www.w3.org\/2000\/svg\" viewbox=\"0 0 81.68 81.67\"><defs><style>.cls-1{fill:#7ec58e;}.cls-2{fill:#fff;}<\/style><\/defs><path class=\"cls-1\" d=\"M40.84,0A40.84,40.84,0,1,0,81.68,40.84,40.83,40.83,0,0,0,40.84,0Z\"><\/path><g id=\"done\"><g id=\"check-circle-outline\"><polygon class=\"cls-2\" points=\"18.69 39.75 13.55 44.89 30.07 61.41 66.79 24.69 61.65 19.55 30.07 51.13 18.69 39.75\"><\/polygon><\/g><\/g><\/svg>100+ LOCALISATIONS<\/p>\n\t\t<\/div>\n\t<\/div>\n<\/div><\/div><\/div><div class=\"wpb_column vc_column_container vc_col-sm-3 mpc-column\" data-column-id=\"mpc_column-569e0f4d35aa72\"><div class=\"vc_column-inner\"><div class=\"wpb_wrapper\">\n\t<div class=\"wpb_raw_code wpb_raw_html wpb_content_element vc_custom_1619036153466\">\n\t\t<div class=\"wpb_wrapper\">\n\t\t\t<p style=\"font-size:14px;color:#444;text-transform: uppercase;margin-left:20px;\"><svg width=\"16\" style=\"vertical-align: -10%;margin-right:10px;\" xmlns=\"http:\/\/www.w3.org\/2000\/svg\" viewbox=\"0 0 81.68 81.67\"><defs><style>.cls-1{fill:#7ec58e;}.cls-2{fill:#fff;}<\/style><\/defs><path class=\"cls-1\" d=\"M40.84,0A40.84,40.84,0,1,0,81.68,40.84,40.83,40.83,0,0,0,40.84,0Z\"><\/path><g id=\"done\"><g id=\"check-circle-outline\"><polygon class=\"cls-2\" points=\"18.69 39.75 13.55 44.89 30.07 61.41 66.79 24.69 61.65 19.55 30.07 51.13 18.69 39.75\"><\/polygon><\/g><\/g><\/svg>P2P autoris&eacute;<\/p>\n\t\t<\/div>\n\t<\/div>\n\n\t<div class=\"wpb_raw_code wpb_raw_html wpb_content_element vc_custom_1619036161279\">\n\t\t<div class=\"wpb_wrapper\">\n\t\t\t<p style=\"font-size:14px;color:#444;text-transform: uppercase;margin-left:20px;\"><svg width=\"16\" style=\"vertical-align: -10%;margin-right:10px;\" xmlns=\"http:\/\/www.w3.org\/2000\/svg\" viewbox=\"0 0 81.68 81.67\"><defs><style>.cls-1{fill:#7ec58e;}.cls-2{fill:#fff;}<\/style><\/defs><path class=\"cls-1\" d=\"M40.84,0A40.84,40.84,0,1,0,81.68,40.84,40.83,40.83,0,0,0,40.84,0Z\"><\/path><g id=\"done\"><g id=\"check-circle-outline\"><polygon class=\"cls-2\" points=\"18.69 39.75 13.55 44.89 30.07 61.41 66.79 24.69 61.65 19.55 30.07 51.13 18.69 39.75\"><\/polygon><\/g><\/g><\/svg>Facile &agrave; utiliser<\/p>\n\t\t<\/div>\n\t<\/div>\n<\/div><\/div><\/div><div class=\"wpb_column vc_column_container vc_col-sm-3 mpc-column\" data-column-id=\"mpc_column-1769e0f4d35ad6c\"><div class=\"vc_column-inner\"><div class=\"wpb_wrapper\">\n\t<div class=\"wpb_raw_code wpb_raw_html wpb_content_element vc_custom_1622661737627\">\n\t\t<div class=\"wpb_wrapper\">\n\t\t\t<p style=\"font-size:13px;color:#444;text-transform: uppercase;margin-left:20px;\"><svg width=\"16\" style=\"vertical-align: -10%;margin-right:10px;\" xmlns=\"http:\/\/www.w3.org\/2000\/svg\" viewbox=\"0 0 81.68 81.67\"><defs><style>.cls-1{fill:#7ec58e;}.cls-2{fill:#fff;}<\/style><\/defs><path class=\"cls-1\" d=\"M40.84,0A40.84,40.84,0,1,0,81.68,40.84,40.83,40.83,0,0,0,40.84,0Z\"><\/path><g id=\"done\"><g id=\"check-circle-outline\"><polygon class=\"cls-2\" points=\"18.69 39.75 13.55 44.89 30.07 61.41 66.79 24.69 61.65 19.55 30.07 51.13 18.69 39.75\"><\/polygon><\/g><\/g><\/svg>Garantie de 30 Jours<\/p>\n\t\t<\/div>\n\t<\/div>\n\n\t<div class=\"wpb_raw_code wpb_raw_html wpb_content_element vc_custom_1619036177713\">\n\t\t<div class=\"wpb_wrapper\">\n\t\t\t<p style=\"font-size:14px;color:#444;text-transform: uppercase;margin-left:20px;\"><svg width=\"16\" style=\"vertical-align: -10%;margin-right:10px;\" xmlns=\"http:\/\/www.w3.org\/2000\/svg\" viewbox=\"0 0 81.68 81.67\"><defs><style>.cls-1{fill:#7ec58e;}.cls-2{fill:#fff;}<\/style><\/defs><path class=\"cls-1\" d=\"M40.84,0A40.84,40.84,0,1,0,81.68,40.84,40.83,40.83,0,0,0,40.84,0Z\"><\/path><g id=\"done\"><g id=\"check-circle-outline\"><polygon class=\"cls-2\" points=\"18.69 39.75 13.55 44.89 30.07 61.41 66.79 24.69 61.65 19.55 30.07 51.13 18.69 39.75\"><\/polygon><\/g><\/g><\/svg>Assistance amicale<\/p>\n\t\t<\/div>\n\t<\/div>\n<\/div><\/div><\/div><div class=\"wpb_column vc_column_container vc_col-sm-3 mpc-column\" data-column-id=\"mpc_column-9069e0f4d35b054\"><div class=\"vc_column-inner\"><div class=\"wpb_wrapper\">\n\t<div class=\"wpb_raw_code wpb_raw_html wpb_content_element vc_custom_1619036185445\">\n\t\t<div class=\"wpb_wrapper\">\n\t\t\t<p style=\"font-size:14px;color:#444;text-transform: uppercase;margin-left:20px;\"><svg width=\"16\" style=\"vertical-align: -10%;margin-right:10px;\" xmlns=\"http:\/\/www.w3.org\/2000\/svg\" viewbox=\"0 0 81.68 81.67\"><defs><style>.cls-1{fill:#7ec58e;}.cls-2{fill:#fff;}<\/style><\/defs><path class=\"cls-1\" d=\"M40.84,0A40.84,40.84,0,1,0,81.68,40.84,40.83,40.83,0,0,0,40.84,0Z\"><\/path><g id=\"done\"><g id=\"check-circle-outline\"><polygon class=\"cls-2\" points=\"18.69 39.75 13.55 44.89 30.07 61.41 66.79 24.69 61.65 19.55 30.07 51.13 18.69 39.75\"><\/polygon><\/g><\/g><\/svg>Bitcoin accept&eacute;<\/p>\n\t\t<\/div>\n\t<\/div>\n\n\t<div class=\"wpb_raw_code wpb_raw_html wpb_content_element vc_custom_1619036194514\">\n\t\t<div class=\"wpb_wrapper\">\n\t\t\t<p style=\"font-size:14px;color:#444;text-transform: uppercase;margin-left:20px;\"><svg width=\"16\" style=\"vertical-align: -10%;margin-right:10px;\" xmlns=\"http:\/\/www.w3.org\/2000\/svg\" viewbox=\"0 0 81.68 81.67\"><defs><style>.cls-1{fill:#7ec58e;}.cls-2{fill:#fff;}<\/style><\/defs><path class=\"cls-1\" d=\"M40.84,0A40.84,40.84,0,1,0,81.68,40.84,40.83,40.83,0,0,0,40.84,0Z\"><\/path><g id=\"done\"><g id=\"check-circle-outline\"><polygon class=\"cls-2\" points=\"18.69 39.75 13.55 44.89 30.07 61.41 66.79 24.69 61.65 19.55 30.07 51.13 18.69 39.75\"><\/polygon><\/g><\/g><\/svg>Vitesse de l'&eacute;clair<\/p>\n\t\t<\/div>\n\t<\/div>\n<\/div><\/div><\/div><\/div><\/div><\/div><\/div><\/div><div class=\"vc_row wpb_row vc_row-fluid vc_custom_1701699917169 mpc-row\"><div class=\"wpb_column vc_column_container vc_col-sm-12 mpc-column\" data-column-id=\"mpc_column-7269e0f4d35bfaf\"><div class=\"vc_column-inner\"><div class=\"wpb_wrapper\"><\/div><\/div><\/div><\/div>\r\n<\/div>[\/vc_column][\/vc_row]<\/div>","protected":false},"excerpt":{"rendered":"<p>OFFRE EXCLUSIVELES 3 PREMI&Egrave;RES ANN&Eacute;ES &Agrave; 2,22 &euro;\/MOIS PROFITEZ EN PAS DE JOURNAL 100+ LOCALISATIONS P2P autoris&eacute; Facile &agrave; utiliser Garantie de 30 Jours Assistance amicale Bitcoin accept&eacute; Vitesse de l&#8217;&eacute;clair<\/p>\n","protected":false},"author":1,"featured_media":0,"parent":0,"menu_order":0,"comment_status":"closed","ping_status":"open","template":"","meta":{"footnotes":""},"yst_prominent_words":[3539,3535,3542,3536,3543,3541,3538,2876,2872,1859,1857,2881,2873,3540,1565,3537,2870,1181,2880,2869],"class_list":["post-1972","page","type-page","status-publish","hentry"],"_links":{"self":[{"href":"https:\/\/www.le-vpn.com\/fr\/wp-json\/wp\/v2\/pages\/1972","targetHints":{"allow":["GET"]}}],"collection":[{"href":"https:\/\/www.le-vpn.com\/fr\/wp-json\/wp\/v2\/pages"}],"about":[{"href":"https:\/\/www.le-vpn.com\/fr\/wp-json\/wp\/v2\/types\/page"}],"author":[{"embeddable":true,"href":"https:\/\/www.le-vpn.com\/fr\/wp-json\/wp\/v2\/users\/1"}],"replies":[{"embeddable":true,"href":"https:\/\/www.le-vpn.com\/fr\/wp-json\/wp\/v2\/comments?post=1972"}],"version-history":[{"count":15,"href":"https:\/\/www.le-vpn.com\/fr\/wp-json\/wp\/v2\/pages\/1972\/revisions"}],"predecessor-version":[{"id":33571,"href":"https:\/\/www.le-vpn.com\/fr\/wp-json\/wp\/v2\/pages\/1972\/revisions\/33571"}],"wp:attachment":[{"href":"https:\/\/www.le-vpn.com\/fr\/wp-json\/wp\/v2\/media?parent=1972"}],"wp:term":[{"taxonomy":"yst_prominent_words","embeddable":true,"href":"https:\/\/www.le-vpn.com\/fr\/wp-json\/wp\/v2\/yst_prominent_words?post=1972"}],"curies":[{"name":"wp","href":"https:\/\/api.w.org\/{rel}","templated":true}]}}