{"id":1239,"date":"2013-07-01T13:19:08","date_gmt":"2013-07-01T13:19:08","guid":{"rendered":"http:\/\/internet-censor.com\/?page_id=1239"},"modified":"2017-08-07T10:11:37","modified_gmt":"2017-08-07T08:11:37","slug":"l2tp-ipsec","status":"publish","type":"page","link":"https:\/\/www.le-vpn.com\/fr\/l2tp-ipsec\/","title":{"rendered":"Protocole L2TP \/ IPSec"},"content":{"rendered":"<div class=\"wpb-content-wrapper\"><p>[vc_row css=&#8221;.vc_custom_1501782383964{margin-right: 5px !important;margin-bottom: 30px !important;margin-left: 5px !important;}&#8221;][vc_column]<div id=\"mpc_textblock-5169f159a2eface\" class=\"mpc-textblock mpc-init \"><p><img decoding=\"async\" class=\"size-full wp-image-1240 alignright\" src=\"https:\/\/www.le-vpn.com\/fr\/wp-content\/uploads\/2013\/07\/l2tp1.png\" alt=\"Protocole L2TP\" width=\"244\" height=\"124\" \/><strong>Le protocole Layer 2 Tunneling (L2TP)<\/strong> est un protocole de tunneling utilis\u00e9 pour soutenir les <a title=\"r\u00e9seaux priv\u00e9s virtuels\" href=\"http:\/\/www.le-vpn.com\/fr\/\">r\u00e9seaux priv\u00e9s virtuels<\/a> (VPN) ou dans le cadre des prestations de services des FAI.<\/p>\n<p>Il n\u2019a aucune capacit\u00e9 de cryptage ou de confidentialit\u00e9, il s&#8217;appuie sur un protocole de cryptage (comme IPSec) qui passe dans le tunnel pour assurer la confidentialit\u00e9 (source: Wikipedia).<\/p>\n<p><strong>Internet Protocol Security (IPSec)<\/strong> est une suite de protocoles technologiques qui permet de s\u00e9curiser les communications IP par authentification et cryptage de chaque paquet IP d&#8217;une session de communication. IPSec inclut \u00e9galement des protocoles pour \u00e9tablir une authentification mutuelle entre agents au d\u00e9but de la session et la n\u00e9gociation de cl\u00e9s cryptographiques qui peuvent \u00eatre utilis\u00e9s au cours de la session.<\/p>\n<\/div>[\/vc_column][\/vc_row][vc_row][vc_column][vc_custom_heading text=&#8221;Quels sont les avantages et inconv\u00e9nients du protocole L2TP sur IPSec ?&#8221; font_container=&#8221;tag:h2|text_align:center&#8221; google_fonts=&#8221;font_family:Oswald%3A300%2Cregular%2C700|font_style:300%20light%20regular%3A300%3Anormal&#8221; css=&#8221;.vc_custom_1501782315311{margin-top: 0px !important;margin-right: 10px !important;margin-bottom: 0px !important;margin-left: 10px !important;}&#8221;]<div data-id=\"mpc_divider-2369f159a2efb50\" class=\"mpc-divider-wrap\"><div class=\"mpc-divider mpc-init mpc-align--center mpc-disable--left \" ><div class=\"mpc-divider__line mpc-side--left\"><span><\/span><\/div><div class=\"mpc-divider__line mpc-side--right\"><span><\/span><\/div><\/div><\/div>[\/vc_column][\/vc_row][vc_row css=&#8221;.vc_custom_1500993454217{margin-top: 60px !important;margin-bottom: 60px !important;}&#8221;][vc_column width=&#8221;1\/2&#8243;]<div data-id=\"mpc_icon_column-1969f159a2efbba\" class=\"mpc-icon-column mpc-init mpc-parent-hover mpc-transition mpc-icon-column--style_2 mpc-align--center \" ><div data-id=\"mpc_icon-5369f159a2efbf5\" class=\"mpc-icon mpc-init mpc-transition mpc-effect-slide-up mpc-icon-hover \"><div class=\"mpc-icon-wrap\"><i class=\"mpc-icon-part mpc-regular mpc-transition  fa fa-thumbs-o-up\"><\/i><i class=\"mpc-icon-part mpc-hover mpc-transition  fa fa-thumbs-o-up\"><\/i><\/div><\/div><div class=\"mpc-icon-column__content-wrap\"><div class=\"mpc-icon-column__content\"><h3 class=\"mpc-icon-column__heading mpc-typography--preset_2 mpc-transition\">Avantages:<\/h3><div class=\"mpc-icon-column__description mpc-typography--preset_0 mpc-transition\"><p>Le protocole L2TP\/IPSec est\u00a0<a title=\"VPN facile \u00e0 installer\" href=\"https:\/\/www.le-vpn.com\/fr\/installer-vpn\/\">facile \u00e0 installer<\/a>\u00a0et \u00e0 configurer sur votre ordinateur portable, votre ordinateur ou votre appareil mobile. C\u2019est aussi l\u2019un des meilleurs protocoles VPN pour contourner les restrictions de r\u00e9seaux et les fournisseurs de services Internet.<\/p>\n<\/div><\/div><\/div><\/div>[\/vc_column][vc_column width=&#8221;1\/2&#8243;]<div data-id=\"mpc_icon_column-369f159a2efc6d\" class=\"mpc-icon-column mpc-init mpc-parent-hover mpc-transition mpc-icon-column--style_2 mpc-align--center \" ><div data-id=\"mpc_icon-269f159a2efc93\" class=\"mpc-icon mpc-init mpc-transition mpc-effect-slide-up mpc-icon-hover \"><div class=\"mpc-icon-wrap\"><i class=\"mpc-icon-part mpc-regular mpc-transition  fa fa-thumbs-o-down\"><\/i><i class=\"mpc-icon-part mpc-hover mpc-transition  fa fa-thumbs-o-down\"><\/i><\/div><\/div><div class=\"mpc-icon-column__content-wrap\"><div class=\"mpc-icon-column__content\"><h3 class=\"mpc-icon-column__heading mpc-typography--preset_2 mpc-transition\">Inconv\u00e9nients :<\/h3><div class=\"mpc-icon-column__description mpc-typography--preset_0 mpc-transition\"><p>La connexion VPN L2TP peut \u00eatre plus lente. Le protocole L2TP\/IPSec peut \u00e9galement \u00eatre facilement bloqu\u00e9 par certains fournisseurs d\u2019acc\u00e8s Internet.<\/p>\n<\/div><\/div><\/div><\/div>[\/vc_column][\/vc_row][vc_row css=&#8221;.vc_custom_1501782234507{margin-right: 5px !important;margin-bottom: 30px !important;margin-left: 5px !important;}&#8221;][vc_column]<div id=\"mpc_textblock-9969f159a2efcc7\" class=\"mpc-textblock mpc-init \"><p>Pour installer le protocole L2TP\/IPSec avec Le VPN, merci de\u00a0<strong><a href=\"https:\/\/www.le-vpn.com\/fr\/installer-vpn\/\">suivre les instructions d\u2019installation de notre base de connaissances.<\/a><\/strong><\/p>\n<\/div>[\/vc_column][\/vc_row][vc_row][vc_column]<a href=\"https:\/\/www.le-vpn.com\/fr\/protocoles-le-vpn\/\" title=\"\"  data-id=\"mpc_button-8269f159a2efd22\" class=\"mpc-button mpc-init mpc-transition mpc-typography--preset_2 \" ><div class=\"mpc-button__content mpc-effect-type--none mpc-effect-side--none\"><span class=\"mpc-button__title mpc-transition\">Les Protocoles Le VPN<\/span><\/div><div class=\"mpc-button__background mpc-transition mpc-effect-type--expand mpc-effect-side--horizontal\"><\/div><\/a>[\/vc_column][\/vc_row][vc_row][vc_column]<a href=\"https:\/\/www.le-vpn.com\/fr\/openvpn\/\" title=\"\"  data-id=\"mpc_button-569f159a2efd6c\" class=\"mpc-button mpc-init mpc-transition mpc-typography--preset_2 \" ><div class=\"mpc-button__content mpc-effect-type--none mpc-effect-side--none\"><span class=\"mpc-button__title mpc-transition\">OpenVPN<\/span><\/div><div class=\"mpc-button__background mpc-transition mpc-effect-type--expand mpc-effect-side--horizontal\"><\/div><\/a>[\/vc_column][\/vc_row][vc_row][vc_column]<a href=\"https:\/\/www.le-vpn.com\/fr\/hybridvpn\/\" title=\"\"  data-id=\"mpc_button-2569f159a2efda6\" class=\"mpc-button mpc-init mpc-transition mpc-typography--preset_2 \" ><div class=\"mpc-button__content mpc-effect-type--none mpc-effect-side--none\"><span class=\"mpc-button__title mpc-transition\">HybridVPN<\/span><\/div><div class=\"mpc-button__background mpc-transition mpc-effect-type--expand mpc-effect-side--horizontal\"><\/div><\/a>[\/vc_column][\/vc_row][vc_row css=&#8221;.vc_custom_1501783017300{margin-bottom: 30px !important;}&#8221;][vc_column]<a href=\"https:\/\/www.le-vpn.com\/fr\/pptp\/\" title=\"\"  data-id=\"mpc_button-3169f159a2efdd6\" class=\"mpc-button mpc-init mpc-transition mpc-typography--preset_2 \" ><div class=\"mpc-button__content mpc-effect-type--none mpc-effect-side--none\"><span class=\"mpc-button__title mpc-transition\">PPTP<\/span><\/div><div class=\"mpc-button__background mpc-transition mpc-effect-type--expand mpc-effect-side--horizontal\"><\/div><\/a>[\/vc_column][\/vc_row][vc_row][vc_column]<div class=\"templatera_shortcode\"><div class=\"vc_row wpb_row vc_row-fluid mpc-row\"><div class=\"wpb_column vc_column_container vc_col-sm-12 mpc-column\" data-column-id=\"mpc_column-8669f159a2f3feb\"><div class=\"vc_column-inner\"><div class=\"wpb_wrapper\"><div data-id=\"mpc_callout-5469f159a2f2421\" class=\"mpc-callout mpc-init mpc-callout--style_1 \"><div class=\"mpc-callout__icon-wrap mpc-icon--image\"><div class=\"mpc-callout__icon\"><i class=\"mpc-transition \"><img decoding=\"async\" class=\"\" src=\"https:\/\/www.le-vpn.com\/fr\/wp-content\/uploads\/2025\/09\/exclusive-deal.png\" width=\"100\" height=\"100\" alt=\"exclusive-deal\" title=\"exclusive-deal\" loading=\"lazy\"><\/i><\/div><\/div><div class=\"mpc-callout__content\"><h3 class=\"mpc-callout__heading mpc-typography--preset_1\">OFFRE EXCLUSIVE<\/h3><div data-id=\"mpc_divider-7169f159a2f2548\" class=\"mpc-divider-wrap\"><div class=\"mpc-divider mpc-init mpc-align--center mpc-disable--left \"><div class=\"mpc-divider__line mpc-side--left\"><span><\/span><\/div><div class=\"mpc-divider__line mpc-side--right\"><span><\/span><\/div><\/div><\/div><div class=\"mpc-callout__description\"><p>LES 3 PREMI&Egrave;RES ANN&Eacute;ES &Agrave; 2,22 &euro;\/MOIS<\/p>\n<\/div><\/div><div class=\"mpc-callout__button\"><a href=\"https:\/\/www.le-vpn.com\/fr\/acheter-le-vpn\/\" title=\"\" data-id=\"mpc_button-6869f159a2f24e7\" class=\"mpc-button mpc-init mpc-transition mpc-typography--preset_2 \"><div class=\"mpc-button__content mpc-effect-type--none mpc-effect-side--none\"><span class=\"mpc-button__title mpc-transition\">PROFITEZ EN<\/span><\/div><div class=\"mpc-button__background mpc-transition mpc-effect-type--fade mpc-effect-side--in\"><\/div><\/a><\/div><\/div><div class=\"vc_row wpb_row vc_inner vc_row-fluid vc_custom_1725366128652 mpc-row\"><div class=\"wpb_column vc_column_container vc_col-sm-3 mpc-column\" data-column-id=\"mpc_column-1769f159a2f30d5\"><div class=\"vc_column-inner\"><div class=\"wpb_wrapper\">\n\t<div class=\"wpb_raw_code wpb_raw_html wpb_content_element vc_custom_1619036285031\">\n\t\t<div class=\"wpb_wrapper\">\n\t\t\t<p style=\"font-size:15px;color:#444;margin-left:20px;\"><svg width=\"16\" style=\"vertical-align: -10%;margin-right:10px;\" xmlns=\"http:\/\/www.w3.org\/2000\/svg\" viewbox=\"0 0 81.68 81.67\"><defs><style>.cls-1{fill:#7ec58e;}.cls-2{fill:#fff;}<\/style><\/defs><path class=\"cls-1\" d=\"M40.84,0A40.84,40.84,0,1,0,81.68,40.84,40.83,40.83,0,0,0,40.84,0Z\"><\/path><g id=\"done\"><g id=\"check-circle-outline\"><polygon class=\"cls-2\" points=\"18.69 39.75 13.55 44.89 30.07 61.41 66.79 24.69 61.65 19.55 30.07 51.13 18.69 39.75\"><\/polygon><\/g><\/g><\/svg>PAS DE JOURNAL<\/p>\n\t\t<\/div>\n\t<\/div>\n\n\t<div class=\"wpb_raw_code wpb_raw_html wpb_content_element vc_custom_1699541177365\">\n\t\t<div class=\"wpb_wrapper\">\n\t\t\t<p style=\"font-size:15px;color:#444;margin-left:20px;\"><svg width=\"16\" style=\"vertical-align: -10%;margin-right:10px;\" xmlns=\"http:\/\/www.w3.org\/2000\/svg\" viewbox=\"0 0 81.68 81.67\"><defs><style>.cls-1{fill:#7ec58e;}.cls-2{fill:#fff;}<\/style><\/defs><path class=\"cls-1\" d=\"M40.84,0A40.84,40.84,0,1,0,81.68,40.84,40.83,40.83,0,0,0,40.84,0Z\"><\/path><g id=\"done\"><g id=\"check-circle-outline\"><polygon class=\"cls-2\" points=\"18.69 39.75 13.55 44.89 30.07 61.41 66.79 24.69 61.65 19.55 30.07 51.13 18.69 39.75\"><\/polygon><\/g><\/g><\/svg>100+ LOCALISTATIONS<\/p>\n\t\t<\/div>\n\t<\/div>\n<\/div><\/div><\/div><div class=\"wpb_column vc_column_container vc_col-sm-3 mpc-column\" data-column-id=\"mpc_column-9369f159a2f3441\"><div class=\"vc_column-inner\"><div class=\"wpb_wrapper\">\n\t<div class=\"wpb_raw_code wpb_raw_html wpb_content_element vc_custom_1619036301667\">\n\t\t<div class=\"wpb_wrapper\">\n\t\t\t<p style=\"font-size:15px;color:#444;text-transform: uppercase;margin-left:20px;\"><svg width=\"16\" style=\"vertical-align: -10%;margin-right:10px;\" xmlns=\"http:\/\/www.w3.org\/2000\/svg\" viewbox=\"0 0 81.68 81.67\"><defs><style>.cls-1{fill:#7ec58e;}.cls-2{fill:#fff;}<\/style><\/defs><path class=\"cls-1\" d=\"M40.84,0A40.84,40.84,0,1,0,81.68,40.84,40.83,40.83,0,0,0,40.84,0Z\"><\/path><g id=\"done\"><g id=\"check-circle-outline\"><polygon class=\"cls-2\" points=\"18.69 39.75 13.55 44.89 30.07 61.41 66.79 24.69 61.65 19.55 30.07 51.13 18.69 39.75\"><\/polygon><\/g><\/g><\/svg>P2P autoris&eacute;<\/p>\n\t\t<\/div>\n\t<\/div>\n\n\t<div class=\"wpb_raw_code wpb_raw_html wpb_content_element vc_custom_1619036309021\">\n\t\t<div class=\"wpb_wrapper\">\n\t\t\t<p style=\"font-size:15px;color:#444;text-transform: uppercase;margin-left:20px;\"><svg width=\"16\" style=\"vertical-align: -10%;margin-right:10px;\" xmlns=\"http:\/\/www.w3.org\/2000\/svg\" viewbox=\"0 0 81.68 81.67\"><defs><style>.cls-1{fill:#7ec58e;}.cls-2{fill:#fff;}<\/style><\/defs><path class=\"cls-1\" d=\"M40.84,0A40.84,40.84,0,1,0,81.68,40.84,40.83,40.83,0,0,0,40.84,0Z\"><\/path><g id=\"done\"><g id=\"check-circle-outline\"><polygon class=\"cls-2\" points=\"18.69 39.75 13.55 44.89 30.07 61.41 66.79 24.69 61.65 19.55 30.07 51.13 18.69 39.75\"><\/polygon><\/g><\/g><\/svg>Facile &agrave; utiliser<\/p>\n\t\t<\/div>\n\t<\/div>\n<\/div><\/div><\/div><div class=\"wpb_column vc_column_container vc_col-sm-3 mpc-column\" data-column-id=\"mpc_column-4869f159a2f3737\"><div class=\"vc_column-inner\"><div class=\"wpb_wrapper\">\n\t<div class=\"wpb_raw_code wpb_raw_html wpb_content_element vc_custom_1622661892749\">\n\t\t<div class=\"wpb_wrapper\">\n\t\t\t<p style=\"font-size:15px;color:#444;text-transform: uppercase;margin-left:20px;\"><svg width=\"16\" style=\"vertical-align: -10%;margin-right:10px;\" xmlns=\"http:\/\/www.w3.org\/2000\/svg\" viewbox=\"0 0 81.68 81.67\"><defs><style>.cls-1{fill:#7ec58e;}.cls-2{fill:#fff;}<\/style><\/defs><path class=\"cls-1\" d=\"M40.84,0A40.84,40.84,0,1,0,81.68,40.84,40.83,40.83,0,0,0,40.84,0Z\"><\/path><g id=\"done\"><g id=\"check-circle-outline\"><polygon class=\"cls-2\" points=\"18.69 39.75 13.55 44.89 30.07 61.41 66.79 24.69 61.65 19.55 30.07 51.13 18.69 39.75\"><\/polygon><\/g><\/g><\/svg>Garantie de 30 Jours<\/p>\n\t\t<\/div>\n\t<\/div>\n\n\t<div class=\"wpb_raw_code wpb_raw_html wpb_content_element vc_custom_1619036325410\">\n\t\t<div class=\"wpb_wrapper\">\n\t\t\t<p style=\"font-size:15px;color:#444;text-transform: uppercase;margin-left:20px;\"><svg width=\"16\" style=\"vertical-align: -10%;margin-right:10px;\" xmlns=\"http:\/\/www.w3.org\/2000\/svg\" viewbox=\"0 0 81.68 81.67\"><defs><style>.cls-1{fill:#7ec58e;}.cls-2{fill:#fff;}<\/style><\/defs><path class=\"cls-1\" d=\"M40.84,0A40.84,40.84,0,1,0,81.68,40.84,40.83,40.83,0,0,0,40.84,0Z\"><\/path><g id=\"done\"><g id=\"check-circle-outline\"><polygon class=\"cls-2\" points=\"18.69 39.75 13.55 44.89 30.07 61.41 66.79 24.69 61.65 19.55 30.07 51.13 18.69 39.75\"><\/polygon><\/g><\/g><\/svg>Assistance amicale<\/p>\n\t\t<\/div>\n\t<\/div>\n<\/div><\/div><\/div><div class=\"wpb_column vc_column_container vc_col-sm-3 mpc-column\" data-column-id=\"mpc_column-8169f159a2f3a01\"><div class=\"vc_column-inner\"><div class=\"wpb_wrapper\">\n\t<div class=\"wpb_raw_code wpb_raw_html wpb_content_element vc_custom_1619036333385\">\n\t\t<div class=\"wpb_wrapper\">\n\t\t\t<p style=\"font-size:15px;color:#444;text-transform: uppercase;margin-left:20px;\"><svg width=\"16\" style=\"vertical-align: -10%;margin-right:10px;\" xmlns=\"http:\/\/www.w3.org\/2000\/svg\" viewbox=\"0 0 81.68 81.67\"><defs><style>.cls-1{fill:#7ec58e;}.cls-2{fill:#fff;}<\/style><\/defs><path class=\"cls-1\" d=\"M40.84,0A40.84,40.84,0,1,0,81.68,40.84,40.83,40.83,0,0,0,40.84,0Z\"><\/path><g id=\"done\"><g id=\"check-circle-outline\"><polygon class=\"cls-2\" points=\"18.69 39.75 13.55 44.89 30.07 61.41 66.79 24.69 61.65 19.55 30.07 51.13 18.69 39.75\"><\/polygon><\/g><\/g><\/svg>Bitcoin accept&eacute;<\/p>\n\t\t<\/div>\n\t<\/div>\n\n\t<div class=\"wpb_raw_code wpb_raw_html wpb_content_element vc_custom_1619036340951\">\n\t\t<div class=\"wpb_wrapper\">\n\t\t\t<p style=\"font-size:15px;color:#444;text-transform: uppercase;margin-left:20px;\"><svg width=\"16\" style=\"vertical-align: -10%;margin-right:10px;\" xmlns=\"http:\/\/www.w3.org\/2000\/svg\" viewbox=\"0 0 81.68 81.67\"><defs><style>.cls-1{fill:#7ec58e;}.cls-2{fill:#fff;}<\/style><\/defs><path class=\"cls-1\" d=\"M40.84,0A40.84,40.84,0,1,0,81.68,40.84,40.83,40.83,0,0,0,40.84,0Z\"><\/path><g id=\"done\"><g id=\"check-circle-outline\"><polygon class=\"cls-2\" points=\"18.69 39.75 13.55 44.89 30.07 61.41 66.79 24.69 61.65 19.55 30.07 51.13 18.69 39.75\"><\/polygon><\/g><\/g><\/svg>Vitesse de l'&eacute;clair<\/p>\n\t\t<\/div>\n\t<\/div>\n<\/div><\/div><\/div><\/div><\/div><\/div><\/div><\/div><div class=\"vc_row wpb_row vc_row-fluid vc_custom_1701699917169 mpc-row\"><div class=\"wpb_column vc_column_container vc_col-sm-12 mpc-column\" data-column-id=\"mpc_column-269f159a300547\"><div class=\"vc_column-inner\"><div class=\"wpb_wrapper\"><\/div><\/div><\/div><\/div>\r\n<\/div>[\/vc_column][\/vc_row]<\/p>\n[vc_row][vc_column]<div class=\"templatera_shortcode\"><div class=\"vc_row wpb_row vc_row-fluid mpc-row\"><div class=\"wpb_column vc_column_container vc_col-sm-12 mpc-column\" data-column-id=\"mpc_column-3069f159a302b86\"><div class=\"vc_column-inner\"><div class=\"wpb_wrapper\"><div data-id=\"mpc_callout-4969f159a30145d\" class=\"mpc-callout mpc-init mpc-callout--style_1 \"><div class=\"mpc-callout__icon-wrap mpc-icon--image\"><div class=\"mpc-callout__icon\"><i class=\"mpc-transition \"><img decoding=\"async\" class=\"\" src=\"https:\/\/www.le-vpn.com\/fr\/wp-content\/uploads\/2025\/09\/exclusive-deal.png\" width=\"100\" height=\"100\" alt=\"exclusive-deal\" title=\"exclusive-deal\" loading=\"lazy\"><\/i><\/div><\/div><div class=\"mpc-callout__content\"><h3 class=\"mpc-callout__heading mpc-typography--preset_1\">OFFRE EXCLUSIVE<\/h3><div data-id=\"mpc_divider-4369f159a301527\" class=\"mpc-divider-wrap\"><div class=\"mpc-divider mpc-init mpc-align--center mpc-disable--left \"><div class=\"mpc-divider__line mpc-side--left\"><span><\/span><\/div><div class=\"mpc-divider__line mpc-side--right\"><span><\/span><\/div><\/div><\/div><div class=\"mpc-callout__description\"><p>LES 3 PREMI&Egrave;RES ANN&Eacute;ES &Agrave; 2,22 &euro;\/MOIS<\/p>\n<\/div><\/div><div class=\"mpc-callout__button\"><a href=\"https:\/\/www.le-vpn.com\/fr\/acheter-le-vpn\/\" title=\"\" data-id=\"mpc_button-1069f159a3014d8\" class=\"mpc-button mpc-init mpc-transition mpc-typography--preset_2 \"><div class=\"mpc-button__content mpc-effect-type--none mpc-effect-side--none\"><span class=\"mpc-button__title mpc-transition\">PROFITEZ EN<\/span><\/div><div class=\"mpc-button__background mpc-transition mpc-effect-type--fade mpc-effect-side--in\"><\/div><\/a><\/div><\/div><div class=\"vc_row wpb_row vc_inner vc_row-fluid vc_custom_1725366294400 mpc-row\"><div class=\"wpb_column vc_column_container vc_col-sm-3 mpc-column\" data-column-id=\"mpc_column-469f159a301a8d\"><div class=\"vc_column-inner\"><div class=\"wpb_wrapper\">\n\t<div class=\"wpb_raw_code wpb_raw_html wpb_content_element vc_custom_1619036137534\">\n\t\t<div class=\"wpb_wrapper\">\n\t\t\t<p style=\"font-size:14px;color:#444;margin-left:20px;\"><svg width=\"16\" style=\"vertical-align: -10%;margin-right:10px;\" xmlns=\"http:\/\/www.w3.org\/2000\/svg\" viewbox=\"0 0 81.68 81.67\"><defs><style>.cls-1{fill:#7ec58e;}.cls-2{fill:#fff;}<\/style><\/defs><path class=\"cls-1\" d=\"M40.84,0A40.84,40.84,0,1,0,81.68,40.84,40.83,40.83,0,0,0,40.84,0Z\"><\/path><g id=\"done\"><g id=\"check-circle-outline\"><polygon class=\"cls-2\" points=\"18.69 39.75 13.55 44.89 30.07 61.41 66.79 24.69 61.65 19.55 30.07 51.13 18.69 39.75\"><\/polygon><\/g><\/g><\/svg>PAS DE JOURNAL<\/p>\n\t\t<\/div>\n\t<\/div>\n\n\t<div class=\"wpb_raw_code wpb_raw_html wpb_content_element vc_custom_1699541136156\">\n\t\t<div class=\"wpb_wrapper\">\n\t\t\t<p style=\"font-size:14px;color:#444;margin-left:20px;\"><svg width=\"16\" style=\"vertical-align: -10%;margin-right:10px;\" xmlns=\"http:\/\/www.w3.org\/2000\/svg\" viewbox=\"0 0 81.68 81.67\"><defs><style>.cls-1{fill:#7ec58e;}.cls-2{fill:#fff;}<\/style><\/defs><path class=\"cls-1\" d=\"M40.84,0A40.84,40.84,0,1,0,81.68,40.84,40.83,40.83,0,0,0,40.84,0Z\"><\/path><g id=\"done\"><g id=\"check-circle-outline\"><polygon class=\"cls-2\" points=\"18.69 39.75 13.55 44.89 30.07 61.41 66.79 24.69 61.65 19.55 30.07 51.13 18.69 39.75\"><\/polygon><\/g><\/g><\/svg>100+ LOCALISATIONS<\/p>\n\t\t<\/div>\n\t<\/div>\n<\/div><\/div><\/div><div class=\"wpb_column vc_column_container vc_col-sm-3 mpc-column\" data-column-id=\"mpc_column-5569f159a301e6f\"><div class=\"vc_column-inner\"><div class=\"wpb_wrapper\">\n\t<div class=\"wpb_raw_code wpb_raw_html wpb_content_element vc_custom_1619036153466\">\n\t\t<div class=\"wpb_wrapper\">\n\t\t\t<p style=\"font-size:14px;color:#444;text-transform: uppercase;margin-left:20px;\"><svg width=\"16\" style=\"vertical-align: -10%;margin-right:10px;\" xmlns=\"http:\/\/www.w3.org\/2000\/svg\" viewbox=\"0 0 81.68 81.67\"><defs><style>.cls-1{fill:#7ec58e;}.cls-2{fill:#fff;}<\/style><\/defs><path class=\"cls-1\" d=\"M40.84,0A40.84,40.84,0,1,0,81.68,40.84,40.83,40.83,0,0,0,40.84,0Z\"><\/path><g id=\"done\"><g id=\"check-circle-outline\"><polygon class=\"cls-2\" points=\"18.69 39.75 13.55 44.89 30.07 61.41 66.79 24.69 61.65 19.55 30.07 51.13 18.69 39.75\"><\/polygon><\/g><\/g><\/svg>P2P autoris&eacute;<\/p>\n\t\t<\/div>\n\t<\/div>\n\n\t<div class=\"wpb_raw_code wpb_raw_html wpb_content_element vc_custom_1619036161279\">\n\t\t<div class=\"wpb_wrapper\">\n\t\t\t<p style=\"font-size:14px;color:#444;text-transform: uppercase;margin-left:20px;\"><svg width=\"16\" style=\"vertical-align: -10%;margin-right:10px;\" xmlns=\"http:\/\/www.w3.org\/2000\/svg\" viewbox=\"0 0 81.68 81.67\"><defs><style>.cls-1{fill:#7ec58e;}.cls-2{fill:#fff;}<\/style><\/defs><path class=\"cls-1\" d=\"M40.84,0A40.84,40.84,0,1,0,81.68,40.84,40.83,40.83,0,0,0,40.84,0Z\"><\/path><g id=\"done\"><g id=\"check-circle-outline\"><polygon class=\"cls-2\" points=\"18.69 39.75 13.55 44.89 30.07 61.41 66.79 24.69 61.65 19.55 30.07 51.13 18.69 39.75\"><\/polygon><\/g><\/g><\/svg>Facile &agrave; utiliser<\/p>\n\t\t<\/div>\n\t<\/div>\n<\/div><\/div><\/div><div class=\"wpb_column vc_column_container vc_col-sm-3 mpc-column\" data-column-id=\"mpc_column-1569f159a3021ef\"><div class=\"vc_column-inner\"><div class=\"wpb_wrapper\">\n\t<div class=\"wpb_raw_code wpb_raw_html wpb_content_element vc_custom_1622661737627\">\n\t\t<div class=\"wpb_wrapper\">\n\t\t\t<p style=\"font-size:13px;color:#444;text-transform: uppercase;margin-left:20px;\"><svg width=\"16\" style=\"vertical-align: -10%;margin-right:10px;\" xmlns=\"http:\/\/www.w3.org\/2000\/svg\" viewbox=\"0 0 81.68 81.67\"><defs><style>.cls-1{fill:#7ec58e;}.cls-2{fill:#fff;}<\/style><\/defs><path class=\"cls-1\" d=\"M40.84,0A40.84,40.84,0,1,0,81.68,40.84,40.83,40.83,0,0,0,40.84,0Z\"><\/path><g id=\"done\"><g id=\"check-circle-outline\"><polygon class=\"cls-2\" points=\"18.69 39.75 13.55 44.89 30.07 61.41 66.79 24.69 61.65 19.55 30.07 51.13 18.69 39.75\"><\/polygon><\/g><\/g><\/svg>Garantie de 30 Jours<\/p>\n\t\t<\/div>\n\t<\/div>\n\n\t<div class=\"wpb_raw_code wpb_raw_html wpb_content_element vc_custom_1619036177713\">\n\t\t<div class=\"wpb_wrapper\">\n\t\t\t<p style=\"font-size:14px;color:#444;text-transform: uppercase;margin-left:20px;\"><svg width=\"16\" style=\"vertical-align: -10%;margin-right:10px;\" xmlns=\"http:\/\/www.w3.org\/2000\/svg\" viewbox=\"0 0 81.68 81.67\"><defs><style>.cls-1{fill:#7ec58e;}.cls-2{fill:#fff;}<\/style><\/defs><path class=\"cls-1\" d=\"M40.84,0A40.84,40.84,0,1,0,81.68,40.84,40.83,40.83,0,0,0,40.84,0Z\"><\/path><g id=\"done\"><g id=\"check-circle-outline\"><polygon class=\"cls-2\" points=\"18.69 39.75 13.55 44.89 30.07 61.41 66.79 24.69 61.65 19.55 30.07 51.13 18.69 39.75\"><\/polygon><\/g><\/g><\/svg>Assistance amicale<\/p>\n\t\t<\/div>\n\t<\/div>\n<\/div><\/div><\/div><div class=\"wpb_column vc_column_container vc_col-sm-3 mpc-column\" data-column-id=\"mpc_column-4069f159a30253a\"><div class=\"vc_column-inner\"><div class=\"wpb_wrapper\">\n\t<div class=\"wpb_raw_code wpb_raw_html wpb_content_element vc_custom_1619036185445\">\n\t\t<div class=\"wpb_wrapper\">\n\t\t\t<p style=\"font-size:14px;color:#444;text-transform: uppercase;margin-left:20px;\"><svg width=\"16\" style=\"vertical-align: -10%;margin-right:10px;\" xmlns=\"http:\/\/www.w3.org\/2000\/svg\" viewbox=\"0 0 81.68 81.67\"><defs><style>.cls-1{fill:#7ec58e;}.cls-2{fill:#fff;}<\/style><\/defs><path class=\"cls-1\" d=\"M40.84,0A40.84,40.84,0,1,0,81.68,40.84,40.83,40.83,0,0,0,40.84,0Z\"><\/path><g id=\"done\"><g id=\"check-circle-outline\"><polygon class=\"cls-2\" points=\"18.69 39.75 13.55 44.89 30.07 61.41 66.79 24.69 61.65 19.55 30.07 51.13 18.69 39.75\"><\/polygon><\/g><\/g><\/svg>Bitcoin accept&eacute;<\/p>\n\t\t<\/div>\n\t<\/div>\n\n\t<div class=\"wpb_raw_code wpb_raw_html wpb_content_element vc_custom_1619036194514\">\n\t\t<div class=\"wpb_wrapper\">\n\t\t\t<p style=\"font-size:14px;color:#444;text-transform: uppercase;margin-left:20px;\"><svg width=\"16\" style=\"vertical-align: -10%;margin-right:10px;\" xmlns=\"http:\/\/www.w3.org\/2000\/svg\" viewbox=\"0 0 81.68 81.67\"><defs><style>.cls-1{fill:#7ec58e;}.cls-2{fill:#fff;}<\/style><\/defs><path class=\"cls-1\" d=\"M40.84,0A40.84,40.84,0,1,0,81.68,40.84,40.83,40.83,0,0,0,40.84,0Z\"><\/path><g id=\"done\"><g id=\"check-circle-outline\"><polygon class=\"cls-2\" points=\"18.69 39.75 13.55 44.89 30.07 61.41 66.79 24.69 61.65 19.55 30.07 51.13 18.69 39.75\"><\/polygon><\/g><\/g><\/svg>Vitesse de l'&eacute;clair<\/p>\n\t\t<\/div>\n\t<\/div>\n<\/div><\/div><\/div><\/div><\/div><\/div><\/div><\/div><div class=\"vc_row wpb_row vc_row-fluid vc_custom_1701699917169 mpc-row\"><div class=\"wpb_column vc_column_container vc_col-sm-12 mpc-column\" data-column-id=\"mpc_column-1069f159a30347c\"><div class=\"vc_column-inner\"><div class=\"wpb_wrapper\"><\/div><\/div><\/div><\/div>\r\n<\/div>[\/vc_column][\/vc_row]<\/div>","protected":false},"excerpt":{"rendered":"<p>OFFRE EXCLUSIVELES 3 PREMI&Egrave;RES ANN&Eacute;ES &Agrave; 2,22 &euro;\/MOIS PROFITEZ EN PAS DE JOURNAL 100+ LOCALISATIONS P2P autoris&eacute; Facile &agrave; utiliser Garantie de 30 Jours Assistance amicale Bitcoin accept&eacute; Vitesse de l&#8217;&eacute;clair<\/p>\n","protected":false},"author":1,"featured_media":0,"parent":0,"menu_order":0,"comment_status":"closed","ping_status":"open","template":"","meta":{"footnotes":""},"yst_prominent_words":[1591,2258,2259,1687,2261,1596,2206,1078,1746,2246,1597,2257,1369,2239,2255,1693,1775,2256,2260,1565],"class_list":["post-1239","page","type-page","status-publish","hentry"],"_links":{"self":[{"href":"https:\/\/www.le-vpn.com\/fr\/wp-json\/wp\/v2\/pages\/1239","targetHints":{"allow":["GET"]}}],"collection":[{"href":"https:\/\/www.le-vpn.com\/fr\/wp-json\/wp\/v2\/pages"}],"about":[{"href":"https:\/\/www.le-vpn.com\/fr\/wp-json\/wp\/v2\/types\/page"}],"author":[{"embeddable":true,"href":"https:\/\/www.le-vpn.com\/fr\/wp-json\/wp\/v2\/users\/1"}],"replies":[{"embeddable":true,"href":"https:\/\/www.le-vpn.com\/fr\/wp-json\/wp\/v2\/comments?post=1239"}],"version-history":[{"count":26,"href":"https:\/\/www.le-vpn.com\/fr\/wp-json\/wp\/v2\/pages\/1239\/revisions"}],"predecessor-version":[{"id":29265,"href":"https:\/\/www.le-vpn.com\/fr\/wp-json\/wp\/v2\/pages\/1239\/revisions\/29265"}],"wp:attachment":[{"href":"https:\/\/www.le-vpn.com\/fr\/wp-json\/wp\/v2\/media?parent=1239"}],"wp:term":[{"taxonomy":"yst_prominent_words","embeddable":true,"href":"https:\/\/www.le-vpn.com\/fr\/wp-json\/wp\/v2\/yst_prominent_words?post=1239"}],"curies":[{"name":"wp","href":"https:\/\/api.w.org\/{rel}","templated":true}]}}