{"id":7444,"date":"2015-06-12T11:29:34","date_gmt":"2015-06-12T11:29:34","guid":{"rendered":"https:\/\/www.le-vpn.com\/es\/?page_id=7444"},"modified":"2021-10-25T03:18:53","modified_gmt":"2021-10-25T03:18:53","slug":"vpn-para-desbloquear-facebook","status":"publish","type":"page","link":"https:\/\/www.le-vpn.com\/es\/vpn-para-desbloquear-facebook\/","title":{"rendered":"VPN PARA DESBLOQUEAR FACEBOOK"},"content":{"rendered":"<div class=\"wpb-content-wrapper\"><p>[vc_row][vc_column][vc_column_text]<\/p>\n<h3>Los servicios Le VPN le permiten desbloquear Facebook f\u00e1cilmente<\/h3>\n<div>\n<p>Cada una de nuestras VPN le ofrece ayuda para evitar las restricciones a la web de Facebook e ingresar a este sitio, as\u00ed como a cualquier otro sitio de internet. Usted puede desbloquear a una persona dentro de los usuarios bloqueados por regi\u00f3n al enviar una solicitud de amistad, y as\u00ed llegar a esos amigos en Facebook que no est\u00e1n en su regi\u00f3n.<\/p>\n<p>Esto funciona de una manera sencilla: Usted inicia sesi\u00f3n y se conecta a uno de nuestros servidores VPN, y este redirige su tr\u00e1fico a la Internet libre, sin restricciones ni l\u00edmites.<\/p>\n<\/div>\n<h3><\/h3>\n<h3>\u00bfPor qu\u00e9 escoger Le VPN para desbloquear Facebook?<\/h3>\n<h3><img decoding=\"async\" class=\"wp-image-2373 alignright\" title=\"Unblock Facebook\" src=\"https:\/\/www.le-vpn.com\/wp-content\/uploads\/2013\/08\/Facebook_logo_square.png\" alt=\"Unblock Facebook\" width=\"198\" height=\"198\" srcset=\"https:\/\/www.le-vpn.com\/es\/wp-content\/uploads\/2013\/08\/Facebook_logo_square.png 690w, https:\/\/www.le-vpn.com\/es\/wp-content\/uploads\/2013\/08\/Facebook_logo_square-150x150.png 150w, https:\/\/www.le-vpn.com\/es\/wp-content\/uploads\/2013\/08\/Facebook_logo_square-250x250.png 250w, https:\/\/www.le-vpn.com\/es\/wp-content\/uploads\/2013\/08\/Facebook_logo_square-120x120.png 120w\" sizes=\"(max-width: 198px) 100vw, 198px\" \/><\/h3>\n<ul>\n<li>Todo su tr\u00e1fico ser\u00e1 encriptado con el algoritmo AES-256.<\/li>\n<li>No solo <strong>desbloquea Facebook<\/strong>, sino que tambi\u00e9n le ofrece un portal al Internet sin restricciones, por lo que cualquier sitio web bloqueado ser\u00e1 accesible para alguien en la red social o aplicaci\u00f3n de Facebook.<\/li>\n<li>Usted puede tener acceso al Internet de <a href=\"https:\/\/www.le-vpn.com\/es\/vpn-en-espana\/\">Espa\u00f1a<\/a>, del <a href=\"https:\/\/www.le-vpn.com\/es\/vpn-reino-unido\/\">Reino Unido<\/a> o de <a href=\"https:\/\/www.le-vpn.com\/es\/vpn-en-estados-unidos\/\">Estados Unidos<\/a>, incluyendo todos los sitios y servicios que se encuentran prohibidos para usuarios ubicados fuera de dichos pa\u00edses.<\/li>\n<li>Es compatible con la mayor\u00eda de sistemas operativos y dispositivos, tales como <a href=\"https:\/\/www.le-vpn.com\/es\/vpn-para-iphone\/\">iPhones<\/a>, <a href=\"https:\/\/www.le-vpn.com\/es\/vpn-para-ipad\/\">iPads<\/a>, t<a href=\"https:\/\/www.le-vpn.com\/es\/vpn-para-android\/\">el\u00e9fonos Android<\/a>, etc.<\/li>\n<li>Funciona en pa\u00edses con acceso restringido a Internet.<\/li>\n<li>Aumenta la velocidad de su conexi\u00f3n a trav\u00e9s de la compresi\u00f3n de tr\u00e1fico LZO.<\/li>\n<li>Los precios m\u00e1s bajos en el mercado, desde 6.50 USD\/mes.<\/li>\n<li>Sin l\u00edmites de velocidad o de tr\u00e1fico.<\/li>\n<li>Soporte en vivo.<\/li>\n<\/ul>\n<h3><\/h3>\n<h3>\u00bfPor qu\u00e9 no deber\u00eda desbloquear Facebook con proxies GRATUITAS?<\/h3>\n<div>\n<p>Existen muchos riesgos cuando usted utiliza servicios proxy GRATUITOS:<\/p>\n<ul>\n<li>Los due\u00f1os de servicios de proxy gratuitos se encuentran, generalmente, en las sombras, por lo que usted no conoce qui\u00e9n los administra y afecta su configuraci\u00f3n y privacidad.<\/li>\n<li>Su tr\u00e1fico puede ser escuchado cuando los utiliza.<\/li>\n<li>Bajo nivel de seguridad.<\/li>\n<li>Las p\u00e1ginas web no se despliegan correctamente.<\/li>\n<li>Problemas con contenido interactivo.<\/li>\n<li>Su cuenta puede ser jaqueada.<\/li>\n<li>Muchos anuncios.<\/li>\n<li>Conexi\u00f3n lenta.<\/li>\n<\/ul>\n<\/div>\n<p>[\/vc_column_text][\/vc_column][\/vc_row][vc_row][vc_column]<div class=\"templatera_shortcode\"><div class=\"vc_row wpb_row vc_row-fluid mpc-row\"><div class=\"wpb_column vc_column_container vc_col-sm-12 mpc-column\" data-column-id=\"mpc_column-4669d5bb6a72a4f\"><div class=\"vc_column-inner\"><div class=\"wpb_wrapper\"><div data-id=\"mpc_callout-6469d5bb6a70989\" class=\"mpc-callout mpc-init mpc-callout--style_1 \"><div class=\"mpc-callout__icon-wrap mpc-icon--image\"><div class=\"mpc-callout__icon\"><i class=\"mpc-transition \"><img decoding=\"async\" class=\"\" src=\"https:\/\/www.le-vpn.com\/es\/wp-content\/uploads\/2025\/09\/exclusive-deal.png\" width=\"100\" height=\"100\" alt=\"exclusive-deal\" title=\"exclusive-deal\" loading=\"lazy\"><\/i><\/div><\/div><div class=\"mpc-callout__content\"><h3 class=\"mpc-callout__heading mpc-typography--preset_1\">OFERTA EXCLUSIVA<\/h3><div data-id=\"mpc_divider-8769d5bb6a70a57\" class=\"mpc-divider-wrap\"><div class=\"mpc-divider mpc-init mpc-align--center mpc-disable--left \"><div class=\"mpc-divider__line mpc-side--left\"><span><\/span><\/div><div class=\"mpc-divider__line mpc-side--right\"><span><\/span><\/div><\/div><\/div><div class=\"mpc-callout__description mpc-typography--preset_0\"><p style=\"padding-right: 20px;\">-78% EN PLANES DE 3 A&Ntilde;OS<\/p>\n<\/div><\/div><div class=\"mpc-callout__button\"><a href=\"https:\/\/www.le-vpn.com\/es\/comprar-vpn\/\" title=\"\" data-id=\"mpc_button-7369d5bb6a70a0a\" class=\"mpc-button mpc-init mpc-transition mpc-typography--preset_1 \"><div class=\"mpc-button__content mpc-effect-type--none mpc-effect-side--none\"><span class=\"mpc-button__title mpc-transition\">APROVECHA<\/span><\/div><div class=\"mpc-button__background mpc-transition mpc-effect-type--fade mpc-effect-side--in\"><\/div><\/a><\/div><\/div><div class=\"vc_row wpb_row vc_inner vc_row-fluid mpc-row\"><div class=\"wpb_column vc_column_container vc_col-sm-3 mpc-column\" data-column-id=\"mpc_column-5569d5bb6a714ce\"><div class=\"vc_column-inner\"><div class=\"wpb_wrapper\">\n\t<div class=\"wpb_raw_code wpb_raw_html wpb_content_element vc_custom_1619036887747\">\n\t\t<div class=\"wpb_wrapper\">\n\t\t\t<p style=\"font-size:13px;color:#444;margin-left:10px;\"><svg width=\"16\" style=\"vertical-align: -10%;margin-right:10px;\" xmlns=\"http:\/\/www.w3.org\/2000\/svg\" viewbox=\"0 0 81.68 81.67\"><defs><style>.cls-1{fill:#7ec58e;}.cls-2{fill:#fff;}<\/style><\/defs><path class=\"cls-1\" d=\"M40.84,0A40.84,40.84,0,1,0,81.68,40.84,40.83,40.83,0,0,0,40.84,0Z\"><\/path><g id=\"done\"><g id=\"check-circle-outline\"><polygon class=\"cls-2\" points=\"18.69 39.75 13.55 44.89 30.07 61.41 66.79 24.69 61.65 19.55 30.07 51.13 18.69 39.75\"><\/polygon><\/g><\/g><\/svg>SIN REGISTROS<\/p>\n\t\t<\/div>\n\t<\/div>\n\n\t<div class=\"wpb_raw_code wpb_raw_html wpb_content_element vc_custom_1646323922298\">\n\t\t<div class=\"wpb_wrapper\">\n\t\t\t<p style=\"font-size:13px;color:#444;margin-left:10px;\"><svg width=\"16\" style=\"vertical-align: -10%;margin-right:10px;\" xmlns=\"http:\/\/www.w3.org\/2000\/svg\" viewbox=\"0 0 81.68 81.67\"><defs><style>.cls-1{fill:#7ec58e;}.cls-2{fill:#fff;}<\/style><\/defs><path class=\"cls-1\" d=\"M40.84,0A40.84,40.84,0,1,0,81.68,40.84,40.83,40.83,0,0,0,40.84,0Z\"><\/path><g id=\"done\"><g id=\"check-circle-outline\"><polygon class=\"cls-2\" points=\"18.69 39.75 13.55 44.89 30.07 61.41 66.79 24.69 61.65 19.55 30.07 51.13 18.69 39.75\"><\/polygon><\/g><\/g><\/svg>SERVIDORES EN 100 UBICACIONES<\/p>\n\t\t<\/div>\n\t<\/div>\n<\/div><\/div><\/div><div class=\"wpb_column vc_column_container vc_col-sm-3 mpc-column\" data-column-id=\"mpc_column-1269d5bb6a71922\"><div class=\"vc_column-inner\"><div class=\"wpb_wrapper\">\n\t<div class=\"wpb_raw_code wpb_raw_html wpb_content_element vc_custom_1619036901882\">\n\t\t<div class=\"wpb_wrapper\">\n\t\t\t<p style=\"font-size:13px;color:#444;text-transform: uppercase;margin-left:10px;\"><svg width=\"16\" style=\"vertical-align: -10%;margin-right:10px;\" xmlns=\"http:\/\/www.w3.org\/2000\/svg\" viewbox=\"0 0 81.68 81.67\"><defs><style>.cls-1{fill:#7ec58e;}.cls-2{fill:#fff;}<\/style><\/defs><path class=\"cls-1\" d=\"M40.84,0A40.84,40.84,0,1,0,81.68,40.84,40.83,40.83,0,0,0,40.84,0Z\"><\/path><g id=\"done\"><g id=\"check-circle-outline\"><polygon class=\"cls-2\" points=\"18.69 39.75 13.55 44.89 30.07 61.41 66.79 24.69 61.65 19.55 30.07 51.13 18.69 39.75\"><\/polygon><\/g><\/g><\/svg>P2P PERMITIDO<\/p>\n\t\t<\/div>\n\t<\/div>\n\n\t<div class=\"wpb_raw_code wpb_raw_html wpb_content_element vc_custom_1619036909286\">\n\t\t<div class=\"wpb_wrapper\">\n\t\t\t<p style=\"font-size:13px;color:#444;text-transform: uppercase;margin-left:10px;\"><svg width=\"16\" style=\"vertical-align: -10%;margin-right:10px;\" xmlns=\"http:\/\/www.w3.org\/2000\/svg\" viewbox=\"0 0 81.68 81.67\"><defs><style>.cls-1{fill:#7ec58e;}.cls-2{fill:#fff;}<\/style><\/defs><path class=\"cls-1\" d=\"M40.84,0A40.84,40.84,0,1,0,81.68,40.84,40.83,40.83,0,0,0,40.84,0Z\"><\/path><g id=\"done\"><g id=\"check-circle-outline\"><polygon class=\"cls-2\" points=\"18.69 39.75 13.55 44.89 30.07 61.41 66.79 24.69 61.65 19.55 30.07 51.13 18.69 39.75\"><\/polygon><\/g><\/g><\/svg>F&Aacute;CIL DE USAR<\/p>\n\t\t<\/div>\n\t<\/div>\n<\/div><\/div><\/div><div class=\"wpb_column vc_column_container vc_col-sm-3 mpc-column\" data-column-id=\"mpc_column-9069d5bb6a71d35\"><div class=\"vc_column-inner\"><div class=\"wpb_wrapper\">\n\t<div class=\"wpb_raw_code wpb_raw_html wpb_content_element vc_custom_1622662170871\">\n\t\t<div class=\"wpb_wrapper\">\n\t\t\t<p style=\"font-size:13px;color:#444;text-transform: uppercase;margin-left:10px;\"><svg width=\"16\" style=\"vertical-align: -10%;margin-right:10px;\" xmlns=\"http:\/\/www.w3.org\/2000\/svg\" viewbox=\"0 0 81.68 81.67\"><defs><style>.cls-1{fill:#7ec58e;}.cls-2{fill:#fff;}<\/style><\/defs><path class=\"cls-1\" d=\"M40.84,0A40.84,40.84,0,1,0,81.68,40.84,40.83,40.83,0,0,0,40.84,0Z\"><\/path><g id=\"done\"><g id=\"check-circle-outline\"><polygon class=\"cls-2\" points=\"18.69 39.75 13.55 44.89 30.07 61.41 66.79 24.69 61.65 19.55 30.07 51.13 18.69 39.75\"><\/polygon><\/g><\/g><\/svg>30 D&Iacute;AS DE GARANT&Iacute;A DE REEMBOLSO<\/p>\n\t\t<\/div>\n\t<\/div>\n\n\t<div class=\"wpb_raw_code wpb_raw_html wpb_content_element vc_custom_1619036922880\">\n\t\t<div class=\"wpb_wrapper\">\n\t\t\t<p style=\"font-size:13px;color:#444;text-transform: uppercase;margin-left:10px;\"><svg width=\"16\" style=\"vertical-align: -10%;margin-right:10px;\" xmlns=\"http:\/\/www.w3.org\/2000\/svg\" viewbox=\"0 0 81.68 81.67\"><defs><style>.cls-1{fill:#7ec58e;}.cls-2{fill:#fff;}<\/style><\/defs><path class=\"cls-1\" d=\"M40.84,0A40.84,40.84,0,1,0,81.68,40.84,40.83,40.83,0,0,0,40.84,0Z\"><\/path><g id=\"done\"><g id=\"check-circle-outline\"><polygon class=\"cls-2\" points=\"18.69 39.75 13.55 44.89 30.07 61.41 66.79 24.69 61.65 19.55 30.07 51.13 18.69 39.75\"><\/polygon><\/g><\/g><\/svg>SOPORTE AMABLE<\/p>\n\t\t<\/div>\n\t<\/div>\n<\/div><\/div><\/div><div class=\"wpb_column vc_column_container vc_col-sm-3 mpc-column\" data-column-id=\"mpc_column-7669d5bb6a7212e\"><div class=\"vc_column-inner\"><div class=\"wpb_wrapper\">\n\t<div class=\"wpb_raw_code wpb_raw_html wpb_content_element vc_custom_1619036930743\">\n\t\t<div class=\"wpb_wrapper\">\n\t\t\t<p style=\"font-size:13px;color:#444;text-transform: uppercase;margin-left:10px;\"><svg width=\"16\" style=\"vertical-align: -10%;margin-right:10px;\" xmlns=\"http:\/\/www.w3.org\/2000\/svg\" viewbox=\"0 0 81.68 81.67\"><defs><style>.cls-1{fill:#7ec58e;}.cls-2{fill:#fff;}<\/style><\/defs><path class=\"cls-1\" d=\"M40.84,0A40.84,40.84,0,1,0,81.68,40.84,40.83,40.83,0,0,0,40.84,0Z\"><\/path><g id=\"done\"><g id=\"check-circle-outline\"><polygon class=\"cls-2\" points=\"18.69 39.75 13.55 44.89 30.07 61.41 66.79 24.69 61.65 19.55 30.07 51.13 18.69 39.75\"><\/polygon><\/g><\/g><\/svg>ACEPTA BITCOIN<\/p>\n\t\t<\/div>\n\t<\/div>\n\n\t<div class=\"wpb_raw_code wpb_raw_html wpb_content_element vc_custom_1624954235100\">\n\t\t<div class=\"wpb_wrapper\">\n\t\t\t<p style=\"font-size:13px;color:#444;text-transform: uppercase;margin-left:10px;\"><svg width=\"16\" style=\"vertical-align: -10%;margin-right:10px;\" xmlns=\"http:\/\/www.w3.org\/2000\/svg\" viewbox=\"0 0 81.68 81.67\"><defs><style>.cls-1{fill:#7ec58e;}.cls-2{fill:#fff;}<\/style><\/defs><path class=\"cls-1\" d=\"M40.84,0A40.84,40.84,0,1,0,81.68,40.84,40.83,40.83,0,0,0,40.84,0Z\"><\/path><g id=\"done\"><g id=\"check-circle-outline\"><polygon class=\"cls-2\" points=\"18.69 39.75 13.55 44.89 30.07 61.41 66.79 24.69 61.65 19.55 30.07 51.13 18.69 39.75\"><\/polygon><\/g><\/g><\/svg>VELOCIDADES ULTRA VELOCES<\/p>\n\t\t<\/div>\n\t<\/div>\n<\/div><\/div><\/div><\/div><\/div><\/div><\/div><\/div><div class=\"vc_row wpb_row vc_row-fluid mpc-row\"><div class=\"wpb_column vc_column_container vc_col-sm-12 mpc-column\" data-column-id=\"mpc_column-3669d5bb6a7360b\"><div class=\"vc_column-inner\"><div class=\"wpb_wrapper\"><\/div><\/div><\/div><\/div>\r\n<\/div>[\/vc_column][\/vc_row]<\/p>\n[vc_row][vc_column]<div class=\"templatera_shortcode\"><div class=\"vc_row wpb_row vc_row-fluid mpc-row\"><div class=\"wpb_column vc_column_container vc_col-sm-12 mpc-column\" data-column-id=\"mpc_column-6169d5bb6a7604d\"><div class=\"vc_column-inner\"><div class=\"wpb_wrapper\"><div data-id=\"mpc_callout-6869d5bb6a74558\" class=\"mpc-callout mpc-init mpc-callout--style_1 \"><div class=\"mpc-callout__icon-wrap mpc-icon--image\"><div class=\"mpc-callout__icon\"><i class=\"mpc-transition \"><img decoding=\"async\" class=\"\" src=\"https:\/\/www.le-vpn.com\/es\/wp-content\/uploads\/2025\/09\/exclusive-deal.png\" width=\"100\" height=\"100\" alt=\"exclusive-deal\" title=\"exclusive-deal\" loading=\"lazy\"><\/i><\/div><\/div><div class=\"mpc-callout__content\"><h3 class=\"mpc-callout__heading mpc-typography--preset_1\">OFERTA EXCLUSIVA<\/h3><div data-id=\"mpc_divider-7969d5bb6a74608\" class=\"mpc-divider-wrap\"><div class=\"mpc-divider mpc-init mpc-align--center mpc-disable--left \"><div class=\"mpc-divider__line mpc-side--left\"><span><\/span><\/div><div class=\"mpc-divider__line mpc-side--right\"><span><\/span><\/div><\/div><\/div><div class=\"mpc-callout__description mpc-typography--preset_0\"><p style=\"padding-right: 20px;\">-78% EN PLANES DE 3 A&Ntilde;OS<\/p>\n<\/div><\/div><div class=\"mpc-callout__button\"><a href=\"https:\/\/www.le-vpn.com\/es\/comprar-vpn\/\" title=\"\" data-id=\"mpc_button-5469d5bb6a745c2\" class=\"mpc-button mpc-init mpc-transition mpc-typography--preset_1 \"><div class=\"mpc-button__content mpc-effect-type--none mpc-effect-side--none\"><span class=\"mpc-button__title mpc-transition\">APROVECHA<\/span><\/div><div class=\"mpc-button__background mpc-transition mpc-effect-type--fade mpc-effect-side--in\"><\/div><\/a><\/div><\/div><div class=\"vc_row wpb_row vc_inner vc_row-fluid mpc-row\"><div class=\"wpb_column vc_column_container vc_col-sm-3 mpc-column\" data-column-id=\"mpc_column-5769d5bb6a74b4c\"><div class=\"vc_column-inner\"><div class=\"wpb_wrapper\">\n\t<div class=\"wpb_raw_code wpb_raw_html wpb_content_element vc_custom_1619037373801\">\n\t\t<div class=\"wpb_wrapper\">\n\t\t\t<p style=\"font-size:12px;color:#444;margin-left:10px;\"><svg width=\"16\" style=\"vertical-align: -10%;margin-right:10px;\" xmlns=\"http:\/\/www.w3.org\/2000\/svg\" viewbox=\"0 0 81.68 81.67\"><defs><style>.cls-1{fill:#7ec58e;}.cls-2{fill:#fff;}<\/style><\/defs><path class=\"cls-1\" d=\"M40.84,0A40.84,40.84,0,1,0,81.68,40.84,40.83,40.83,0,0,0,40.84,0Z\"><\/path><g id=\"done\"><g id=\"check-circle-outline\"><polygon class=\"cls-2\" points=\"18.69 39.75 13.55 44.89 30.07 61.41 66.79 24.69 61.65 19.55 30.07 51.13 18.69 39.75\"><\/polygon><\/g><\/g><\/svg>SIN REGISTROS<\/p>\n\t\t<\/div>\n\t<\/div>\n\n\t<div class=\"wpb_raw_code wpb_raw_html wpb_content_element vc_custom_1646323796922\">\n\t\t<div class=\"wpb_wrapper\">\n\t\t\t<p style=\"font-size:12px;color:#444;margin-left:10px;\"><svg width=\"16\" style=\"vertical-align: -10%;margin-right:10px;\" xmlns=\"http:\/\/www.w3.org\/2000\/svg\" viewbox=\"0 0 81.68 81.67\"><defs><style>.cls-1{fill:#7ec58e;}.cls-2{fill:#fff;}<\/style><\/defs><path class=\"cls-1\" d=\"M40.84,0A40.84,40.84,0,1,0,81.68,40.84,40.83,40.83,0,0,0,40.84,0Z\"><\/path><g id=\"done\"><g id=\"check-circle-outline\"><polygon class=\"cls-2\" points=\"18.69 39.75 13.55 44.89 30.07 61.41 66.79 24.69 61.65 19.55 30.07 51.13 18.69 39.75\"><\/polygon><\/g><\/g><\/svg>SERVIDORES EN 100 UBICACIONES<\/p>\n\t\t<\/div>\n\t<\/div>\n<\/div><\/div><\/div><div class=\"wpb_column vc_column_container vc_col-sm-3 mpc-column\" data-column-id=\"mpc_column-3869d5bb6a74f6b\"><div class=\"vc_column-inner\"><div class=\"wpb_wrapper\">\n\t<div class=\"wpb_raw_code wpb_raw_html wpb_content_element vc_custom_1619037390158\">\n\t\t<div class=\"wpb_wrapper\">\n\t\t\t<p style=\"font-size:12px;color:#444;text-transform: uppercase;margin-left:10px;\"><svg width=\"16\" style=\"vertical-align: -10%;margin-right:10px;\" xmlns=\"http:\/\/www.w3.org\/2000\/svg\" viewbox=\"0 0 81.68 81.67\"><defs><style>.cls-1{fill:#7ec58e;}.cls-2{fill:#fff;}<\/style><\/defs><path class=\"cls-1\" d=\"M40.84,0A40.84,40.84,0,1,0,81.68,40.84,40.83,40.83,0,0,0,40.84,0Z\"><\/path><g id=\"done\"><g id=\"check-circle-outline\"><polygon class=\"cls-2\" points=\"18.69 39.75 13.55 44.89 30.07 61.41 66.79 24.69 61.65 19.55 30.07 51.13 18.69 39.75\"><\/polygon><\/g><\/g><\/svg>P2P PERMITIDO<\/p>\n\t\t<\/div>\n\t<\/div>\n\n\t<div class=\"wpb_raw_code wpb_raw_html wpb_content_element vc_custom_1619037398008\">\n\t\t<div class=\"wpb_wrapper\">\n\t\t\t<p style=\"font-size:12px;color:#444;text-transform: uppercase;margin-left:10px;\"><svg width=\"16\" style=\"vertical-align: -10%;margin-right:10px;\" xmlns=\"http:\/\/www.w3.org\/2000\/svg\" viewbox=\"0 0 81.68 81.67\"><defs><style>.cls-1{fill:#7ec58e;}.cls-2{fill:#fff;}<\/style><\/defs><path class=\"cls-1\" d=\"M40.84,0A40.84,40.84,0,1,0,81.68,40.84,40.83,40.83,0,0,0,40.84,0Z\"><\/path><g id=\"done\"><g id=\"check-circle-outline\"><polygon class=\"cls-2\" points=\"18.69 39.75 13.55 44.89 30.07 61.41 66.79 24.69 61.65 19.55 30.07 51.13 18.69 39.75\"><\/polygon><\/g><\/g><\/svg>F&Aacute;CIL DE USAR<\/p>\n\t\t<\/div>\n\t<\/div>\n<\/div><\/div><\/div><div class=\"wpb_column vc_column_container vc_col-sm-3 mpc-column\" data-column-id=\"mpc_column-6869d5bb6a7536c\"><div class=\"vc_column-inner\"><div class=\"wpb_wrapper\">\n\t<div class=\"wpb_raw_code wpb_raw_html wpb_content_element vc_custom_1622662058202\">\n\t\t<div class=\"wpb_wrapper\">\n\t\t\t<p style=\"font-size:12px;color:#444;text-transform: uppercase;margin-left:10px;\"><svg width=\"16\" style=\"vertical-align: -10%;margin-right:10px;\" xmlns=\"http:\/\/www.w3.org\/2000\/svg\" viewbox=\"0 0 81.68 81.67\"><defs><style>.cls-1{fill:#7ec58e;}.cls-2{fill:#fff;}<\/style><\/defs><path class=\"cls-1\" d=\"M40.84,0A40.84,40.84,0,1,0,81.68,40.84,40.83,40.83,0,0,0,40.84,0Z\"><\/path><g id=\"done\"><g id=\"check-circle-outline\"><polygon class=\"cls-2\" points=\"18.69 39.75 13.55 44.89 30.07 61.41 66.79 24.69 61.65 19.55 30.07 51.13 18.69 39.75\"><\/polygon><\/g><\/g><\/svg>30 D&Iacute;AS DE GARANT&Iacute;A<\/p>\n\t\t<\/div>\n\t<\/div>\n\n\t<div class=\"wpb_raw_code wpb_raw_html wpb_content_element vc_custom_1619037416990\">\n\t\t<div class=\"wpb_wrapper\">\n\t\t\t<p style=\"font-size:12px;color:#444;text-transform: uppercase;margin-left:10px;\"><svg width=\"16\" style=\"vertical-align: -10%;margin-right:10px;\" xmlns=\"http:\/\/www.w3.org\/2000\/svg\" viewbox=\"0 0 81.68 81.67\"><defs><style>.cls-1{fill:#7ec58e;}.cls-2{fill:#fff;}<\/style><\/defs><path class=\"cls-1\" d=\"M40.84,0A40.84,40.84,0,1,0,81.68,40.84,40.83,40.83,0,0,0,40.84,0Z\"><\/path><g id=\"done\"><g id=\"check-circle-outline\"><polygon class=\"cls-2\" points=\"18.69 39.75 13.55 44.89 30.07 61.41 66.79 24.69 61.65 19.55 30.07 51.13 18.69 39.75\"><\/polygon><\/g><\/g><\/svg>SOPORTE AMABLE<\/p>\n\t\t<\/div>\n\t<\/div>\n<\/div><\/div><\/div><div class=\"wpb_column vc_column_container vc_col-sm-3 mpc-column\" data-column-id=\"mpc_column-7469d5bb6a75744\"><div class=\"vc_column-inner\"><div class=\"wpb_wrapper\">\n\t<div class=\"wpb_raw_code wpb_raw_html wpb_content_element vc_custom_1619037425450\">\n\t\t<div class=\"wpb_wrapper\">\n\t\t\t<p style=\"font-size:12px;color:#444;text-transform: uppercase;margin-left:10px;\"><svg width=\"16\" style=\"vertical-align: -10%;margin-right:10px;\" xmlns=\"http:\/\/www.w3.org\/2000\/svg\" viewbox=\"0 0 81.68 81.67\"><defs><style>.cls-1{fill:#7ec58e;}.cls-2{fill:#fff;}<\/style><\/defs><path class=\"cls-1\" d=\"M40.84,0A40.84,40.84,0,1,0,81.68,40.84,40.83,40.83,0,0,0,40.84,0Z\"><\/path><g id=\"done\"><g id=\"check-circle-outline\"><polygon class=\"cls-2\" points=\"18.69 39.75 13.55 44.89 30.07 61.41 66.79 24.69 61.65 19.55 30.07 51.13 18.69 39.75\"><\/polygon><\/g><\/g><\/svg>ACEPTA BITCOIN<\/p>\n\t\t<\/div>\n\t<\/div>\n\n\t<div class=\"wpb_raw_code wpb_raw_html wpb_content_element vc_custom_1619037434475\">\n\t\t<div class=\"wpb_wrapper\">\n\t\t\t<p style=\"font-size:11px;color:#444;text-transform: uppercase;margin-left:10px;\"><svg width=\"16\" style=\"vertical-align: -10%;margin-right:10px;\" xmlns=\"http:\/\/www.w3.org\/2000\/svg\" viewbox=\"0 0 81.68 81.67\"><defs><style>.cls-1{fill:#7ec58e;}.cls-2{fill:#fff;}<\/style><\/defs><path class=\"cls-1\" d=\"M40.84,0A40.84,40.84,0,1,0,81.68,40.84,40.83,40.83,0,0,0,40.84,0Z\"><\/path><g id=\"done\"><g id=\"check-circle-outline\"><polygon class=\"cls-2\" points=\"18.69 39.75 13.55 44.89 30.07 61.41 66.79 24.69 61.65 19.55 30.07 51.13 18.69 39.75\"><\/polygon><\/g><\/g><\/svg>VELOCIDADES ULTRA VELOCES<\/p>\n\t\t<\/div>\n\t<\/div>\n<\/div><\/div><\/div><\/div><\/div><\/div><\/div><\/div><div class=\"vc_row wpb_row vc_row-fluid mpc-row\"><div class=\"wpb_column vc_column_container vc_col-sm-12 mpc-column\" data-column-id=\"mpc_column-8369d5bb6a76ba8\"><div class=\"vc_column-inner\"><div class=\"wpb_wrapper\"><\/div><\/div><\/div><\/div>\r\n<\/div>[\/vc_column][\/vc_row]<\/div>","protected":false},"excerpt":{"rendered":"<p>OFERTA EXCLUSIVA-78% EN PLANES DE 3 A&Ntilde;OS APROVECHA SIN REGISTROS SERVIDORES EN 100 UBICACIONES P2P PERMITIDO F&Aacute;CIL DE USAR 30 D&Iacute;AS DE GARANT&Iacute;A SOPORTE AMABLE ACEPTA BITCOIN VELOCIDADES ULTRA VELOCES<\/p>\n","protected":false},"author":6,"featured_media":0,"parent":0,"menu_order":0,"comment_status":"closed","ping_status":"open","template":"","meta":{"footnotes":""},"yst_prominent_words":[4184,5741,2107,6554,740,2931,5745,703,6215,5550,5744,6996,6120,4291,6292,853,5905,2929,5231,4437],"class_list":["post-7444","page","type-page","status-publish","hentry"],"_links":{"self":[{"href":"https:\/\/www.le-vpn.com\/es\/wp-json\/wp\/v2\/pages\/7444","targetHints":{"allow":["GET"]}}],"collection":[{"href":"https:\/\/www.le-vpn.com\/es\/wp-json\/wp\/v2\/pages"}],"about":[{"href":"https:\/\/www.le-vpn.com\/es\/wp-json\/wp\/v2\/types\/page"}],"author":[{"embeddable":true,"href":"https:\/\/www.le-vpn.com\/es\/wp-json\/wp\/v2\/users\/6"}],"replies":[{"embeddable":true,"href":"https:\/\/www.le-vpn.com\/es\/wp-json\/wp\/v2\/comments?post=7444"}],"version-history":[{"count":8,"href":"https:\/\/www.le-vpn.com\/es\/wp-json\/wp\/v2\/pages\/7444\/revisions"}],"predecessor-version":[{"id":15454,"href":"https:\/\/www.le-vpn.com\/es\/wp-json\/wp\/v2\/pages\/7444\/revisions\/15454"}],"wp:attachment":[{"href":"https:\/\/www.le-vpn.com\/es\/wp-json\/wp\/v2\/media?parent=7444"}],"wp:term":[{"taxonomy":"yst_prominent_words","embeddable":true,"href":"https:\/\/www.le-vpn.com\/es\/wp-json\/wp\/v2\/yst_prominent_words?post=7444"}],"curies":[{"name":"wp","href":"https:\/\/api.w.org\/{rel}","templated":true}]}}