{"id":7413,"date":"2015-06-11T16:03:44","date_gmt":"2015-06-11T16:03:44","guid":{"rendered":"https:\/\/www.le-vpn.com\/es\/?page_id=7413"},"modified":"2017-10-27T10:04:37","modified_gmt":"2017-10-27T10:04:37","slug":"vpn-de-alta-velocidad","status":"publish","type":"page","link":"https:\/\/www.le-vpn.com\/es\/vpn-de-alta-velocidad\/","title":{"rendered":"Un servicio VPN de alta velocidad"},"content":{"rendered":"<div class=\"wpb-content-wrapper\"><p>[vc_row][vc_column][vc_column_text]<img decoding=\"async\" width=\"250\" height=\"250\" class=\"size-medium wp-image-1198 alignright\" src=\"https:\/\/www.le-vpn.com\/wp-content\/uploads\/2013\/07\/world-250x250.png\" alt=\"High speed VPN service\" srcset=\"https:\/\/www.le-vpn.com\/es\/wp-content\/uploads\/2013\/07\/world-250x250.png 250w, https:\/\/www.le-vpn.com\/es\/wp-content\/uploads\/2013\/07\/world-150x150.png 150w, https:\/\/www.le-vpn.com\/es\/wp-content\/uploads\/2013\/07\/world-120x120.png 120w, https:\/\/www.le-vpn.com\/es\/wp-content\/uploads\/2013\/07\/world.png 512w\" sizes=\"(max-width: 250px) 100vw, 250px\" \/><\/p>\n<p>Existe una oportunidad real de que tu huella digital siempre exista, po lo que es m\u00e1s importante que nunca asegurarse de que esa huella se mantenga lo m\u00e1s peque\u00f1a y escondida posible. Para mantenernos protegidos, muchos usuarios de internet est\u00e1n empezando a utilizar Redes Virtuales Privadas (VPN). Esta tecnolog\u00eda te permite enrutar el tr\u00e1fico de internet a trav\u00e9s de servidores ubicados en tu pa\u00eds o en pa\u00edses extranjeros para fortalecer tu privacidad y blindar a terceras partes de tu actividad online.<\/p>\n<p>E incluso si la privacidad es buena, en el trepidante mundo digital actual, tener que enrutar tu tr\u00e1fico en internet de esta manera puede parecer que disminuir\u00eda la velocidad de tu conexi\u00f3n. Afortunadamente, en Le VPN, desarrollamos soluciones innovadoras que han sido dise\u00f1adas para proteger tu privacidad cuando te conectas a internet, manteniendo a la vez tu conexi\u00f3n de forma que no se vea comprometida. Conectarse a un VPN puede provocar conexiones m\u00e1s lentas, pero es com\u00fanmente imperceptible e insignificante. Si en cambio, un usuario est\u00e1 en Estados Unidos, y utiliza un servidor en Australia para navegar por p\u00e1ginas europeas, la velocidad puede volverse m\u00e1s lenta. Para aliviarlo, recomendamos a los usuarios conectarse al servidor VPN m\u00e1s cercano a su ubicaci\u00f3n geogr\u00e1fica, suponiendo que no exista diferencia en los contenidos en los que est\u00e9 navegando.<\/p>\n<p>Para proporcionarte el mejor servicio posible, Le VPN ofrece un servicio VPN de alta velocidad l\u00edder en la industria que permite a sus usuarios\u00a0<a href=\"https:\/\/www.le-vpn.com\/es\/desbloquear-redes-sociales\/\">desbloquear sus p\u00e1ginas web favoritas<\/a>\u00a0y\u00a0s<a href=\"https:\/\/www.le-vpn.com\/es\/desbloquear-tv-con-una-vpn\/\">eries de televisi\u00f3n<\/a>, protegiendo sus huellas digitales y disfrutando de r\u00e1pidas conexiones, todo en uno.<\/p>\n<p>Un servicio VPN de alta velocidad es algo sin lo que no puede permitirse vivir cualquier usuario de internet preocupado por su propia privacidad. La tecnolog\u00eda VPN adem\u00e1s te permite acceder a p\u00e1ginas web y series televisivas que est\u00e1n bloqueadas en ciertas regiones o pa\u00edses. Esto significa que nunca tendr\u00e1s que preocuparte por perderte un evento deportivo o un telediario cuando est\u00e9s viajando al extranjero. Adem\u00e1s significa que los gobiernos proclives a censurar a sus constituyentes y a todos aquellos que viajen entre sus fronteras no ser\u00e1n capaces de restringir tu acceso a internet. En su lugar, mediante las soluciones VPN, se podr\u00e1 acceder a toda la informaci\u00f3n con facilidad.<\/p>\n<p>Tu <a href=\"https:\/\/www.le-vpn.com\/es\/privacidad-online\/\">privacidad digital<\/a>\u00a0es vital, y por ello deber\u00edas hacer lo que est\u00e9 en tu mano para protegerla siempre que sea posible. Mediante nuestras soluciones VPN, el proceso es simple. Le VPN ofrece un plan \u00fanico, todo incluido, seguro para satisfacer tus necesidades. P<a href=\"https:\/\/www.le-vpn.com\/es\/comprar-vpn\/\">ulsa aqu\u00ed<\/a>\u00a0para aprender m\u00e1s hoy sobre c\u00f3mo puedes beneficiarte de nuestro servicio VPN de alta velocidad.[\/vc_column_text][\/vc_column][\/vc_row][vc_row][vc_column]<div class=\"templatera_shortcode\"><div class=\"vc_row wpb_row vc_row-fluid mpc-row\"><div class=\"wpb_column vc_column_container vc_col-sm-12 mpc-column\" data-column-id=\"mpc_column-566a039f83616da\"><div class=\"vc_column-inner\"><div class=\"wpb_wrapper\"><div data-id=\"mpc_callout-196a039f835f8ca\" class=\"mpc-callout mpc-init mpc-callout--style_1 \"><div class=\"mpc-callout__icon-wrap mpc-icon--image\"><div class=\"mpc-callout__icon\"><i class=\"mpc-transition \"><img decoding=\"async\" class=\"\" src=\"https:\/\/www.le-vpn.com\/es\/wp-content\/uploads\/2025\/09\/exclusive-deal.png\" width=\"100\" height=\"100\" alt=\"exclusive-deal\" title=\"exclusive-deal\" loading=\"lazy\"><\/i><\/div><\/div><div class=\"mpc-callout__content\"><h3 class=\"mpc-callout__heading mpc-typography--preset_1\">OFERTA EXCLUSIVA<\/h3><div data-id=\"mpc_divider-146a039f835f996\" class=\"mpc-divider-wrap\"><div class=\"mpc-divider mpc-init mpc-align--center mpc-disable--left \"><div class=\"mpc-divider__line mpc-side--left\"><span><\/span><\/div><div class=\"mpc-divider__line mpc-side--right\"><span><\/span><\/div><\/div><\/div><div class=\"mpc-callout__description mpc-typography--preset_0\"><p style=\"padding-right: 20px;\">-78% EN PLANES DE 3 A&Ntilde;OS<\/p>\n<\/div><\/div><div class=\"mpc-callout__button\"><a href=\"https:\/\/www.le-vpn.com\/es\/comprar-vpn\/\" title=\"\" data-id=\"mpc_button-646a039f835f94a\" class=\"mpc-button mpc-init mpc-transition mpc-typography--preset_1 \"><div class=\"mpc-button__content mpc-effect-type--none mpc-effect-side--none\"><span class=\"mpc-button__title mpc-transition\">APROVECHA<\/span><\/div><div class=\"mpc-button__background mpc-transition mpc-effect-type--fade mpc-effect-side--in\"><\/div><\/a><\/div><\/div><div class=\"vc_row wpb_row vc_inner vc_row-fluid mpc-row\"><div class=\"wpb_column vc_column_container vc_col-sm-3 mpc-column\" data-column-id=\"mpc_column-96a039f83603df\"><div class=\"vc_column-inner\"><div class=\"wpb_wrapper\">\n\t<div class=\"wpb_raw_code wpb_raw_html wpb_content_element vc_custom_1619036887747\">\n\t\t<div class=\"wpb_wrapper\">\n\t\t\t<p style=\"font-size:13px;color:#444;margin-left:10px;\"><svg width=\"16\" style=\"vertical-align: -10%;margin-right:10px;\" xmlns=\"http:\/\/www.w3.org\/2000\/svg\" viewbox=\"0 0 81.68 81.67\"><defs><style>.cls-1{fill:#7ec58e;}.cls-2{fill:#fff;}<\/style><\/defs><path class=\"cls-1\" d=\"M40.84,0A40.84,40.84,0,1,0,81.68,40.84,40.83,40.83,0,0,0,40.84,0Z\"><\/path><g id=\"done\"><g id=\"check-circle-outline\"><polygon class=\"cls-2\" points=\"18.69 39.75 13.55 44.89 30.07 61.41 66.79 24.69 61.65 19.55 30.07 51.13 18.69 39.75\"><\/polygon><\/g><\/g><\/svg>SIN REGISTROS<\/p>\n\t\t<\/div>\n\t<\/div>\n\n\t<div class=\"wpb_raw_code wpb_raw_html wpb_content_element vc_custom_1646323922298\">\n\t\t<div class=\"wpb_wrapper\">\n\t\t\t<p style=\"font-size:13px;color:#444;margin-left:10px;\"><svg width=\"16\" style=\"vertical-align: -10%;margin-right:10px;\" xmlns=\"http:\/\/www.w3.org\/2000\/svg\" viewbox=\"0 0 81.68 81.67\"><defs><style>.cls-1{fill:#7ec58e;}.cls-2{fill:#fff;}<\/style><\/defs><path class=\"cls-1\" d=\"M40.84,0A40.84,40.84,0,1,0,81.68,40.84,40.83,40.83,0,0,0,40.84,0Z\"><\/path><g id=\"done\"><g id=\"check-circle-outline\"><polygon class=\"cls-2\" points=\"18.69 39.75 13.55 44.89 30.07 61.41 66.79 24.69 61.65 19.55 30.07 51.13 18.69 39.75\"><\/polygon><\/g><\/g><\/svg>SERVIDORES EN 100 UBICACIONES<\/p>\n\t\t<\/div>\n\t<\/div>\n<\/div><\/div><\/div><div class=\"wpb_column vc_column_container vc_col-sm-3 mpc-column\" data-column-id=\"mpc_column-706a039f836089e\"><div class=\"vc_column-inner\"><div class=\"wpb_wrapper\">\n\t<div class=\"wpb_raw_code wpb_raw_html wpb_content_element vc_custom_1619036901882\">\n\t\t<div class=\"wpb_wrapper\">\n\t\t\t<p style=\"font-size:13px;color:#444;text-transform: uppercase;margin-left:10px;\"><svg width=\"16\" style=\"vertical-align: -10%;margin-right:10px;\" xmlns=\"http:\/\/www.w3.org\/2000\/svg\" viewbox=\"0 0 81.68 81.67\"><defs><style>.cls-1{fill:#7ec58e;}.cls-2{fill:#fff;}<\/style><\/defs><path class=\"cls-1\" d=\"M40.84,0A40.84,40.84,0,1,0,81.68,40.84,40.83,40.83,0,0,0,40.84,0Z\"><\/path><g id=\"done\"><g id=\"check-circle-outline\"><polygon class=\"cls-2\" points=\"18.69 39.75 13.55 44.89 30.07 61.41 66.79 24.69 61.65 19.55 30.07 51.13 18.69 39.75\"><\/polygon><\/g><\/g><\/svg>P2P PERMITIDO<\/p>\n\t\t<\/div>\n\t<\/div>\n\n\t<div class=\"wpb_raw_code wpb_raw_html wpb_content_element vc_custom_1619036909286\">\n\t\t<div class=\"wpb_wrapper\">\n\t\t\t<p style=\"font-size:13px;color:#444;text-transform: uppercase;margin-left:10px;\"><svg width=\"16\" style=\"vertical-align: -10%;margin-right:10px;\" xmlns=\"http:\/\/www.w3.org\/2000\/svg\" viewbox=\"0 0 81.68 81.67\"><defs><style>.cls-1{fill:#7ec58e;}.cls-2{fill:#fff;}<\/style><\/defs><path class=\"cls-1\" d=\"M40.84,0A40.84,40.84,0,1,0,81.68,40.84,40.83,40.83,0,0,0,40.84,0Z\"><\/path><g id=\"done\"><g id=\"check-circle-outline\"><polygon class=\"cls-2\" points=\"18.69 39.75 13.55 44.89 30.07 61.41 66.79 24.69 61.65 19.55 30.07 51.13 18.69 39.75\"><\/polygon><\/g><\/g><\/svg>F&Aacute;CIL DE USAR<\/p>\n\t\t<\/div>\n\t<\/div>\n<\/div><\/div><\/div><div class=\"wpb_column vc_column_container vc_col-sm-3 mpc-column\" data-column-id=\"mpc_column-686a039f8360cc4\"><div class=\"vc_column-inner\"><div class=\"wpb_wrapper\">\n\t<div class=\"wpb_raw_code wpb_raw_html wpb_content_element vc_custom_1622662170871\">\n\t\t<div class=\"wpb_wrapper\">\n\t\t\t<p style=\"font-size:13px;color:#444;text-transform: uppercase;margin-left:10px;\"><svg width=\"16\" style=\"vertical-align: -10%;margin-right:10px;\" xmlns=\"http:\/\/www.w3.org\/2000\/svg\" viewbox=\"0 0 81.68 81.67\"><defs><style>.cls-1{fill:#7ec58e;}.cls-2{fill:#fff;}<\/style><\/defs><path class=\"cls-1\" d=\"M40.84,0A40.84,40.84,0,1,0,81.68,40.84,40.83,40.83,0,0,0,40.84,0Z\"><\/path><g id=\"done\"><g id=\"check-circle-outline\"><polygon class=\"cls-2\" points=\"18.69 39.75 13.55 44.89 30.07 61.41 66.79 24.69 61.65 19.55 30.07 51.13 18.69 39.75\"><\/polygon><\/g><\/g><\/svg>30 D&Iacute;AS DE GARANT&Iacute;A DE REEMBOLSO<\/p>\n\t\t<\/div>\n\t<\/div>\n\n\t<div class=\"wpb_raw_code wpb_raw_html wpb_content_element vc_custom_1619036922880\">\n\t\t<div class=\"wpb_wrapper\">\n\t\t\t<p style=\"font-size:13px;color:#444;text-transform: uppercase;margin-left:10px;\"><svg width=\"16\" style=\"vertical-align: -10%;margin-right:10px;\" xmlns=\"http:\/\/www.w3.org\/2000\/svg\" viewbox=\"0 0 81.68 81.67\"><defs><style>.cls-1{fill:#7ec58e;}.cls-2{fill:#fff;}<\/style><\/defs><path class=\"cls-1\" d=\"M40.84,0A40.84,40.84,0,1,0,81.68,40.84,40.83,40.83,0,0,0,40.84,0Z\"><\/path><g id=\"done\"><g id=\"check-circle-outline\"><polygon class=\"cls-2\" points=\"18.69 39.75 13.55 44.89 30.07 61.41 66.79 24.69 61.65 19.55 30.07 51.13 18.69 39.75\"><\/polygon><\/g><\/g><\/svg>SOPORTE AMABLE<\/p>\n\t\t<\/div>\n\t<\/div>\n<\/div><\/div><\/div><div class=\"wpb_column vc_column_container vc_col-sm-3 mpc-column\" data-column-id=\"mpc_column-976a039f83610a0\"><div class=\"vc_column-inner\"><div class=\"wpb_wrapper\">\n\t<div class=\"wpb_raw_code wpb_raw_html wpb_content_element vc_custom_1619036930743\">\n\t\t<div class=\"wpb_wrapper\">\n\t\t\t<p style=\"font-size:13px;color:#444;text-transform: uppercase;margin-left:10px;\"><svg width=\"16\" style=\"vertical-align: -10%;margin-right:10px;\" xmlns=\"http:\/\/www.w3.org\/2000\/svg\" viewbox=\"0 0 81.68 81.67\"><defs><style>.cls-1{fill:#7ec58e;}.cls-2{fill:#fff;}<\/style><\/defs><path class=\"cls-1\" d=\"M40.84,0A40.84,40.84,0,1,0,81.68,40.84,40.83,40.83,0,0,0,40.84,0Z\"><\/path><g id=\"done\"><g id=\"check-circle-outline\"><polygon class=\"cls-2\" points=\"18.69 39.75 13.55 44.89 30.07 61.41 66.79 24.69 61.65 19.55 30.07 51.13 18.69 39.75\"><\/polygon><\/g><\/g><\/svg>ACEPTA BITCOIN<\/p>\n\t\t<\/div>\n\t<\/div>\n\n\t<div class=\"wpb_raw_code wpb_raw_html wpb_content_element vc_custom_1624954235100\">\n\t\t<div class=\"wpb_wrapper\">\n\t\t\t<p style=\"font-size:13px;color:#444;text-transform: uppercase;margin-left:10px;\"><svg width=\"16\" style=\"vertical-align: -10%;margin-right:10px;\" xmlns=\"http:\/\/www.w3.org\/2000\/svg\" viewbox=\"0 0 81.68 81.67\"><defs><style>.cls-1{fill:#7ec58e;}.cls-2{fill:#fff;}<\/style><\/defs><path class=\"cls-1\" d=\"M40.84,0A40.84,40.84,0,1,0,81.68,40.84,40.83,40.83,0,0,0,40.84,0Z\"><\/path><g id=\"done\"><g id=\"check-circle-outline\"><polygon class=\"cls-2\" points=\"18.69 39.75 13.55 44.89 30.07 61.41 66.79 24.69 61.65 19.55 30.07 51.13 18.69 39.75\"><\/polygon><\/g><\/g><\/svg>VELOCIDADES ULTRA VELOCES<\/p>\n\t\t<\/div>\n\t<\/div>\n<\/div><\/div><\/div><\/div><\/div><\/div><\/div><\/div><div class=\"vc_row wpb_row vc_row-fluid mpc-row\"><div class=\"wpb_column vc_column_container vc_col-sm-12 mpc-column\" data-column-id=\"mpc_column-896a039f8361f06\"><div class=\"vc_column-inner\"><div class=\"wpb_wrapper\"><\/div><\/div><\/div><\/div>\r\n<\/div>[\/vc_column][\/vc_row]<\/p>\n[vc_row][vc_column]<div class=\"templatera_shortcode\"><div class=\"vc_row wpb_row vc_row-fluid mpc-row\"><div class=\"wpb_column vc_column_container vc_col-sm-12 mpc-column\" data-column-id=\"mpc_column-556a039f836458d\"><div class=\"vc_column-inner\"><div class=\"wpb_wrapper\"><div data-id=\"mpc_callout-636a039f8362e88\" class=\"mpc-callout mpc-init mpc-callout--style_1 \"><div class=\"mpc-callout__icon-wrap mpc-icon--image\"><div class=\"mpc-callout__icon\"><i class=\"mpc-transition \"><img decoding=\"async\" class=\"\" src=\"https:\/\/www.le-vpn.com\/es\/wp-content\/uploads\/2025\/09\/exclusive-deal.png\" width=\"100\" height=\"100\" alt=\"exclusive-deal\" title=\"exclusive-deal\" loading=\"lazy\"><\/i><\/div><\/div><div class=\"mpc-callout__content\"><h3 class=\"mpc-callout__heading mpc-typography--preset_1\">OFERTA EXCLUSIVA<\/h3><div data-id=\"mpc_divider-506a039f8362f35\" class=\"mpc-divider-wrap\"><div class=\"mpc-divider mpc-init mpc-align--center mpc-disable--left \"><div class=\"mpc-divider__line mpc-side--left\"><span><\/span><\/div><div class=\"mpc-divider__line mpc-side--right\"><span><\/span><\/div><\/div><\/div><div class=\"mpc-callout__description mpc-typography--preset_0\"><p style=\"padding-right: 20px;\">-78% EN PLANES DE 3 A&Ntilde;OS<\/p>\n<\/div><\/div><div class=\"mpc-callout__button\"><a href=\"https:\/\/www.le-vpn.com\/es\/comprar-vpn\/\" title=\"\" data-id=\"mpc_button-506a039f8362ef4\" class=\"mpc-button mpc-init mpc-transition mpc-typography--preset_1 \"><div class=\"mpc-button__content mpc-effect-type--none mpc-effect-side--none\"><span class=\"mpc-button__title mpc-transition\">APROVECHA<\/span><\/div><div class=\"mpc-button__background mpc-transition mpc-effect-type--fade mpc-effect-side--in\"><\/div><\/a><\/div><\/div><div class=\"vc_row wpb_row vc_inner vc_row-fluid mpc-row\"><div class=\"wpb_column vc_column_container vc_col-sm-3 mpc-column\" data-column-id=\"mpc_column-836a039f8363423\"><div class=\"vc_column-inner\"><div class=\"wpb_wrapper\">\n\t<div class=\"wpb_raw_code wpb_raw_html wpb_content_element vc_custom_1619037373801\">\n\t\t<div class=\"wpb_wrapper\">\n\t\t\t<p style=\"font-size:12px;color:#444;margin-left:10px;\"><svg width=\"16\" style=\"vertical-align: -10%;margin-right:10px;\" xmlns=\"http:\/\/www.w3.org\/2000\/svg\" viewbox=\"0 0 81.68 81.67\"><defs><style>.cls-1{fill:#7ec58e;}.cls-2{fill:#fff;}<\/style><\/defs><path class=\"cls-1\" d=\"M40.84,0A40.84,40.84,0,1,0,81.68,40.84,40.83,40.83,0,0,0,40.84,0Z\"><\/path><g id=\"done\"><g id=\"check-circle-outline\"><polygon class=\"cls-2\" points=\"18.69 39.75 13.55 44.89 30.07 61.41 66.79 24.69 61.65 19.55 30.07 51.13 18.69 39.75\"><\/polygon><\/g><\/g><\/svg>SIN REGISTROS<\/p>\n\t\t<\/div>\n\t<\/div>\n\n\t<div class=\"wpb_raw_code wpb_raw_html wpb_content_element vc_custom_1646323796922\">\n\t\t<div class=\"wpb_wrapper\">\n\t\t\t<p style=\"font-size:12px;color:#444;margin-left:10px;\"><svg width=\"16\" style=\"vertical-align: -10%;margin-right:10px;\" xmlns=\"http:\/\/www.w3.org\/2000\/svg\" viewbox=\"0 0 81.68 81.67\"><defs><style>.cls-1{fill:#7ec58e;}.cls-2{fill:#fff;}<\/style><\/defs><path class=\"cls-1\" d=\"M40.84,0A40.84,40.84,0,1,0,81.68,40.84,40.83,40.83,0,0,0,40.84,0Z\"><\/path><g id=\"done\"><g id=\"check-circle-outline\"><polygon class=\"cls-2\" points=\"18.69 39.75 13.55 44.89 30.07 61.41 66.79 24.69 61.65 19.55 30.07 51.13 18.69 39.75\"><\/polygon><\/g><\/g><\/svg>SERVIDORES EN 100 UBICACIONES<\/p>\n\t\t<\/div>\n\t<\/div>\n<\/div><\/div><\/div><div class=\"wpb_column vc_column_container vc_col-sm-3 mpc-column\" data-column-id=\"mpc_column-496a039f83637a0\"><div class=\"vc_column-inner\"><div class=\"wpb_wrapper\">\n\t<div class=\"wpb_raw_code wpb_raw_html wpb_content_element vc_custom_1619037390158\">\n\t\t<div class=\"wpb_wrapper\">\n\t\t\t<p style=\"font-size:12px;color:#444;text-transform: uppercase;margin-left:10px;\"><svg width=\"16\" style=\"vertical-align: -10%;margin-right:10px;\" xmlns=\"http:\/\/www.w3.org\/2000\/svg\" viewbox=\"0 0 81.68 81.67\"><defs><style>.cls-1{fill:#7ec58e;}.cls-2{fill:#fff;}<\/style><\/defs><path class=\"cls-1\" d=\"M40.84,0A40.84,40.84,0,1,0,81.68,40.84,40.83,40.83,0,0,0,40.84,0Z\"><\/path><g id=\"done\"><g id=\"check-circle-outline\"><polygon class=\"cls-2\" points=\"18.69 39.75 13.55 44.89 30.07 61.41 66.79 24.69 61.65 19.55 30.07 51.13 18.69 39.75\"><\/polygon><\/g><\/g><\/svg>P2P PERMITIDO<\/p>\n\t\t<\/div>\n\t<\/div>\n\n\t<div class=\"wpb_raw_code wpb_raw_html wpb_content_element vc_custom_1619037398008\">\n\t\t<div class=\"wpb_wrapper\">\n\t\t\t<p style=\"font-size:12px;color:#444;text-transform: uppercase;margin-left:10px;\"><svg width=\"16\" style=\"vertical-align: -10%;margin-right:10px;\" xmlns=\"http:\/\/www.w3.org\/2000\/svg\" viewbox=\"0 0 81.68 81.67\"><defs><style>.cls-1{fill:#7ec58e;}.cls-2{fill:#fff;}<\/style><\/defs><path class=\"cls-1\" d=\"M40.84,0A40.84,40.84,0,1,0,81.68,40.84,40.83,40.83,0,0,0,40.84,0Z\"><\/path><g id=\"done\"><g id=\"check-circle-outline\"><polygon class=\"cls-2\" points=\"18.69 39.75 13.55 44.89 30.07 61.41 66.79 24.69 61.65 19.55 30.07 51.13 18.69 39.75\"><\/polygon><\/g><\/g><\/svg>F&Aacute;CIL DE USAR<\/p>\n\t\t<\/div>\n\t<\/div>\n<\/div><\/div><\/div><div class=\"wpb_column vc_column_container vc_col-sm-3 mpc-column\" data-column-id=\"mpc_column-526a039f8363a9c\"><div class=\"vc_column-inner\"><div class=\"wpb_wrapper\">\n\t<div class=\"wpb_raw_code wpb_raw_html wpb_content_element vc_custom_1622662058202\">\n\t\t<div class=\"wpb_wrapper\">\n\t\t\t<p style=\"font-size:12px;color:#444;text-transform: uppercase;margin-left:10px;\"><svg width=\"16\" style=\"vertical-align: -10%;margin-right:10px;\" xmlns=\"http:\/\/www.w3.org\/2000\/svg\" viewbox=\"0 0 81.68 81.67\"><defs><style>.cls-1{fill:#7ec58e;}.cls-2{fill:#fff;}<\/style><\/defs><path class=\"cls-1\" d=\"M40.84,0A40.84,40.84,0,1,0,81.68,40.84,40.83,40.83,0,0,0,40.84,0Z\"><\/path><g id=\"done\"><g id=\"check-circle-outline\"><polygon class=\"cls-2\" points=\"18.69 39.75 13.55 44.89 30.07 61.41 66.79 24.69 61.65 19.55 30.07 51.13 18.69 39.75\"><\/polygon><\/g><\/g><\/svg>30 D&Iacute;AS DE GARANT&Iacute;A<\/p>\n\t\t<\/div>\n\t<\/div>\n\n\t<div class=\"wpb_raw_code wpb_raw_html wpb_content_element vc_custom_1619037416990\">\n\t\t<div class=\"wpb_wrapper\">\n\t\t\t<p style=\"font-size:12px;color:#444;text-transform: uppercase;margin-left:10px;\"><svg width=\"16\" style=\"vertical-align: -10%;margin-right:10px;\" xmlns=\"http:\/\/www.w3.org\/2000\/svg\" viewbox=\"0 0 81.68 81.67\"><defs><style>.cls-1{fill:#7ec58e;}.cls-2{fill:#fff;}<\/style><\/defs><path class=\"cls-1\" d=\"M40.84,0A40.84,40.84,0,1,0,81.68,40.84,40.83,40.83,0,0,0,40.84,0Z\"><\/path><g id=\"done\"><g id=\"check-circle-outline\"><polygon class=\"cls-2\" points=\"18.69 39.75 13.55 44.89 30.07 61.41 66.79 24.69 61.65 19.55 30.07 51.13 18.69 39.75\"><\/polygon><\/g><\/g><\/svg>SOPORTE AMABLE<\/p>\n\t\t<\/div>\n\t<\/div>\n<\/div><\/div><\/div><div class=\"wpb_column vc_column_container vc_col-sm-3 mpc-column\" data-column-id=\"mpc_column-666a039f8363d5f\"><div class=\"vc_column-inner\"><div class=\"wpb_wrapper\">\n\t<div class=\"wpb_raw_code wpb_raw_html wpb_content_element vc_custom_1619037425450\">\n\t\t<div class=\"wpb_wrapper\">\n\t\t\t<p style=\"font-size:12px;color:#444;text-transform: uppercase;margin-left:10px;\"><svg width=\"16\" style=\"vertical-align: -10%;margin-right:10px;\" xmlns=\"http:\/\/www.w3.org\/2000\/svg\" viewbox=\"0 0 81.68 81.67\"><defs><style>.cls-1{fill:#7ec58e;}.cls-2{fill:#fff;}<\/style><\/defs><path class=\"cls-1\" d=\"M40.84,0A40.84,40.84,0,1,0,81.68,40.84,40.83,40.83,0,0,0,40.84,0Z\"><\/path><g id=\"done\"><g id=\"check-circle-outline\"><polygon class=\"cls-2\" points=\"18.69 39.75 13.55 44.89 30.07 61.41 66.79 24.69 61.65 19.55 30.07 51.13 18.69 39.75\"><\/polygon><\/g><\/g><\/svg>ACEPTA BITCOIN<\/p>\n\t\t<\/div>\n\t<\/div>\n\n\t<div class=\"wpb_raw_code wpb_raw_html wpb_content_element vc_custom_1619037434475\">\n\t\t<div class=\"wpb_wrapper\">\n\t\t\t<p style=\"font-size:11px;color:#444;text-transform: uppercase;margin-left:10px;\"><svg width=\"16\" style=\"vertical-align: -10%;margin-right:10px;\" xmlns=\"http:\/\/www.w3.org\/2000\/svg\" viewbox=\"0 0 81.68 81.67\"><defs><style>.cls-1{fill:#7ec58e;}.cls-2{fill:#fff;}<\/style><\/defs><path class=\"cls-1\" d=\"M40.84,0A40.84,40.84,0,1,0,81.68,40.84,40.83,40.83,0,0,0,40.84,0Z\"><\/path><g id=\"done\"><g id=\"check-circle-outline\"><polygon class=\"cls-2\" points=\"18.69 39.75 13.55 44.89 30.07 61.41 66.79 24.69 61.65 19.55 30.07 51.13 18.69 39.75\"><\/polygon><\/g><\/g><\/svg>VELOCIDADES ULTRA VELOCES<\/p>\n\t\t<\/div>\n\t<\/div>\n<\/div><\/div><\/div><\/div><\/div><\/div><\/div><\/div><div class=\"vc_row wpb_row vc_row-fluid mpc-row\"><div class=\"wpb_column vc_column_container vc_col-sm-12 mpc-column\" data-column-id=\"mpc_column-456a039f8364ef2\"><div class=\"vc_column-inner\"><div class=\"wpb_wrapper\"><\/div><\/div><\/div><\/div>\r\n<\/div>[\/vc_column][\/vc_row]<\/div>","protected":false},"excerpt":{"rendered":"<p>OFERTA EXCLUSIVA-78% EN PLANES DE 3 A&Ntilde;OS APROVECHA SIN REGISTROS SERVIDORES EN 100 UBICACIONES P2P PERMITIDO F&Aacute;CIL DE USAR 30 D&Iacute;AS DE GARANT&Iacute;A SOPORTE AMABLE ACEPTA BITCOIN VELOCIDADES ULTRA VELOCES<\/p>\n","protected":false},"author":6,"featured_media":0,"parent":0,"menu_order":0,"comment_status":"closed","ping_status":"open","template":"","meta":{"footnotes":""},"yst_prominent_words":[5580,3070,724,703,2711,3069,864,906,3072,3066,3064,985,898,3068,3067,2929,1645,3071,3065,3073],"class_list":["post-7413","page","type-page","status-publish","hentry"],"_links":{"self":[{"href":"https:\/\/www.le-vpn.com\/es\/wp-json\/wp\/v2\/pages\/7413","targetHints":{"allow":["GET"]}}],"collection":[{"href":"https:\/\/www.le-vpn.com\/es\/wp-json\/wp\/v2\/pages"}],"about":[{"href":"https:\/\/www.le-vpn.com\/es\/wp-json\/wp\/v2\/types\/page"}],"author":[{"embeddable":true,"href":"https:\/\/www.le-vpn.com\/es\/wp-json\/wp\/v2\/users\/6"}],"replies":[{"embeddable":true,"href":"https:\/\/www.le-vpn.com\/es\/wp-json\/wp\/v2\/comments?post=7413"}],"version-history":[{"count":7,"href":"https:\/\/www.le-vpn.com\/es\/wp-json\/wp\/v2\/pages\/7413\/revisions"}],"predecessor-version":[{"id":11502,"href":"https:\/\/www.le-vpn.com\/es\/wp-json\/wp\/v2\/pages\/7413\/revisions\/11502"}],"wp:attachment":[{"href":"https:\/\/www.le-vpn.com\/es\/wp-json\/wp\/v2\/media?parent=7413"}],"wp:term":[{"taxonomy":"yst_prominent_words","embeddable":true,"href":"https:\/\/www.le-vpn.com\/es\/wp-json\/wp\/v2\/yst_prominent_words?post=7413"}],"curies":[{"name":"wp","href":"https:\/\/api.w.org\/{rel}","templated":true}]}}