{"id":7346,"date":"2015-06-09T20:45:47","date_gmt":"2015-06-09T20:45:47","guid":{"rendered":"https:\/\/www.le-vpn.com\/es\/?page_id=7346"},"modified":"2017-10-27T09:19:56","modified_gmt":"2017-10-27T09:19:56","slug":"seguridad-movil","status":"publish","type":"page","link":"https:\/\/www.le-vpn.com\/es\/seguridad-movil\/","title":{"rendered":"SEGURIDAD M\u00d3VIL: VPN PARA DISPOSITIVOS M\u00d3VILES"},"content":{"rendered":"<div class=\"wpb-content-wrapper\"><p>[vc_row][vc_column][vc_column_text]<img decoding=\"async\" width=\"250\" height=\"303\" class=\"alignleft size-full wp-image-9931\" src=\"https:\/\/www.le-vpn.com\/es\/wp-content\/uploads\/2015\/06\/iPad_iPhone_samsung-250x303.png\" alt=\"SEGURIDAD M\u00d3VIL: VPN PARA DISPOSITIVOS M\u00d3VILES | LE VPN\" srcset=\"https:\/\/www.le-vpn.com\/es\/wp-content\/uploads\/2015\/06\/iPad_iPhone_samsung-250x303.png 250w, https:\/\/www.le-vpn.com\/es\/wp-content\/uploads\/2015\/06\/iPad_iPhone_samsung-250x303-25x30.png 25w, https:\/\/www.le-vpn.com\/es\/wp-content\/uploads\/2015\/06\/iPad_iPhone_samsung-250x303-120x145.png 120w\" sizes=\"(max-width: 250px) 100vw, 250px\" \/><\/p>\n<p>Hoy en d\u00eda los dispositivos m\u00f3viles como el iPhone o el iPad se han convertido en una necesidad para la mayor\u00eda de las personas.<\/p>\n<p>Sin importar si usted le da un uso profesional o para entretenimiento personal, su gran funcionalidad le permite reemplazar dispositivos diferentes de una sola vez, incluyendo computadores, c\u00e1maras, iPods y tel\u00e9fonos celulares. Nos encantan porque son muy port\u00e1tiles.<\/p>\n<p>Puede revisar con ellos sus cuentas bancarias, actualizar su perfil de Facebook, leer e-mails, ver videos y subir entradas nuevas a sus blogs, y todo esto puede hacerse desde cualquier parte del mundo.<\/p>\n<p>Sin embargo, el uso de m\u00faltiples puntos de acceso a Internet lo hace vulnerable ante diferentes ataques cibern\u00e9ticos que podr\u00edan intentar interceptar su tr\u00e1fico, volviendo riesgoso el uso de los iPads e iPhones.<\/p>\n<p>Por ejemplo, usted nunca puede estar seguro de que el WiFi al que est\u00e1 conectado no est\u00e1 comprometido. Puede que est\u00e9 recolectando informaci\u00f3n del tr\u00e1fico de los usuarios como n\u00fameros de tarjetas de cr\u00e9dito, sus contrase\u00f1as y toda su informaci\u00f3n y notas personales sin que usted lo llegue a notar.<\/p>\n<p>Adem\u00e1s de esto, Internet est\u00e1 lleno de funciones que le permiten a cualquier persona interceptar la informaci\u00f3n que se pasa a trav\u00e9s de redes de WiFi sin protecci\u00f3n. Aquellas personas que tengan suficientes habilidades inform\u00e1ticas podr\u00edan llegar a utilizar estas herramientas para interferir con su vida personal o para robarle.<\/p>\n<p>Es por esto que adaptamos nuestras <a href=\"https:\/\/www.le-vpn.com\/es\/comprar-vpn\/\">soluciones de VPN<\/a> a sus necesidades y hemos creado un <a href=\"https:\/\/www.le-vpn.com\/es\/le-vpn-ios-app-vpn-para-iphone\/\">software de VPN m\u00f3vil<\/a> que potenciar\u00e1 la seguridad de sus dispositivos m\u00f3viles y lo proteger\u00e1 mientras navega.<\/p>\n<p>Los servicios m\u00f3viles de Le VPN funcionan de forma similar a los <a href=\"https:\/\/www.le-vpn.com\/es\/\">servicios est\u00e1ndar de VPN<\/a>. Cuando usted conecta su VPN de tel\u00e9fono o su VPN de iPad a uno de nuestros servidores en m\u00e1s de 100+ ubicaciones, sin importar si es a trav\u00e9s de los protocolos de OpenVPN, IKEv2 o L2TP, todo su tr\u00e1fico de Internet pasa por un canal altamente encriptado, haci\u00e9ndolo imposible de interceptar.<\/p>\n<p>El software m\u00f3vil de Le VPN es compatible con la mayor\u00eda de los dispositivos, incluyendo todos los dispositivos iOS (<a href=\"https:\/\/www.le-vpn.com\/es\/vpn-para-iphone\/\">VPN para iPhone<\/a>, <a href=\"https:\/\/www.le-vpn.com\/es\/vpn-para-ipad\/\">VPN para iPad<\/a>, VPN para iPod Touch) y <a href=\"https:\/\/www.le-vpn.com\/es\/vpn-para-android\/\">VPN para Android<\/a>. Le VPN tambi\u00e9n ofrece la <a href=\"https:\/\/www.le-vpn.com\/es\/le-vpn-ios-app-vpn-para-iphone\/\">aplicaci\u00f3n iOS VPN<\/a> que hace f\u00e1cil de usar la VPN para iPhone, iPad e iPod Touch y le permite configurar r\u00e1pidamente su VPN en iPhone y otros dispositivos iOS.<\/p>\n<p>Conozca m\u00e1s sobre Le VPN para dispositivos m\u00f3viles:<\/p>\n<p>[\/vc_column_text][\/vc_column][\/vc_row][vc_row][vc_column]<a href=\"https:\/\/www.le-vpn.com\/es\/le-vpn-ios-app-vpn-para-iphone\/\" title=\"\"  data-id=\"mpc_button-4469f76ac5d6eb1\" class=\"mpc-button mpc-init mpc-transition mpc-typography--preset_1 \" ><div class=\"mpc-button__content mpc-effect-type--none mpc-effect-side--none\"><span class=\"mpc-button__title mpc-transition\">Le VPN iOS app<\/span><\/div><div class=\"mpc-button__background mpc-transition mpc-effect-type--expand mpc-effect-side--horizontal\"><\/div><\/a>[\/vc_column][\/vc_row][vc_row][vc_column]<a href=\"https:\/\/www.le-vpn.com\/es\/vpn-para-iphone\/\" title=\"\"  data-id=\"mpc_button-4369f76ac5d6f22\" class=\"mpc-button mpc-init mpc-transition mpc-typography--preset_1 \" ><div class=\"mpc-button__content mpc-effect-type--none mpc-effect-side--none\"><span class=\"mpc-button__title mpc-transition\">VPN para iPhone<\/span><\/div><div class=\"mpc-button__background mpc-transition mpc-effect-type--expand mpc-effect-side--horizontal\"><\/div><\/a>[\/vc_column][\/vc_row][vc_row][vc_column]<a href=\"https:\/\/www.le-vpn.com\/es\/vpn-para-ipad\/\" title=\"\"  data-id=\"mpc_button-6669f76ac5d6f77\" class=\"mpc-button mpc-init mpc-transition mpc-typography--preset_1 \" ><div class=\"mpc-button__content mpc-effect-type--none mpc-effect-side--none\"><span class=\"mpc-button__title mpc-transition\">VPN para iPad<\/span><\/div><div class=\"mpc-button__background mpc-transition mpc-effect-type--expand mpc-effect-side--horizontal\"><\/div><\/a>[\/vc_column][\/vc_row][vc_row][vc_column]<a href=\"https:\/\/www.le-vpn.com\/es\/vpn-para-android\/\" title=\"\"  data-id=\"mpc_button-2769f76ac5d6fb5\" class=\"mpc-button mpc-init mpc-transition mpc-typography--preset_1 \" ><div class=\"mpc-button__content mpc-effect-type--none mpc-effect-side--none\"><span class=\"mpc-button__title mpc-transition\">VPN para Android<\/span><\/div><div class=\"mpc-button__background mpc-transition mpc-effect-type--expand mpc-effect-side--horizontal\"><\/div><\/a>[\/vc_column][\/vc_row][vc_row][vc_column]<div class=\"templatera_shortcode\"><div class=\"vc_row wpb_row vc_row-fluid mpc-row\"><div class=\"wpb_column vc_column_container vc_col-sm-12 mpc-column\" data-column-id=\"mpc_column-5169f76ac5db26c\"><div class=\"vc_column-inner\"><div class=\"wpb_wrapper\"><div data-id=\"mpc_callout-6969f76ac5d9976\" class=\"mpc-callout mpc-init mpc-callout--style_1 \"><div class=\"mpc-callout__icon-wrap mpc-icon--image\"><div class=\"mpc-callout__icon\"><i class=\"mpc-transition \"><img decoding=\"async\" class=\"\" src=\"https:\/\/www.le-vpn.com\/es\/wp-content\/uploads\/2025\/09\/exclusive-deal.png\" width=\"100\" height=\"100\" alt=\"exclusive-deal\" title=\"exclusive-deal\" loading=\"lazy\"><\/i><\/div><\/div><div class=\"mpc-callout__content\"><h3 class=\"mpc-callout__heading mpc-typography--preset_1\">OFERTA EXCLUSIVA<\/h3><div data-id=\"mpc_divider-9369f76ac5d9a1c\" class=\"mpc-divider-wrap\"><div class=\"mpc-divider mpc-init mpc-align--center mpc-disable--left \"><div class=\"mpc-divider__line mpc-side--left\"><span><\/span><\/div><div class=\"mpc-divider__line mpc-side--right\"><span><\/span><\/div><\/div><\/div><div class=\"mpc-callout__description mpc-typography--preset_0\"><p style=\"padding-right: 20px;\">-78% EN PLANES DE 3 A&Ntilde;OS<\/p>\n<\/div><\/div><div class=\"mpc-callout__button\"><a href=\"https:\/\/www.le-vpn.com\/es\/comprar-vpn\/\" title=\"\" data-id=\"mpc_button-6269f76ac5d99de\" class=\"mpc-button mpc-init mpc-transition mpc-typography--preset_1 \"><div class=\"mpc-button__content mpc-effect-type--none mpc-effect-side--none\"><span class=\"mpc-button__title mpc-transition\">APROVECHA<\/span><\/div><div class=\"mpc-button__background mpc-transition mpc-effect-type--fade mpc-effect-side--in\"><\/div><\/a><\/div><\/div><div class=\"vc_row wpb_row vc_inner vc_row-fluid mpc-row\"><div class=\"wpb_column vc_column_container vc_col-sm-3 mpc-column\" data-column-id=\"mpc_column-7169f76ac5da37a\"><div class=\"vc_column-inner\"><div class=\"wpb_wrapper\">\n\t<div class=\"wpb_raw_code wpb_raw_html wpb_content_element vc_custom_1619036887747\">\n\t\t<div class=\"wpb_wrapper\">\n\t\t\t<p style=\"font-size:13px;color:#444;margin-left:10px;\"><svg width=\"16\" style=\"vertical-align: -10%;margin-right:10px;\" xmlns=\"http:\/\/www.w3.org\/2000\/svg\" viewbox=\"0 0 81.68 81.67\"><defs><style>.cls-1{fill:#7ec58e;}.cls-2{fill:#fff;}<\/style><\/defs><path class=\"cls-1\" d=\"M40.84,0A40.84,40.84,0,1,0,81.68,40.84,40.83,40.83,0,0,0,40.84,0Z\"><\/path><g id=\"done\"><g id=\"check-circle-outline\"><polygon class=\"cls-2\" points=\"18.69 39.75 13.55 44.89 30.07 61.41 66.79 24.69 61.65 19.55 30.07 51.13 18.69 39.75\"><\/polygon><\/g><\/g><\/svg>SIN REGISTROS<\/p>\n\t\t<\/div>\n\t<\/div>\n\n\t<div class=\"wpb_raw_code wpb_raw_html wpb_content_element vc_custom_1646323922298\">\n\t\t<div class=\"wpb_wrapper\">\n\t\t\t<p style=\"font-size:13px;color:#444;margin-left:10px;\"><svg width=\"16\" style=\"vertical-align: -10%;margin-right:10px;\" xmlns=\"http:\/\/www.w3.org\/2000\/svg\" viewbox=\"0 0 81.68 81.67\"><defs><style>.cls-1{fill:#7ec58e;}.cls-2{fill:#fff;}<\/style><\/defs><path class=\"cls-1\" d=\"M40.84,0A40.84,40.84,0,1,0,81.68,40.84,40.83,40.83,0,0,0,40.84,0Z\"><\/path><g id=\"done\"><g id=\"check-circle-outline\"><polygon class=\"cls-2\" points=\"18.69 39.75 13.55 44.89 30.07 61.41 66.79 24.69 61.65 19.55 30.07 51.13 18.69 39.75\"><\/polygon><\/g><\/g><\/svg>SERVIDORES EN 100 UBICACIONES<\/p>\n\t\t<\/div>\n\t<\/div>\n<\/div><\/div><\/div><div class=\"wpb_column vc_column_container vc_col-sm-3 mpc-column\" data-column-id=\"mpc_column-6969f76ac5da6c2\"><div class=\"vc_column-inner\"><div class=\"wpb_wrapper\">\n\t<div class=\"wpb_raw_code wpb_raw_html wpb_content_element vc_custom_1619036901882\">\n\t\t<div class=\"wpb_wrapper\">\n\t\t\t<p style=\"font-size:13px;color:#444;text-transform: uppercase;margin-left:10px;\"><svg width=\"16\" style=\"vertical-align: -10%;margin-right:10px;\" xmlns=\"http:\/\/www.w3.org\/2000\/svg\" viewbox=\"0 0 81.68 81.67\"><defs><style>.cls-1{fill:#7ec58e;}.cls-2{fill:#fff;}<\/style><\/defs><path class=\"cls-1\" d=\"M40.84,0A40.84,40.84,0,1,0,81.68,40.84,40.83,40.83,0,0,0,40.84,0Z\"><\/path><g id=\"done\"><g id=\"check-circle-outline\"><polygon class=\"cls-2\" points=\"18.69 39.75 13.55 44.89 30.07 61.41 66.79 24.69 61.65 19.55 30.07 51.13 18.69 39.75\"><\/polygon><\/g><\/g><\/svg>P2P PERMITIDO<\/p>\n\t\t<\/div>\n\t<\/div>\n\n\t<div class=\"wpb_raw_code wpb_raw_html wpb_content_element vc_custom_1619036909286\">\n\t\t<div class=\"wpb_wrapper\">\n\t\t\t<p style=\"font-size:13px;color:#444;text-transform: uppercase;margin-left:10px;\"><svg width=\"16\" style=\"vertical-align: -10%;margin-right:10px;\" xmlns=\"http:\/\/www.w3.org\/2000\/svg\" viewbox=\"0 0 81.68 81.67\"><defs><style>.cls-1{fill:#7ec58e;}.cls-2{fill:#fff;}<\/style><\/defs><path class=\"cls-1\" d=\"M40.84,0A40.84,40.84,0,1,0,81.68,40.84,40.83,40.83,0,0,0,40.84,0Z\"><\/path><g id=\"done\"><g id=\"check-circle-outline\"><polygon class=\"cls-2\" points=\"18.69 39.75 13.55 44.89 30.07 61.41 66.79 24.69 61.65 19.55 30.07 51.13 18.69 39.75\"><\/polygon><\/g><\/g><\/svg>F&Aacute;CIL DE USAR<\/p>\n\t\t<\/div>\n\t<\/div>\n<\/div><\/div><\/div><div class=\"wpb_column vc_column_container vc_col-sm-3 mpc-column\" data-column-id=\"mpc_column-8869f76ac5da9b3\"><div class=\"vc_column-inner\"><div class=\"wpb_wrapper\">\n\t<div class=\"wpb_raw_code wpb_raw_html wpb_content_element vc_custom_1622662170871\">\n\t\t<div class=\"wpb_wrapper\">\n\t\t\t<p style=\"font-size:13px;color:#444;text-transform: uppercase;margin-left:10px;\"><svg width=\"16\" style=\"vertical-align: -10%;margin-right:10px;\" xmlns=\"http:\/\/www.w3.org\/2000\/svg\" viewbox=\"0 0 81.68 81.67\"><defs><style>.cls-1{fill:#7ec58e;}.cls-2{fill:#fff;}<\/style><\/defs><path class=\"cls-1\" d=\"M40.84,0A40.84,40.84,0,1,0,81.68,40.84,40.83,40.83,0,0,0,40.84,0Z\"><\/path><g id=\"done\"><g id=\"check-circle-outline\"><polygon class=\"cls-2\" points=\"18.69 39.75 13.55 44.89 30.07 61.41 66.79 24.69 61.65 19.55 30.07 51.13 18.69 39.75\"><\/polygon><\/g><\/g><\/svg>30 D&Iacute;AS DE GARANT&Iacute;A DE REEMBOLSO<\/p>\n\t\t<\/div>\n\t<\/div>\n\n\t<div class=\"wpb_raw_code wpb_raw_html wpb_content_element vc_custom_1619036922880\">\n\t\t<div class=\"wpb_wrapper\">\n\t\t\t<p style=\"font-size:13px;color:#444;text-transform: uppercase;margin-left:10px;\"><svg width=\"16\" style=\"vertical-align: -10%;margin-right:10px;\" xmlns=\"http:\/\/www.w3.org\/2000\/svg\" viewbox=\"0 0 81.68 81.67\"><defs><style>.cls-1{fill:#7ec58e;}.cls-2{fill:#fff;}<\/style><\/defs><path class=\"cls-1\" d=\"M40.84,0A40.84,40.84,0,1,0,81.68,40.84,40.83,40.83,0,0,0,40.84,0Z\"><\/path><g id=\"done\"><g id=\"check-circle-outline\"><polygon class=\"cls-2\" points=\"18.69 39.75 13.55 44.89 30.07 61.41 66.79 24.69 61.65 19.55 30.07 51.13 18.69 39.75\"><\/polygon><\/g><\/g><\/svg>SOPORTE AMABLE<\/p>\n\t\t<\/div>\n\t<\/div>\n<\/div><\/div><\/div><div class=\"wpb_column vc_column_container vc_col-sm-3 mpc-column\" data-column-id=\"mpc_column-3369f76ac5dac78\"><div class=\"vc_column-inner\"><div class=\"wpb_wrapper\">\n\t<div class=\"wpb_raw_code wpb_raw_html wpb_content_element vc_custom_1619036930743\">\n\t\t<div class=\"wpb_wrapper\">\n\t\t\t<p style=\"font-size:13px;color:#444;text-transform: uppercase;margin-left:10px;\"><svg width=\"16\" style=\"vertical-align: -10%;margin-right:10px;\" xmlns=\"http:\/\/www.w3.org\/2000\/svg\" viewbox=\"0 0 81.68 81.67\"><defs><style>.cls-1{fill:#7ec58e;}.cls-2{fill:#fff;}<\/style><\/defs><path class=\"cls-1\" d=\"M40.84,0A40.84,40.84,0,1,0,81.68,40.84,40.83,40.83,0,0,0,40.84,0Z\"><\/path><g id=\"done\"><g id=\"check-circle-outline\"><polygon class=\"cls-2\" points=\"18.69 39.75 13.55 44.89 30.07 61.41 66.79 24.69 61.65 19.55 30.07 51.13 18.69 39.75\"><\/polygon><\/g><\/g><\/svg>ACEPTA BITCOIN<\/p>\n\t\t<\/div>\n\t<\/div>\n\n\t<div class=\"wpb_raw_code wpb_raw_html wpb_content_element vc_custom_1624954235100\">\n\t\t<div class=\"wpb_wrapper\">\n\t\t\t<p style=\"font-size:13px;color:#444;text-transform: uppercase;margin-left:10px;\"><svg width=\"16\" style=\"vertical-align: -10%;margin-right:10px;\" xmlns=\"http:\/\/www.w3.org\/2000\/svg\" viewbox=\"0 0 81.68 81.67\"><defs><style>.cls-1{fill:#7ec58e;}.cls-2{fill:#fff;}<\/style><\/defs><path class=\"cls-1\" d=\"M40.84,0A40.84,40.84,0,1,0,81.68,40.84,40.83,40.83,0,0,0,40.84,0Z\"><\/path><g id=\"done\"><g id=\"check-circle-outline\"><polygon class=\"cls-2\" points=\"18.69 39.75 13.55 44.89 30.07 61.41 66.79 24.69 61.65 19.55 30.07 51.13 18.69 39.75\"><\/polygon><\/g><\/g><\/svg>VELOCIDADES ULTRA VELOCES<\/p>\n\t\t<\/div>\n\t<\/div>\n<\/div><\/div><\/div><\/div><\/div><\/div><\/div><\/div><div class=\"vc_row wpb_row vc_row-fluid mpc-row\"><div class=\"wpb_column vc_column_container vc_col-sm-12 mpc-column\" data-column-id=\"mpc_column-3169f76ac5dba7c\"><div class=\"vc_column-inner\"><div class=\"wpb_wrapper\"><\/div><\/div><\/div><\/div>\r\n<\/div>[\/vc_column][\/vc_row]<\/p>\n[vc_row][vc_column]<div class=\"templatera_shortcode\"><div class=\"vc_row wpb_row vc_row-fluid mpc-row\"><div class=\"wpb_column vc_column_container vc_col-sm-12 mpc-column\" data-column-id=\"mpc_column-4869f76ac5dd84f\"><div class=\"vc_column-inner\"><div class=\"wpb_wrapper\"><div data-id=\"mpc_callout-4269f76ac5dc5f6\" class=\"mpc-callout mpc-init mpc-callout--style_1 \"><div class=\"mpc-callout__icon-wrap mpc-icon--image\"><div class=\"mpc-callout__icon\"><i class=\"mpc-transition \"><img decoding=\"async\" class=\"\" src=\"https:\/\/www.le-vpn.com\/es\/wp-content\/uploads\/2025\/09\/exclusive-deal.png\" width=\"100\" height=\"100\" alt=\"exclusive-deal\" title=\"exclusive-deal\" loading=\"lazy\"><\/i><\/div><\/div><div class=\"mpc-callout__content\"><h3 class=\"mpc-callout__heading mpc-typography--preset_1\">OFERTA EXCLUSIVA<\/h3><div data-id=\"mpc_divider-669f76ac5dc693\" class=\"mpc-divider-wrap\"><div class=\"mpc-divider mpc-init mpc-align--center mpc-disable--left \"><div class=\"mpc-divider__line mpc-side--left\"><span><\/span><\/div><div class=\"mpc-divider__line mpc-side--right\"><span><\/span><\/div><\/div><\/div><div class=\"mpc-callout__description mpc-typography--preset_0\"><p style=\"padding-right: 20px;\">-78% EN PLANES DE 3 A&Ntilde;OS<\/p>\n<\/div><\/div><div class=\"mpc-callout__button\"><a href=\"https:\/\/www.le-vpn.com\/es\/comprar-vpn\/\" title=\"\" data-id=\"mpc_button-5669f76ac5dc65e\" class=\"mpc-button mpc-init mpc-transition mpc-typography--preset_1 \"><div class=\"mpc-button__content mpc-effect-type--none mpc-effect-side--none\"><span class=\"mpc-button__title mpc-transition\">APROVECHA<\/span><\/div><div class=\"mpc-button__background mpc-transition mpc-effect-type--fade mpc-effect-side--in\"><\/div><\/a><\/div><\/div><div class=\"vc_row wpb_row vc_inner vc_row-fluid mpc-row\"><div class=\"wpb_column vc_column_container vc_col-sm-3 mpc-column\" data-column-id=\"mpc_column-369f76ac5dca65\"><div class=\"vc_column-inner\"><div class=\"wpb_wrapper\">\n\t<div class=\"wpb_raw_code wpb_raw_html wpb_content_element vc_custom_1619037373801\">\n\t\t<div class=\"wpb_wrapper\">\n\t\t\t<p style=\"font-size:12px;color:#444;margin-left:10px;\"><svg width=\"16\" style=\"vertical-align: -10%;margin-right:10px;\" xmlns=\"http:\/\/www.w3.org\/2000\/svg\" viewbox=\"0 0 81.68 81.67\"><defs><style>.cls-1{fill:#7ec58e;}.cls-2{fill:#fff;}<\/style><\/defs><path class=\"cls-1\" d=\"M40.84,0A40.84,40.84,0,1,0,81.68,40.84,40.83,40.83,0,0,0,40.84,0Z\"><\/path><g id=\"done\"><g id=\"check-circle-outline\"><polygon class=\"cls-2\" points=\"18.69 39.75 13.55 44.89 30.07 61.41 66.79 24.69 61.65 19.55 30.07 51.13 18.69 39.75\"><\/polygon><\/g><\/g><\/svg>SIN REGISTROS<\/p>\n\t\t<\/div>\n\t<\/div>\n\n\t<div class=\"wpb_raw_code wpb_raw_html wpb_content_element vc_custom_1646323796922\">\n\t\t<div class=\"wpb_wrapper\">\n\t\t\t<p style=\"font-size:12px;color:#444;margin-left:10px;\"><svg width=\"16\" style=\"vertical-align: -10%;margin-right:10px;\" xmlns=\"http:\/\/www.w3.org\/2000\/svg\" viewbox=\"0 0 81.68 81.67\"><defs><style>.cls-1{fill:#7ec58e;}.cls-2{fill:#fff;}<\/style><\/defs><path class=\"cls-1\" d=\"M40.84,0A40.84,40.84,0,1,0,81.68,40.84,40.83,40.83,0,0,0,40.84,0Z\"><\/path><g id=\"done\"><g id=\"check-circle-outline\"><polygon class=\"cls-2\" points=\"18.69 39.75 13.55 44.89 30.07 61.41 66.79 24.69 61.65 19.55 30.07 51.13 18.69 39.75\"><\/polygon><\/g><\/g><\/svg>SERVIDORES EN 100 UBICACIONES<\/p>\n\t\t<\/div>\n\t<\/div>\n<\/div><\/div><\/div><div class=\"wpb_column vc_column_container vc_col-sm-3 mpc-column\" data-column-id=\"mpc_column-4069f76ac5dcd57\"><div class=\"vc_column-inner\"><div class=\"wpb_wrapper\">\n\t<div class=\"wpb_raw_code wpb_raw_html wpb_content_element vc_custom_1619037390158\">\n\t\t<div class=\"wpb_wrapper\">\n\t\t\t<p style=\"font-size:12px;color:#444;text-transform: uppercase;margin-left:10px;\"><svg width=\"16\" style=\"vertical-align: -10%;margin-right:10px;\" xmlns=\"http:\/\/www.w3.org\/2000\/svg\" viewbox=\"0 0 81.68 81.67\"><defs><style>.cls-1{fill:#7ec58e;}.cls-2{fill:#fff;}<\/style><\/defs><path class=\"cls-1\" d=\"M40.84,0A40.84,40.84,0,1,0,81.68,40.84,40.83,40.83,0,0,0,40.84,0Z\"><\/path><g id=\"done\"><g id=\"check-circle-outline\"><polygon class=\"cls-2\" points=\"18.69 39.75 13.55 44.89 30.07 61.41 66.79 24.69 61.65 19.55 30.07 51.13 18.69 39.75\"><\/polygon><\/g><\/g><\/svg>P2P PERMITIDO<\/p>\n\t\t<\/div>\n\t<\/div>\n\n\t<div class=\"wpb_raw_code wpb_raw_html wpb_content_element vc_custom_1619037398008\">\n\t\t<div class=\"wpb_wrapper\">\n\t\t\t<p style=\"font-size:12px;color:#444;text-transform: uppercase;margin-left:10px;\"><svg width=\"16\" style=\"vertical-align: -10%;margin-right:10px;\" xmlns=\"http:\/\/www.w3.org\/2000\/svg\" viewbox=\"0 0 81.68 81.67\"><defs><style>.cls-1{fill:#7ec58e;}.cls-2{fill:#fff;}<\/style><\/defs><path class=\"cls-1\" d=\"M40.84,0A40.84,40.84,0,1,0,81.68,40.84,40.83,40.83,0,0,0,40.84,0Z\"><\/path><g id=\"done\"><g id=\"check-circle-outline\"><polygon class=\"cls-2\" points=\"18.69 39.75 13.55 44.89 30.07 61.41 66.79 24.69 61.65 19.55 30.07 51.13 18.69 39.75\"><\/polygon><\/g><\/g><\/svg>F&Aacute;CIL DE USAR<\/p>\n\t\t<\/div>\n\t<\/div>\n<\/div><\/div><\/div><div class=\"wpb_column vc_column_container vc_col-sm-3 mpc-column\" data-column-id=\"mpc_column-3269f76ac5dd020\"><div class=\"vc_column-inner\"><div class=\"wpb_wrapper\">\n\t<div class=\"wpb_raw_code wpb_raw_html wpb_content_element vc_custom_1622662058202\">\n\t\t<div class=\"wpb_wrapper\">\n\t\t\t<p style=\"font-size:12px;color:#444;text-transform: uppercase;margin-left:10px;\"><svg width=\"16\" style=\"vertical-align: -10%;margin-right:10px;\" xmlns=\"http:\/\/www.w3.org\/2000\/svg\" viewbox=\"0 0 81.68 81.67\"><defs><style>.cls-1{fill:#7ec58e;}.cls-2{fill:#fff;}<\/style><\/defs><path class=\"cls-1\" d=\"M40.84,0A40.84,40.84,0,1,0,81.68,40.84,40.83,40.83,0,0,0,40.84,0Z\"><\/path><g id=\"done\"><g id=\"check-circle-outline\"><polygon class=\"cls-2\" points=\"18.69 39.75 13.55 44.89 30.07 61.41 66.79 24.69 61.65 19.55 30.07 51.13 18.69 39.75\"><\/polygon><\/g><\/g><\/svg>30 D&Iacute;AS DE GARANT&Iacute;A<\/p>\n\t\t<\/div>\n\t<\/div>\n\n\t<div class=\"wpb_raw_code wpb_raw_html wpb_content_element vc_custom_1619037416990\">\n\t\t<div class=\"wpb_wrapper\">\n\t\t\t<p style=\"font-size:12px;color:#444;text-transform: uppercase;margin-left:10px;\"><svg width=\"16\" style=\"vertical-align: -10%;margin-right:10px;\" xmlns=\"http:\/\/www.w3.org\/2000\/svg\" viewbox=\"0 0 81.68 81.67\"><defs><style>.cls-1{fill:#7ec58e;}.cls-2{fill:#fff;}<\/style><\/defs><path class=\"cls-1\" d=\"M40.84,0A40.84,40.84,0,1,0,81.68,40.84,40.83,40.83,0,0,0,40.84,0Z\"><\/path><g id=\"done\"><g id=\"check-circle-outline\"><polygon class=\"cls-2\" points=\"18.69 39.75 13.55 44.89 30.07 61.41 66.79 24.69 61.65 19.55 30.07 51.13 18.69 39.75\"><\/polygon><\/g><\/g><\/svg>SOPORTE AMABLE<\/p>\n\t\t<\/div>\n\t<\/div>\n<\/div><\/div><\/div><div class=\"wpb_column vc_column_container vc_col-sm-3 mpc-column\" data-column-id=\"mpc_column-4069f76ac5dd2cf\"><div class=\"vc_column-inner\"><div class=\"wpb_wrapper\">\n\t<div class=\"wpb_raw_code wpb_raw_html wpb_content_element vc_custom_1619037425450\">\n\t\t<div class=\"wpb_wrapper\">\n\t\t\t<p style=\"font-size:12px;color:#444;text-transform: uppercase;margin-left:10px;\"><svg width=\"16\" style=\"vertical-align: -10%;margin-right:10px;\" xmlns=\"http:\/\/www.w3.org\/2000\/svg\" viewbox=\"0 0 81.68 81.67\"><defs><style>.cls-1{fill:#7ec58e;}.cls-2{fill:#fff;}<\/style><\/defs><path class=\"cls-1\" d=\"M40.84,0A40.84,40.84,0,1,0,81.68,40.84,40.83,40.83,0,0,0,40.84,0Z\"><\/path><g id=\"done\"><g id=\"check-circle-outline\"><polygon class=\"cls-2\" points=\"18.69 39.75 13.55 44.89 30.07 61.41 66.79 24.69 61.65 19.55 30.07 51.13 18.69 39.75\"><\/polygon><\/g><\/g><\/svg>ACEPTA BITCOIN<\/p>\n\t\t<\/div>\n\t<\/div>\n\n\t<div class=\"wpb_raw_code wpb_raw_html wpb_content_element vc_custom_1619037434475\">\n\t\t<div class=\"wpb_wrapper\">\n\t\t\t<p style=\"font-size:11px;color:#444;text-transform: uppercase;margin-left:10px;\"><svg width=\"16\" style=\"vertical-align: -10%;margin-right:10px;\" xmlns=\"http:\/\/www.w3.org\/2000\/svg\" viewbox=\"0 0 81.68 81.67\"><defs><style>.cls-1{fill:#7ec58e;}.cls-2{fill:#fff;}<\/style><\/defs><path class=\"cls-1\" d=\"M40.84,0A40.84,40.84,0,1,0,81.68,40.84,40.83,40.83,0,0,0,40.84,0Z\"><\/path><g id=\"done\"><g id=\"check-circle-outline\"><polygon class=\"cls-2\" points=\"18.69 39.75 13.55 44.89 30.07 61.41 66.79 24.69 61.65 19.55 30.07 51.13 18.69 39.75\"><\/polygon><\/g><\/g><\/svg>VELOCIDADES ULTRA VELOCES<\/p>\n\t\t<\/div>\n\t<\/div>\n<\/div><\/div><\/div><\/div><\/div><\/div><\/div><\/div><div class=\"vc_row wpb_row vc_row-fluid mpc-row\"><div class=\"wpb_column vc_column_container vc_col-sm-12 mpc-column\" data-column-id=\"mpc_column-1069f76ac5ddf52\"><div class=\"vc_column-inner\"><div class=\"wpb_wrapper\"><\/div><\/div><\/div><\/div>\r\n<\/div>[\/vc_column][\/vc_row]<\/div>","protected":false},"excerpt":{"rendered":"<p>OFERTA EXCLUSIVA-78% EN PLANES DE 3 A&Ntilde;OS APROVECHA SIN REGISTROS SERVIDORES EN 100 UBICACIONES P2P PERMITIDO F&Aacute;CIL DE USAR 30 D&Iacute;AS DE GARANT&Iacute;A SOPORTE AMABLE ACEPTA BITCOIN VELOCIDADES ULTRA VELOCES<\/p>\n","protected":false},"author":6,"featured_media":0,"parent":0,"menu_order":0,"comment_status":"closed","ping_status":"open","template":"","meta":{"footnotes":""},"yst_prominent_words":[810,754,915,1421,787,2200,1416,2931,703,1420,741,2177,2935,2201,2203,2199,1289,2202,2186,2171],"class_list":["post-7346","page","type-page","status-publish","hentry"],"_links":{"self":[{"href":"https:\/\/www.le-vpn.com\/es\/wp-json\/wp\/v2\/pages\/7346","targetHints":{"allow":["GET"]}}],"collection":[{"href":"https:\/\/www.le-vpn.com\/es\/wp-json\/wp\/v2\/pages"}],"about":[{"href":"https:\/\/www.le-vpn.com\/es\/wp-json\/wp\/v2\/types\/page"}],"author":[{"embeddable":true,"href":"https:\/\/www.le-vpn.com\/es\/wp-json\/wp\/v2\/users\/6"}],"replies":[{"embeddable":true,"href":"https:\/\/www.le-vpn.com\/es\/wp-json\/wp\/v2\/comments?post=7346"}],"version-history":[{"count":7,"href":"https:\/\/www.le-vpn.com\/es\/wp-json\/wp\/v2\/pages\/7346\/revisions"}],"predecessor-version":[{"id":11490,"href":"https:\/\/www.le-vpn.com\/es\/wp-json\/wp\/v2\/pages\/7346\/revisions\/11490"}],"wp:attachment":[{"href":"https:\/\/www.le-vpn.com\/es\/wp-json\/wp\/v2\/media?parent=7346"}],"wp:term":[{"taxonomy":"yst_prominent_words","embeddable":true,"href":"https:\/\/www.le-vpn.com\/es\/wp-json\/wp\/v2\/yst_prominent_words?post=7346"}],"curies":[{"name":"wp","href":"https:\/\/api.w.org\/{rel}","templated":true}]}}