{"id":7338,"date":"2015-06-09T10:20:36","date_gmt":"2015-06-09T10:20:36","guid":{"rendered":"https:\/\/www.le-vpn.com\/es\/?page_id=7338"},"modified":"2017-11-16T11:21:57","modified_gmt":"2017-11-16T11:21:57","slug":"l2tp-ipsec-protocolo-vpn","status":"publish","type":"page","link":"https:\/\/www.le-vpn.com\/es\/l2tp-ipsec-protocolo-vpn\/","title":{"rendered":"L2TP \/ IPSec"},"content":{"rendered":"<div class=\"wpb-content-wrapper\"><p>[vc_row css=&#8221;.vc_custom_1501782383964{margin-right: 5px !important;margin-bottom: 30px !important;margin-left: 5px !important;}&#8221;][vc_column]<div id=\"mpc_textblock-5069d26c22651cf\" class=\"mpc-textblock mpc-init mpc-typography--preset_0 \"><p>El<strong> Protocolo de Layer 2 Tunneling Protocol (L2TP)\u00a0<\/strong>es un protocolo de t\u00fanel utilizado para soportar la red virtual privada (VPN) o como parte de un servicio de entrega por ISPs. No provee ning\u00fan servicio de encriptaci\u00f3n o confidencialidad por s\u00ed mismo.<\/p>\n<p><img decoding=\"async\" class=\"alignright\" src=\"\/wp-content\/uploads\/2013\/07\/l2tp.png\" \/>Se basa en un protocolo de encriptaci\u00f3n (como IPSec) que pasa a trav\u00e9s del t\u00fanel para proveer privacidad. (Fuente: Wikipedia)<\/p>\n<p><strong>Internet Protocol Security (IPSec)\u00a0<\/strong>es una suite de protocolos tecnol\u00f3gicos para asegurar las comunicaciones IP, autentifica y encripta cada uno de los paquetes IP de una sesi\u00f3n de comunicaci\u00f3n. IPSec tambi\u00e9n incluye protocolos para establecer procesos de autentificaci\u00f3n mutua entre los agentes al comienzo de cada sesi\u00f3n y la negociaci\u00f3n de claves criptogr\u00e1ficas para ser usadas durante la sesi\u00f3n.<\/p>\n<\/div>[\/vc_column][\/vc_row][vc_row][vc_column][vc_custom_heading text=&#8221;\u00bfCu\u00e1les son las ventajas y desventajas del protocolo LSTP sobre IPSec?&#8221; font_container=&#8221;tag:h2|text_align:center&#8221; google_fonts=&#8221;font_family:Oswald%3A300%2Cregular%2C700|font_style:300%20light%20regular%3A300%3Anormal&#8221; css=&#8221;.vc_custom_1509094653949{margin-top: 0px !important;margin-right: 10px !important;margin-bottom: 0px !important;margin-left: 10px !important;}&#8221;]<div data-id=\"mpc_divider-8969d26c2265260\" class=\"mpc-divider-wrap\"><div class=\"mpc-divider mpc-init mpc-align--center mpc-disable--left \" ><div class=\"mpc-divider__line mpc-side--left\"><span><\/span><\/div><div class=\"mpc-divider__line mpc-side--right\"><span><\/span><\/div><\/div><\/div>[\/vc_column][\/vc_row][vc_row css=&#8221;.vc_custom_1500993454217{margin-top: 60px !important;margin-bottom: 60px !important;}&#8221;][vc_column width=&#8221;1\/2&#8243;]<div data-id=\"mpc_icon_column-4769d26c22652cd\" class=\"mpc-icon-column mpc-init mpc-parent-hover mpc-transition mpc-icon-column--style_2 mpc-align--center \" ><div data-id=\"mpc_icon-2969d26c226530f\" class=\"mpc-icon mpc-init mpc-transition mpc-effect-slide-up mpc-icon-hover \"><div class=\"mpc-icon-wrap\"><i class=\"mpc-icon-part mpc-regular mpc-transition  fa fa-thumbs-o-up\"><\/i><i class=\"mpc-icon-part mpc-hover mpc-transition  fa fa-thumbs-o-up\"><\/i><\/div><\/div><div class=\"mpc-icon-column__content-wrap\"><div class=\"mpc-icon-column__content\"><h3 class=\"mpc-icon-column__heading mpc-typography--preset_1 mpc-transition\">VENTAJAS:<\/h3><div class=\"mpc-icon-column__description mpc-typography--preset_0 mpc-transition\"><p>El protocolo L2TP\/IPSec es f\u00e1cil de configurar en su laptop, computador o dispositivo m\u00f3vil. Tambi\u00e9n es uno de los mejores protocolos VPN para evadir las restricciones de las redes y de los proveedores de Internet.<\/p>\n<\/div><\/div><\/div><\/div>[\/vc_column][vc_column width=&#8221;1\/2&#8243;]<div data-id=\"mpc_icon_column-8969d26c22653a1\" class=\"mpc-icon-column mpc-init mpc-parent-hover mpc-transition mpc-icon-column--style_2 mpc-align--center \" ><div data-id=\"mpc_icon-1169d26c22653ee\" class=\"mpc-icon mpc-init mpc-transition mpc-effect-slide-up mpc-icon-hover \"><div class=\"mpc-icon-wrap\"><i class=\"mpc-icon-part mpc-regular mpc-transition  fa fa-thumbs-o-down\"><\/i><i class=\"mpc-icon-part mpc-hover mpc-transition  fa fa-thumbs-o-down\"><\/i><\/div><\/div><div class=\"mpc-icon-column__content-wrap\"><div class=\"mpc-icon-column__content\"><h3 class=\"mpc-icon-column__heading mpc-typography--preset_1 mpc-transition\">DESVENTAJAS:<\/h3><div class=\"mpc-icon-column__description mpc-typography--preset_0 mpc-transition\"><p>Es posible experimentar velocidades m\u00e1s lentas con una conexi\u00f3n L2TP VPN. El L2TP\/IPSec tambi\u00e9n puede ser bloqueado f\u00e1cilmente por algunos proveedores de Internet.<\/p>\n<\/div><\/div><\/div><\/div>[\/vc_column][\/vc_row][vc_row css=&#8221;.vc_custom_1501782234507{margin-right: 5px !important;margin-bottom: 30px !important;margin-left: 5px !important;}&#8221;][vc_column]<div id=\"mpc_textblock-9969d26c226544c\" class=\"mpc-textblock mpc-init \"><p>Para configurar el protocolo de OpenVPN por Le VPN, por favor siga las instrucciones de instalaci\u00f3n que se encuentran en nuestra <a href=\"https:\/\/www.le-vpn.com\/es\/empieza-a-utilizar-le-vpn\/\">base de conocimientos.<\/a><\/p>\n<\/div>[\/vc_column][\/vc_row][vc_row][vc_column]<a href=\"https:\/\/www.le-vpn.com\/es\/protocolos-de-le-vpn\/\" title=\"\"  data-id=\"mpc_button-2369d26c22654bd\" class=\"mpc-button mpc-init mpc-transition mpc-typography--preset_1 \" ><div class=\"mpc-button__content mpc-effect-type--none mpc-effect-side--none\"><span class=\"mpc-button__title mpc-transition\">LE VPN PROTOCOLOS<\/span><\/div><div class=\"mpc-button__background mpc-transition mpc-effect-type--expand mpc-effect-side--horizontal\"><\/div><\/a>[\/vc_column][\/vc_row][vc_row][vc_column]<a href=\"https:\/\/www.le-vpn.com\/es\/openvpn-protocolo-vpn\/\" title=\"\"  data-id=\"mpc_button-2969d26c2265518\" class=\"mpc-button mpc-init mpc-transition mpc-typography--preset_1 \" ><div class=\"mpc-button__content mpc-effect-type--none mpc-effect-side--none\"><span class=\"mpc-button__title mpc-transition\">OPENVPN<\/span><\/div><div class=\"mpc-button__background mpc-transition mpc-effect-type--expand mpc-effect-side--horizontal\"><\/div><\/a>[\/vc_column][\/vc_row][vc_row][vc_column]<a href=\"https:\/\/www.le-vpn.com\/es\/hybridvpn-por-le-vpn\/\" title=\"\"  data-id=\"mpc_button-3969d26c226555d\" class=\"mpc-button mpc-init mpc-transition mpc-typography--preset_1 \" ><div class=\"mpc-button__content mpc-effect-type--none mpc-effect-side--none\"><span class=\"mpc-button__title mpc-transition\">HybridVPN<\/span><\/div><div class=\"mpc-button__background mpc-transition mpc-effect-type--expand mpc-effect-side--horizontal\"><\/div><\/a>[\/vc_column][\/vc_row][vc_row css=&#8221;.vc_custom_1501783017300{margin-bottom: 30px !important;}&#8221;][vc_column]<a href=\"https:\/\/www.le-vpn.com\/es\/pptp-protocolo-vpn\/\" title=\"\"  data-id=\"mpc_button-3669d26c2265597\" class=\"mpc-button mpc-init mpc-transition mpc-typography--preset_1 \" ><div class=\"mpc-button__content mpc-effect-type--none mpc-effect-side--none\"><span class=\"mpc-button__title mpc-transition\">PPTP<\/span><\/div><div class=\"mpc-button__background mpc-transition mpc-effect-type--expand mpc-effect-side--horizontal\"><\/div><\/a>[\/vc_column][\/vc_row][vc_row][vc_column]<div class=\"templatera_shortcode\"><div class=\"vc_row wpb_row vc_row-fluid mpc-row\"><div class=\"wpb_column vc_column_container vc_col-sm-12 mpc-column\" data-column-id=\"mpc_column-1169d26c226978c\"><div class=\"vc_column-inner\"><div class=\"wpb_wrapper\"><div data-id=\"mpc_callout-5169d26c2267f14\" class=\"mpc-callout mpc-init mpc-callout--style_1 \"><div class=\"mpc-callout__icon-wrap mpc-icon--image\"><div class=\"mpc-callout__icon\"><i class=\"mpc-transition \"><img decoding=\"async\" class=\"\" src=\"https:\/\/www.le-vpn.com\/es\/wp-content\/uploads\/2025\/09\/exclusive-deal.png\" width=\"100\" height=\"100\" alt=\"exclusive-deal\" title=\"exclusive-deal\" loading=\"lazy\"><\/i><\/div><\/div><div class=\"mpc-callout__content\"><h3 class=\"mpc-callout__heading mpc-typography--preset_1\">OFERTA EXCLUSIVA<\/h3><div data-id=\"mpc_divider-5869d26c2267fb2\" class=\"mpc-divider-wrap\"><div class=\"mpc-divider mpc-init mpc-align--center mpc-disable--left \"><div class=\"mpc-divider__line mpc-side--left\"><span><\/span><\/div><div class=\"mpc-divider__line mpc-side--right\"><span><\/span><\/div><\/div><\/div><div class=\"mpc-callout__description mpc-typography--preset_0\"><p style=\"padding-right: 20px;\">-78% EN PLANES DE 3 A&Ntilde;OS<\/p>\n<\/div><\/div><div class=\"mpc-callout__button\"><a href=\"https:\/\/www.le-vpn.com\/es\/comprar-vpn\/\" title=\"\" data-id=\"mpc_button-9769d26c2267f79\" class=\"mpc-button mpc-init mpc-transition mpc-typography--preset_1 \"><div class=\"mpc-button__content mpc-effect-type--none mpc-effect-side--none\"><span class=\"mpc-button__title mpc-transition\">APROVECHA<\/span><\/div><div class=\"mpc-button__background mpc-transition mpc-effect-type--fade mpc-effect-side--in\"><\/div><\/a><\/div><\/div><div class=\"vc_row wpb_row vc_inner vc_row-fluid mpc-row\"><div class=\"wpb_column vc_column_container vc_col-sm-3 mpc-column\" data-column-id=\"mpc_column-5969d26c2268859\"><div class=\"vc_column-inner\"><div class=\"wpb_wrapper\">\n\t<div class=\"wpb_raw_code wpb_raw_html wpb_content_element vc_custom_1619036887747\">\n\t\t<div class=\"wpb_wrapper\">\n\t\t\t<p style=\"font-size:13px;color:#444;margin-left:10px;\"><svg width=\"16\" style=\"vertical-align: -10%;margin-right:10px;\" xmlns=\"http:\/\/www.w3.org\/2000\/svg\" viewbox=\"0 0 81.68 81.67\"><defs><style>.cls-1{fill:#7ec58e;}.cls-2{fill:#fff;}<\/style><\/defs><path class=\"cls-1\" d=\"M40.84,0A40.84,40.84,0,1,0,81.68,40.84,40.83,40.83,0,0,0,40.84,0Z\"><\/path><g id=\"done\"><g id=\"check-circle-outline\"><polygon class=\"cls-2\" points=\"18.69 39.75 13.55 44.89 30.07 61.41 66.79 24.69 61.65 19.55 30.07 51.13 18.69 39.75\"><\/polygon><\/g><\/g><\/svg>SIN REGISTROS<\/p>\n\t\t<\/div>\n\t<\/div>\n\n\t<div class=\"wpb_raw_code wpb_raw_html wpb_content_element vc_custom_1646323922298\">\n\t\t<div class=\"wpb_wrapper\">\n\t\t\t<p style=\"font-size:13px;color:#444;margin-left:10px;\"><svg width=\"16\" style=\"vertical-align: -10%;margin-right:10px;\" xmlns=\"http:\/\/www.w3.org\/2000\/svg\" viewbox=\"0 0 81.68 81.67\"><defs><style>.cls-1{fill:#7ec58e;}.cls-2{fill:#fff;}<\/style><\/defs><path class=\"cls-1\" d=\"M40.84,0A40.84,40.84,0,1,0,81.68,40.84,40.83,40.83,0,0,0,40.84,0Z\"><\/path><g id=\"done\"><g id=\"check-circle-outline\"><polygon class=\"cls-2\" points=\"18.69 39.75 13.55 44.89 30.07 61.41 66.79 24.69 61.65 19.55 30.07 51.13 18.69 39.75\"><\/polygon><\/g><\/g><\/svg>SERVIDORES EN 100 UBICACIONES<\/p>\n\t\t<\/div>\n\t<\/div>\n<\/div><\/div><\/div><div class=\"wpb_column vc_column_container vc_col-sm-3 mpc-column\" data-column-id=\"mpc_column-2269d26c2268b89\"><div class=\"vc_column-inner\"><div class=\"wpb_wrapper\">\n\t<div class=\"wpb_raw_code wpb_raw_html wpb_content_element vc_custom_1619036901882\">\n\t\t<div class=\"wpb_wrapper\">\n\t\t\t<p style=\"font-size:13px;color:#444;text-transform: uppercase;margin-left:10px;\"><svg width=\"16\" style=\"vertical-align: -10%;margin-right:10px;\" xmlns=\"http:\/\/www.w3.org\/2000\/svg\" viewbox=\"0 0 81.68 81.67\"><defs><style>.cls-1{fill:#7ec58e;}.cls-2{fill:#fff;}<\/style><\/defs><path class=\"cls-1\" d=\"M40.84,0A40.84,40.84,0,1,0,81.68,40.84,40.83,40.83,0,0,0,40.84,0Z\"><\/path><g id=\"done\"><g id=\"check-circle-outline\"><polygon class=\"cls-2\" points=\"18.69 39.75 13.55 44.89 30.07 61.41 66.79 24.69 61.65 19.55 30.07 51.13 18.69 39.75\"><\/polygon><\/g><\/g><\/svg>P2P PERMITIDO<\/p>\n\t\t<\/div>\n\t<\/div>\n\n\t<div class=\"wpb_raw_code wpb_raw_html wpb_content_element vc_custom_1619036909286\">\n\t\t<div class=\"wpb_wrapper\">\n\t\t\t<p style=\"font-size:13px;color:#444;text-transform: uppercase;margin-left:10px;\"><svg width=\"16\" style=\"vertical-align: -10%;margin-right:10px;\" xmlns=\"http:\/\/www.w3.org\/2000\/svg\" viewbox=\"0 0 81.68 81.67\"><defs><style>.cls-1{fill:#7ec58e;}.cls-2{fill:#fff;}<\/style><\/defs><path class=\"cls-1\" d=\"M40.84,0A40.84,40.84,0,1,0,81.68,40.84,40.83,40.83,0,0,0,40.84,0Z\"><\/path><g id=\"done\"><g id=\"check-circle-outline\"><polygon class=\"cls-2\" points=\"18.69 39.75 13.55 44.89 30.07 61.41 66.79 24.69 61.65 19.55 30.07 51.13 18.69 39.75\"><\/polygon><\/g><\/g><\/svg>F&Aacute;CIL DE USAR<\/p>\n\t\t<\/div>\n\t<\/div>\n<\/div><\/div><\/div><div class=\"wpb_column vc_column_container vc_col-sm-3 mpc-column\" data-column-id=\"mpc_column-6269d26c2268e85\"><div class=\"vc_column-inner\"><div class=\"wpb_wrapper\">\n\t<div class=\"wpb_raw_code wpb_raw_html wpb_content_element vc_custom_1622662170871\">\n\t\t<div class=\"wpb_wrapper\">\n\t\t\t<p style=\"font-size:13px;color:#444;text-transform: uppercase;margin-left:10px;\"><svg width=\"16\" style=\"vertical-align: -10%;margin-right:10px;\" xmlns=\"http:\/\/www.w3.org\/2000\/svg\" viewbox=\"0 0 81.68 81.67\"><defs><style>.cls-1{fill:#7ec58e;}.cls-2{fill:#fff;}<\/style><\/defs><path class=\"cls-1\" d=\"M40.84,0A40.84,40.84,0,1,0,81.68,40.84,40.83,40.83,0,0,0,40.84,0Z\"><\/path><g id=\"done\"><g id=\"check-circle-outline\"><polygon class=\"cls-2\" points=\"18.69 39.75 13.55 44.89 30.07 61.41 66.79 24.69 61.65 19.55 30.07 51.13 18.69 39.75\"><\/polygon><\/g><\/g><\/svg>30 D&Iacute;AS DE GARANT&Iacute;A DE REEMBOLSO<\/p>\n\t\t<\/div>\n\t<\/div>\n\n\t<div class=\"wpb_raw_code wpb_raw_html wpb_content_element vc_custom_1619036922880\">\n\t\t<div class=\"wpb_wrapper\">\n\t\t\t<p style=\"font-size:13px;color:#444;text-transform: uppercase;margin-left:10px;\"><svg width=\"16\" style=\"vertical-align: -10%;margin-right:10px;\" xmlns=\"http:\/\/www.w3.org\/2000\/svg\" viewbox=\"0 0 81.68 81.67\"><defs><style>.cls-1{fill:#7ec58e;}.cls-2{fill:#fff;}<\/style><\/defs><path class=\"cls-1\" d=\"M40.84,0A40.84,40.84,0,1,0,81.68,40.84,40.83,40.83,0,0,0,40.84,0Z\"><\/path><g id=\"done\"><g id=\"check-circle-outline\"><polygon class=\"cls-2\" points=\"18.69 39.75 13.55 44.89 30.07 61.41 66.79 24.69 61.65 19.55 30.07 51.13 18.69 39.75\"><\/polygon><\/g><\/g><\/svg>SOPORTE AMABLE<\/p>\n\t\t<\/div>\n\t<\/div>\n<\/div><\/div><\/div><div class=\"wpb_column vc_column_container vc_col-sm-3 mpc-column\" data-column-id=\"mpc_column-4369d26c2269158\"><div class=\"vc_column-inner\"><div class=\"wpb_wrapper\">\n\t<div class=\"wpb_raw_code wpb_raw_html wpb_content_element vc_custom_1619036930743\">\n\t\t<div class=\"wpb_wrapper\">\n\t\t\t<p style=\"font-size:13px;color:#444;text-transform: uppercase;margin-left:10px;\"><svg width=\"16\" style=\"vertical-align: -10%;margin-right:10px;\" xmlns=\"http:\/\/www.w3.org\/2000\/svg\" viewbox=\"0 0 81.68 81.67\"><defs><style>.cls-1{fill:#7ec58e;}.cls-2{fill:#fff;}<\/style><\/defs><path class=\"cls-1\" d=\"M40.84,0A40.84,40.84,0,1,0,81.68,40.84,40.83,40.83,0,0,0,40.84,0Z\"><\/path><g id=\"done\"><g id=\"check-circle-outline\"><polygon class=\"cls-2\" points=\"18.69 39.75 13.55 44.89 30.07 61.41 66.79 24.69 61.65 19.55 30.07 51.13 18.69 39.75\"><\/polygon><\/g><\/g><\/svg>ACEPTA BITCOIN<\/p>\n\t\t<\/div>\n\t<\/div>\n\n\t<div class=\"wpb_raw_code wpb_raw_html wpb_content_element vc_custom_1624954235100\">\n\t\t<div class=\"wpb_wrapper\">\n\t\t\t<p style=\"font-size:13px;color:#444;text-transform: uppercase;margin-left:10px;\"><svg width=\"16\" style=\"vertical-align: -10%;margin-right:10px;\" xmlns=\"http:\/\/www.w3.org\/2000\/svg\" viewbox=\"0 0 81.68 81.67\"><defs><style>.cls-1{fill:#7ec58e;}.cls-2{fill:#fff;}<\/style><\/defs><path class=\"cls-1\" d=\"M40.84,0A40.84,40.84,0,1,0,81.68,40.84,40.83,40.83,0,0,0,40.84,0Z\"><\/path><g id=\"done\"><g id=\"check-circle-outline\"><polygon class=\"cls-2\" points=\"18.69 39.75 13.55 44.89 30.07 61.41 66.79 24.69 61.65 19.55 30.07 51.13 18.69 39.75\"><\/polygon><\/g><\/g><\/svg>VELOCIDADES ULTRA VELOCES<\/p>\n\t\t<\/div>\n\t<\/div>\n<\/div><\/div><\/div><\/div><\/div><\/div><\/div><\/div><div class=\"vc_row wpb_row vc_row-fluid mpc-row\"><div class=\"wpb_column vc_column_container vc_col-sm-12 mpc-column\" data-column-id=\"mpc_column-9069d26c2269f9d\"><div class=\"vc_column-inner\"><div class=\"wpb_wrapper\"><\/div><\/div><\/div><\/div>\r\n<\/div>[\/vc_column][\/vc_row]<\/p>\n[vc_row][vc_column]<div class=\"templatera_shortcode\"><div class=\"vc_row wpb_row vc_row-fluid mpc-row\"><div class=\"wpb_column vc_column_container vc_col-sm-12 mpc-column\" data-column-id=\"mpc_column-9369d26c226becc\"><div class=\"vc_column-inner\"><div class=\"wpb_wrapper\"><div data-id=\"mpc_callout-7169d26c226abfc\" class=\"mpc-callout mpc-init mpc-callout--style_1 \"><div class=\"mpc-callout__icon-wrap mpc-icon--image\"><div class=\"mpc-callout__icon\"><i class=\"mpc-transition \"><img decoding=\"async\" class=\"\" src=\"https:\/\/www.le-vpn.com\/es\/wp-content\/uploads\/2025\/09\/exclusive-deal.png\" width=\"100\" height=\"100\" alt=\"exclusive-deal\" title=\"exclusive-deal\" loading=\"lazy\"><\/i><\/div><\/div><div class=\"mpc-callout__content\"><h3 class=\"mpc-callout__heading mpc-typography--preset_1\">OFERTA EXCLUSIVA<\/h3><div data-id=\"mpc_divider-2569d26c226ac8f\" class=\"mpc-divider-wrap\"><div class=\"mpc-divider mpc-init mpc-align--center mpc-disable--left \"><div class=\"mpc-divider__line mpc-side--left\"><span><\/span><\/div><div class=\"mpc-divider__line mpc-side--right\"><span><\/span><\/div><\/div><\/div><div class=\"mpc-callout__description mpc-typography--preset_0\"><p style=\"padding-right: 20px;\">-78% EN PLANES DE 3 A&Ntilde;OS<\/p>\n<\/div><\/div><div class=\"mpc-callout__button\"><a href=\"https:\/\/www.le-vpn.com\/es\/comprar-vpn\/\" title=\"\" data-id=\"mpc_button-8469d26c226ac58\" class=\"mpc-button mpc-init mpc-transition mpc-typography--preset_1 \"><div class=\"mpc-button__content mpc-effect-type--none mpc-effect-side--none\"><span class=\"mpc-button__title mpc-transition\">APROVECHA<\/span><\/div><div class=\"mpc-button__background mpc-transition mpc-effect-type--fade mpc-effect-side--in\"><\/div><\/a><\/div><\/div><div class=\"vc_row wpb_row vc_inner vc_row-fluid mpc-row\"><div class=\"wpb_column vc_column_container vc_col-sm-3 mpc-column\" data-column-id=\"mpc_column-7269d26c226b08a\"><div class=\"vc_column-inner\"><div class=\"wpb_wrapper\">\n\t<div class=\"wpb_raw_code wpb_raw_html wpb_content_element vc_custom_1619037373801\">\n\t\t<div class=\"wpb_wrapper\">\n\t\t\t<p style=\"font-size:12px;color:#444;margin-left:10px;\"><svg width=\"16\" style=\"vertical-align: -10%;margin-right:10px;\" xmlns=\"http:\/\/www.w3.org\/2000\/svg\" viewbox=\"0 0 81.68 81.67\"><defs><style>.cls-1{fill:#7ec58e;}.cls-2{fill:#fff;}<\/style><\/defs><path class=\"cls-1\" d=\"M40.84,0A40.84,40.84,0,1,0,81.68,40.84,40.83,40.83,0,0,0,40.84,0Z\"><\/path><g id=\"done\"><g id=\"check-circle-outline\"><polygon class=\"cls-2\" points=\"18.69 39.75 13.55 44.89 30.07 61.41 66.79 24.69 61.65 19.55 30.07 51.13 18.69 39.75\"><\/polygon><\/g><\/g><\/svg>SIN REGISTROS<\/p>\n\t\t<\/div>\n\t<\/div>\n\n\t<div class=\"wpb_raw_code wpb_raw_html wpb_content_element vc_custom_1646323796922\">\n\t\t<div class=\"wpb_wrapper\">\n\t\t\t<p style=\"font-size:12px;color:#444;margin-left:10px;\"><svg width=\"16\" style=\"vertical-align: -10%;margin-right:10px;\" xmlns=\"http:\/\/www.w3.org\/2000\/svg\" viewbox=\"0 0 81.68 81.67\"><defs><style>.cls-1{fill:#7ec58e;}.cls-2{fill:#fff;}<\/style><\/defs><path class=\"cls-1\" d=\"M40.84,0A40.84,40.84,0,1,0,81.68,40.84,40.83,40.83,0,0,0,40.84,0Z\"><\/path><g id=\"done\"><g id=\"check-circle-outline\"><polygon class=\"cls-2\" points=\"18.69 39.75 13.55 44.89 30.07 61.41 66.79 24.69 61.65 19.55 30.07 51.13 18.69 39.75\"><\/polygon><\/g><\/g><\/svg>SERVIDORES EN 100 UBICACIONES<\/p>\n\t\t<\/div>\n\t<\/div>\n<\/div><\/div><\/div><div class=\"wpb_column vc_column_container vc_col-sm-3 mpc-column\" data-column-id=\"mpc_column-1269d26c226b3b7\"><div class=\"vc_column-inner\"><div class=\"wpb_wrapper\">\n\t<div class=\"wpb_raw_code wpb_raw_html wpb_content_element vc_custom_1619037390158\">\n\t\t<div class=\"wpb_wrapper\">\n\t\t\t<p style=\"font-size:12px;color:#444;text-transform: uppercase;margin-left:10px;\"><svg width=\"16\" style=\"vertical-align: -10%;margin-right:10px;\" xmlns=\"http:\/\/www.w3.org\/2000\/svg\" viewbox=\"0 0 81.68 81.67\"><defs><style>.cls-1{fill:#7ec58e;}.cls-2{fill:#fff;}<\/style><\/defs><path class=\"cls-1\" d=\"M40.84,0A40.84,40.84,0,1,0,81.68,40.84,40.83,40.83,0,0,0,40.84,0Z\"><\/path><g id=\"done\"><g id=\"check-circle-outline\"><polygon class=\"cls-2\" points=\"18.69 39.75 13.55 44.89 30.07 61.41 66.79 24.69 61.65 19.55 30.07 51.13 18.69 39.75\"><\/polygon><\/g><\/g><\/svg>P2P PERMITIDO<\/p>\n\t\t<\/div>\n\t<\/div>\n\n\t<div class=\"wpb_raw_code wpb_raw_html wpb_content_element vc_custom_1619037398008\">\n\t\t<div class=\"wpb_wrapper\">\n\t\t\t<p style=\"font-size:12px;color:#444;text-transform: uppercase;margin-left:10px;\"><svg width=\"16\" style=\"vertical-align: -10%;margin-right:10px;\" xmlns=\"http:\/\/www.w3.org\/2000\/svg\" viewbox=\"0 0 81.68 81.67\"><defs><style>.cls-1{fill:#7ec58e;}.cls-2{fill:#fff;}<\/style><\/defs><path class=\"cls-1\" d=\"M40.84,0A40.84,40.84,0,1,0,81.68,40.84,40.83,40.83,0,0,0,40.84,0Z\"><\/path><g id=\"done\"><g id=\"check-circle-outline\"><polygon class=\"cls-2\" points=\"18.69 39.75 13.55 44.89 30.07 61.41 66.79 24.69 61.65 19.55 30.07 51.13 18.69 39.75\"><\/polygon><\/g><\/g><\/svg>F&Aacute;CIL DE USAR<\/p>\n\t\t<\/div>\n\t<\/div>\n<\/div><\/div><\/div><div class=\"wpb_column vc_column_container vc_col-sm-3 mpc-column\" data-column-id=\"mpc_column-6169d26c226b699\"><div class=\"vc_column-inner\"><div class=\"wpb_wrapper\">\n\t<div class=\"wpb_raw_code wpb_raw_html wpb_content_element vc_custom_1622662058202\">\n\t\t<div class=\"wpb_wrapper\">\n\t\t\t<p style=\"font-size:12px;color:#444;text-transform: uppercase;margin-left:10px;\"><svg width=\"16\" style=\"vertical-align: -10%;margin-right:10px;\" xmlns=\"http:\/\/www.w3.org\/2000\/svg\" viewbox=\"0 0 81.68 81.67\"><defs><style>.cls-1{fill:#7ec58e;}.cls-2{fill:#fff;}<\/style><\/defs><path class=\"cls-1\" d=\"M40.84,0A40.84,40.84,0,1,0,81.68,40.84,40.83,40.83,0,0,0,40.84,0Z\"><\/path><g id=\"done\"><g id=\"check-circle-outline\"><polygon class=\"cls-2\" points=\"18.69 39.75 13.55 44.89 30.07 61.41 66.79 24.69 61.65 19.55 30.07 51.13 18.69 39.75\"><\/polygon><\/g><\/g><\/svg>30 D&Iacute;AS DE GARANT&Iacute;A<\/p>\n\t\t<\/div>\n\t<\/div>\n\n\t<div class=\"wpb_raw_code wpb_raw_html wpb_content_element vc_custom_1619037416990\">\n\t\t<div class=\"wpb_wrapper\">\n\t\t\t<p style=\"font-size:12px;color:#444;text-transform: uppercase;margin-left:10px;\"><svg width=\"16\" style=\"vertical-align: -10%;margin-right:10px;\" xmlns=\"http:\/\/www.w3.org\/2000\/svg\" viewbox=\"0 0 81.68 81.67\"><defs><style>.cls-1{fill:#7ec58e;}.cls-2{fill:#fff;}<\/style><\/defs><path class=\"cls-1\" d=\"M40.84,0A40.84,40.84,0,1,0,81.68,40.84,40.83,40.83,0,0,0,40.84,0Z\"><\/path><g id=\"done\"><g id=\"check-circle-outline\"><polygon class=\"cls-2\" points=\"18.69 39.75 13.55 44.89 30.07 61.41 66.79 24.69 61.65 19.55 30.07 51.13 18.69 39.75\"><\/polygon><\/g><\/g><\/svg>SOPORTE AMABLE<\/p>\n\t\t<\/div>\n\t<\/div>\n<\/div><\/div><\/div><div class=\"wpb_column vc_column_container vc_col-sm-3 mpc-column\" data-column-id=\"mpc_column-4069d26c226b949\"><div class=\"vc_column-inner\"><div class=\"wpb_wrapper\">\n\t<div class=\"wpb_raw_code wpb_raw_html wpb_content_element vc_custom_1619037425450\">\n\t\t<div class=\"wpb_wrapper\">\n\t\t\t<p style=\"font-size:12px;color:#444;text-transform: uppercase;margin-left:10px;\"><svg width=\"16\" style=\"vertical-align: -10%;margin-right:10px;\" xmlns=\"http:\/\/www.w3.org\/2000\/svg\" viewbox=\"0 0 81.68 81.67\"><defs><style>.cls-1{fill:#7ec58e;}.cls-2{fill:#fff;}<\/style><\/defs><path class=\"cls-1\" d=\"M40.84,0A40.84,40.84,0,1,0,81.68,40.84,40.83,40.83,0,0,0,40.84,0Z\"><\/path><g id=\"done\"><g id=\"check-circle-outline\"><polygon class=\"cls-2\" points=\"18.69 39.75 13.55 44.89 30.07 61.41 66.79 24.69 61.65 19.55 30.07 51.13 18.69 39.75\"><\/polygon><\/g><\/g><\/svg>ACEPTA BITCOIN<\/p>\n\t\t<\/div>\n\t<\/div>\n\n\t<div class=\"wpb_raw_code wpb_raw_html wpb_content_element vc_custom_1619037434475\">\n\t\t<div class=\"wpb_wrapper\">\n\t\t\t<p style=\"font-size:11px;color:#444;text-transform: uppercase;margin-left:10px;\"><svg width=\"16\" style=\"vertical-align: -10%;margin-right:10px;\" xmlns=\"http:\/\/www.w3.org\/2000\/svg\" viewbox=\"0 0 81.68 81.67\"><defs><style>.cls-1{fill:#7ec58e;}.cls-2{fill:#fff;}<\/style><\/defs><path class=\"cls-1\" d=\"M40.84,0A40.84,40.84,0,1,0,81.68,40.84,40.83,40.83,0,0,0,40.84,0Z\"><\/path><g id=\"done\"><g id=\"check-circle-outline\"><polygon class=\"cls-2\" points=\"18.69 39.75 13.55 44.89 30.07 61.41 66.79 24.69 61.65 19.55 30.07 51.13 18.69 39.75\"><\/polygon><\/g><\/g><\/svg>VELOCIDADES ULTRA VELOCES<\/p>\n\t\t<\/div>\n\t<\/div>\n<\/div><\/div><\/div><\/div><\/div><\/div><\/div><\/div><div class=\"vc_row wpb_row vc_row-fluid mpc-row\"><div class=\"wpb_column vc_column_container vc_col-sm-12 mpc-column\" data-column-id=\"mpc_column-2969d26c226c675\"><div class=\"vc_column-inner\"><div class=\"wpb_wrapper\"><\/div><\/div><\/div><\/div>\r\n<\/div>[\/vc_column][\/vc_row]<\/div>","protected":false},"excerpt":{"rendered":"<p>OFERTA EXCLUSIVA-78% EN PLANES DE 3 A&Ntilde;OS APROVECHA SIN REGISTROS SERVIDORES EN 100 UBICACIONES P2P PERMITIDO F&Aacute;CIL DE USAR 30 D&Iacute;AS DE GARANT&Iacute;A SOPORTE AMABLE ACEPTA BITCOIN VELOCIDADES ULTRA VELOCES<\/p>\n","protected":false},"author":6,"featured_media":0,"parent":0,"menu_order":0,"comment_status":"closed","ping_status":"open","template":"","meta":{"footnotes":""},"yst_prominent_words":[4470,6003,852,740,3669,3063,5441,5445,2931,703,2932,5440,3062,2930,6004,3056,3650,5448,5449,6002],"class_list":["post-7338","page","type-page","status-publish","hentry"],"_links":{"self":[{"href":"https:\/\/www.le-vpn.com\/es\/wp-json\/wp\/v2\/pages\/7338","targetHints":{"allow":["GET"]}}],"collection":[{"href":"https:\/\/www.le-vpn.com\/es\/wp-json\/wp\/v2\/pages"}],"about":[{"href":"https:\/\/www.le-vpn.com\/es\/wp-json\/wp\/v2\/types\/page"}],"author":[{"embeddable":true,"href":"https:\/\/www.le-vpn.com\/es\/wp-json\/wp\/v2\/users\/6"}],"replies":[{"embeddable":true,"href":"https:\/\/www.le-vpn.com\/es\/wp-json\/wp\/v2\/comments?post=7338"}],"version-history":[{"count":8,"href":"https:\/\/www.le-vpn.com\/es\/wp-json\/wp\/v2\/pages\/7338\/revisions"}],"predecessor-version":[{"id":11642,"href":"https:\/\/www.le-vpn.com\/es\/wp-json\/wp\/v2\/pages\/7338\/revisions\/11642"}],"wp:attachment":[{"href":"https:\/\/www.le-vpn.com\/es\/wp-json\/wp\/v2\/media?parent=7338"}],"wp:term":[{"taxonomy":"yst_prominent_words","embeddable":true,"href":"https:\/\/www.le-vpn.com\/es\/wp-json\/wp\/v2\/yst_prominent_words?post=7338"}],"curies":[{"name":"wp","href":"https:\/\/api.w.org\/{rel}","templated":true}]}}